{"id":32003,"date":"2023-10-31T10:07:53","date_gmt":"2023-10-31T07:07:53","guid":{"rendered":"https:\/\/cy-realty.com\/gizlilik-politikasi\/"},"modified":"2023-10-31T10:07:53","modified_gmt":"2023-10-31T07:07:53","slug":"gizlilik-politikasi","status":"publish","type":"page","link":"https:\/\/cy-realty.com\/tr\/gizlilik-politikasi\/","title":{"rendered":"Gizlilik Politikas\u0131"},"content":{"rendered":"<p>Bu Gizlilik Politikas\u0131, K\u0131br\u0131s Emlak ekibinin http:\/\/cy-realty.com\/ adresinden eri\u015filebilen web sitesinin (&#8220;Site&#8221;) ziyaret\u00e7ilerinden ve kullan\u0131c\u0131lar\u0131ndan (her biri bir &#8220;Kullan\u0131c\u0131&#8221;) toplanan bilgileri toplama, kullanma, muhafaza etme ve if\u015fa etme \u015feklini d\u00fczenler. Bu gizlilik politikas\u0131 Site ve Cyprus Real Estate ekibi taraf\u0131ndan sunulan t\u00fcm \u00fcr\u00fcn ve hizmetler i\u00e7in ge\u00e7erlidir. Temel \u00f6nceliklerimizden biri ziyaret\u00e7ilerimizin ve kullan\u0131c\u0131lar\u0131m\u0131z\u0131n gizlili\u011fidir. Ek sorular\u0131n\u0131z varsa veya Gizlilik Politikam\u0131z hakk\u0131nda daha fazla bilgiye ihtiyac\u0131n\u0131z varsa, bizimle ileti\u015fime ge\u00e7mekten \u00e7ekinmeyin.<\/p>\n<p><span style=\"font-family: georgia, palatino, serif; font-size: 18pt;\"><strong>Genel Veri Koruma Y\u00f6netmeli\u011fi (GDPR)<\/strong><\/span><\/p>\n<p>Bilgilerinizin Veri Denetleyicisiyiz.<\/p>\n<p>K\u0131br\u0131s Emlak ekibi olarak bu Gizlilik Politikas\u0131nda a\u00e7\u0131klanan ki\u015fisel bilgileri toplamak ve kullanmak i\u00e7in yasal dayana\u011f\u0131m\u0131z, toplad\u0131\u011f\u0131m\u0131z Ki\u015fisel Bilgilere ve bilgileri toplad\u0131\u011f\u0131m\u0131z \u00f6zel ba\u011flama ba\u011fl\u0131d\u0131r:<\/p>\n<ul>\n<li>K\u0131br\u0131s Emlak&#8217;\u0131n sizinle bir s\u00f6zle\u015fme yapmas\u0131 gerekiyor<\/li>\n<li>K\u0131br\u0131s Emlak&#8217;a bunu yapmas\u0131 i\u00e7in izin verdiniz<\/li>\n<li>Ki\u015fisel bilgilerinizin i\u015flenmesi Cyprus Real Estate&#8217;in me\u015fru menfaatlerine uygundur<\/li>\n<li>K\u0131br\u0131s&#8217;ta Gayrimenkul\u00fcn Yasalara Uymas\u0131 Gerekiyor<\/li>\n<\/ul>\n<p>Cyprus Real Estate, ki\u015fisel bilgilerinizi yaln\u0131zca bu Gizlilik Politikas\u0131nda belirtilen ama\u00e7lar i\u00e7in gerekli oldu\u011fu s\u00fcrece saklayacakt\u0131r. Bilgilerinizi yasal y\u00fck\u00fcml\u00fcl\u00fcklerimize uymak, anla\u015fmazl\u0131klar\u0131 \u00e7\u00f6zmek ve politikalar\u0131m\u0131z\u0131 uygulamak i\u00e7in gerekli oldu\u011fu \u00f6l\u00e7\u00fcde saklayacak ve kullanaca\u011f\u0131z.<\/p>\n<p>Avrupa Ekonomik Alan\u0131&#8217;nda (EEA) ikamet ediyorsan\u0131z, belirli veri koruma haklar\u0131na sahipsiniz. Hakk\u0131n\u0131zda hangi Ki\u015fisel Bilgileri tuttu\u011fumuzdan haberdar olmak ve bunlar\u0131n sistemlerimizden kald\u0131r\u0131lmas\u0131n\u0131 istiyorsan\u0131z, l\u00fctfen bizimle ileti\u015fime ge\u00e7in.<\/p>\n<p>Belirli durumlarda, a\u015fa\u011f\u0131daki veri koruma haklar\u0131na sahipsiniz:<\/p>\n<ul>\n<li>Hakk\u0131n\u0131zda sahip oldu\u011fumuz bilgilere eri\u015fme, bunlar\u0131 g\u00fcncelleme veya silme hakk\u0131<\/li>\n<li>D\u00fczeltme hakk\u0131<\/li>\n<li>\u0130tiraz etme hakk\u0131<\/li>\n<li>K\u0131s\u0131tlama hakk\u0131<\/li>\n<li>Veri ta\u015f\u0131nabilirli\u011fi hakk\u0131<\/li>\n<li>Onay\u0131 geri \u00e7ekme hakk\u0131<\/li>\n<\/ul>\n<p><span style=\"font-size: 18pt; font-family: georgia, palatino, serif;\"><strong>Ki\u015fisel kimlik bilgileri<\/strong><\/span><\/p>\n<p>Sitemizde kullan\u0131ma sundu\u011fumuz faaliyetler, hizmetler, \u00f6zellikler veya kaynaklarla ba\u011flant\u0131l\u0131 olarak Kullan\u0131c\u0131lardan \u00e7e\u015fitli \u015fekillerde ki\u015fisel kimlik bilgileri toplayabiliriz. Kullan\u0131c\u0131lar Sitemizi anonim olarak ziyaret edebilir. Kullan\u0131c\u0131lardan ki\u015fisel kimlik bilgilerini yaln\u0131zca bu bilgileri bize g\u00f6n\u00fcll\u00fc olarak g\u00f6ndermeleri halinde toplayaca\u011f\u0131z. Kullan\u0131c\u0131lar, Site ile ilgili belirli faaliyetlere kat\u0131lmalar\u0131n\u0131 engelleyebilece\u011fi durumlar d\u0131\u015f\u0131nda, ki\u015fisel kimlik bilgilerini vermeyi her zaman reddedebilirler.<\/p>\n<p><span style=\"font-family: georgia, palatino, serif; font-size: 18pt;\"><strong>Ki\u015fisel olmayan kimlik bilgileri<\/strong><\/span><\/p>\n<p>Sitemizle etkile\u015fime ge\u00e7tiklerinde Kullan\u0131c\u0131lar hakk\u0131nda ki\u015fisel olmayan kimlik bilgileri toplayabiliriz. Ki\u015fisel olmayan kimlik bilgileri, taray\u0131c\u0131 ad\u0131, bilgisayar t\u00fcr\u00fc ve i\u015fletim sistemi ve kullan\u0131lan \u0130nternet servis sa\u011flay\u0131c\u0131lar\u0131 ve di\u011fer benzer bilgiler gibi Kullan\u0131c\u0131lar\u0131n Sitemize ba\u011flant\u0131 ara\u00e7lar\u0131 hakk\u0131nda teknik bilgileri i\u00e7erebilir.<\/p>\n<p><span style=\"font-size: 18pt; font-family: georgia, palatino, serif;\"><strong>\u00c7ocuk Bilgileri<\/strong><\/span><\/p>\n<p>\u00d6nceli\u011fimizin bir di\u011fer par\u00e7as\u0131 da internet kullan\u0131m\u0131 s\u0131ras\u0131nda \u00e7ocuklar i\u00e7in koruma sa\u011flamakt\u0131r. Ebeveynleri ve velileri \u00e7ocuklar\u0131n \u00e7evrimi\u00e7i faaliyetlerini g\u00f6zlemlemeye, bunlara kat\u0131lmaya ve\/veya izlemeye ve y\u00f6nlendirmeye te\u015fvik ediyoruz.<\/p>\n<p>K\u0131br\u0131s Emlak ekibi, 13 ya\u015f\u0131n alt\u0131ndaki \u00e7ocuklardan bilerek herhangi bir Ki\u015fisel Tan\u0131mlanabilir Bilgi toplamaz. \u00c7ocu\u011funuzun web sitemizde bu t\u00fcr bilgiler verdi\u011fini d\u00fc\u015f\u00fcn\u00fcyorsan\u0131z, derhal bizimle ileti\u015fime ge\u00e7menizi \u00f6nemle tavsiye ederiz ve bu t\u00fcr bilgileri kay\u0131tlar\u0131m\u0131zdan derhal kald\u0131rmak i\u00e7in elimizden geleni yapaca\u011f\u0131z.<\/p>\n<p><span style=\"font-family: georgia, palatino, serif; font-size: 18pt;\"><strong>G\u00fcnl\u00fck Dosyalar\u0131<\/strong><\/span><\/p>\n<p>K\u0131br\u0131s Emlak ekibi log dosyalar\u0131n\u0131 kullanmak i\u00e7in standart bir prosed\u00fcr izlemektedir. Bu dosyalar ziyaret\u00e7ilerin web sitelerini ziyaret ettiklerinde kay\u0131tlar\u0131n\u0131 tutar. T\u00fcm bar\u0131nd\u0131rma \u015firketleri bunu yapar ve bar\u0131nd\u0131rma hizmetlerinin analizlerinin bir par\u00e7as\u0131d\u0131r. G\u00fcnl\u00fck dosyalar\u0131 taraf\u0131ndan toplanan bilgiler aras\u0131nda internet protokol\u00fc (IP) adresleri, taray\u0131c\u0131 t\u00fcr\u00fc, \u0130nternet Servis Sa\u011flay\u0131c\u0131s\u0131 (ISP), tarih ve saat damgas\u0131, y\u00f6nlendirme\/\u00e7\u0131k\u0131\u015f sayfalar\u0131 ve muhtemelen t\u0131klama say\u0131s\u0131 bulunur. Bunlar ki\u015fisel olarak tan\u0131mlanabilir herhangi bir bilgi ile ba\u011flant\u0131l\u0131 de\u011fildir. Bilgilerin amac\u0131, e\u011filimleri analiz etmek, siteyi y\u00f6netmek, kullan\u0131c\u0131lar\u0131n web sitesindeki hareketlerini izlemek ve demografik bilgi toplamakt\u0131r.<\/p>\n<p><span style=\"font-size: 18pt; font-family: georgia, palatino, serif;\"><strong>Web taray\u0131c\u0131s\u0131 \u00e7erezleri<\/strong><\/span><\/p>\n<p>Di\u011fer t\u00fcm web siteleri gibi Sitemiz de Kullan\u0131c\u0131 deneyimini geli\u015ftirmek i\u00e7in &#8220;\u00e7erezler&#8221; kullanabilir. Kullan\u0131c\u0131n\u0131n web taray\u0131c\u0131s\u0131, kay\u0131t tutma amac\u0131yla ve bazen kendileri hakk\u0131ndaki bilgileri izlemek i\u00e7in sabit disklerine \u00e7erezler yerle\u015ftirir. Kullan\u0131c\u0131, web taray\u0131c\u0131s\u0131n\u0131 \u00e7erezleri reddedecek veya \u00e7erezler g\u00f6nderildi\u011finde sizi uyaracak \u015fekilde ayarlamay\u0131 se\u00e7ebilir. Bunu yaparlarsa, Sitenin baz\u0131 b\u00f6l\u00fcmlerinin d\u00fczg\u00fcn \u00e7al\u0131\u015fmayabilece\u011fini unutmay\u0131n.<\/p>\n<p>Bu \u00e7erezler, ziyaret\u00e7ilerin tercihleri ve ziyaret\u00e7inin web sitesinde eri\u015fti\u011fi veya ziyaret etti\u011fi sayfalar dahil olmak \u00fczere bilgileri saklamak i\u00e7in kullan\u0131l\u0131r. Bu bilgiler, web sayfas\u0131 i\u00e7eri\u011fimizi ziyaret\u00e7ilerin taray\u0131c\u0131 t\u00fcr\u00fcne ve\/veya di\u011fer bilgilerine g\u00f6re \u00f6zelle\u015ftirerek kullan\u0131c\u0131lar\u0131n deneyimini optimize etmek i\u00e7in kullan\u0131l\u0131r.<\/p>\n<p><span style=\"font-size: 18pt; font-family: georgia, palatino, serif;\"><strong>Google DoubleClick DART \u00c7erezi<\/strong><\/span><\/p>\n<p>Google, sitemizdeki \u00fc\u00e7\u00fcnc\u00fc taraf sat\u0131c\u0131lardan biridir. Ayr\u0131ca, www.website.com ve internetteki di\u011fer siteleri ziyaretlerine dayal\u0131 olarak site ziyaret\u00e7ilerimize reklamlar sunmak i\u00e7in DART \u00e7erezleri olarak bilinen \u00e7erezleri kullan\u0131r. Ancak ziyaret\u00e7iler, a\u015fa\u011f\u0131daki URL&#8217;de yer alan Google reklam ve i\u00e7erik a\u011f\u0131 Gizlilik Politikas\u0131n\u0131 ziyaret ederek DART \u00e7erezlerinin kullan\u0131m\u0131n\u0131 reddetmeyi se\u00e7ebilirler &#8211; https:\/\/policies.google.com\/technologies\/ads<\/p>\n<p><span style=\"font-size: 18pt; font-family: georgia, palatino, serif;\"><strong>Reklam Ortaklar\u0131m\u0131z<\/strong><\/span><\/p>\n<p>Sitemizdeki baz\u0131 reklamverenler \u00e7erezler ve web i\u015faret\u00e7ileri kullanabilir. Reklam ortaklar\u0131m\u0131z a\u015fa\u011f\u0131da listelenmi\u015ftir. Reklam ortaklar\u0131m\u0131z\u0131n her birinin, kullan\u0131c\u0131 verilerine ili\u015fkin politikalar\u0131 i\u00e7in kendi Gizlilik Politikas\u0131 vard\u0131r. Daha kolay eri\u015fim i\u00e7in, a\u015fa\u011f\u0131da Gizlilik Politikalar\u0131na k\u00f6pr\u00fc olu\u015fturduk.<\/p>\n<ul>\n<li>Google: <a href=\"https:\/\/policies.google.com\/privacy\" target=\"_blank\" rel=\"noopener\">https:\/\/policies.google.com\/privacy<\/a><\/li>\n<\/ul>\n<p><span style=\"font-family: georgia, palatino, serif; font-size: 18pt;\"><strong>Gizlilik Politikalar\u0131<\/strong><\/span><\/p>\n<p>Cyprus Real Estate&#8217;in reklam ortaklar\u0131n\u0131n her birinin Gizlilik Politikas\u0131n\u0131 bulmak i\u00e7in bu listeye ba\u015fvurabilirsiniz.<\/p>\n<p>\u00dc\u00e7\u00fcnc\u00fc taraf reklam sunucular\u0131 veya reklam a\u011flar\u0131, Cyprus Real Estate&#8217;te g\u00f6r\u00fcnen ve do\u011frudan kullan\u0131c\u0131lar\u0131n taray\u0131c\u0131s\u0131na g\u00f6nderilen ilgili reklamlar\u0131nda ve ba\u011flant\u0131lar\u0131nda kullan\u0131lan \u00e7erezler, JavaScript veya Web \u0130\u015faret\u00e7ileri gibi teknolojileri kullan\u0131r. Bu ger\u00e7ekle\u015fti\u011finde IP adresinizi otomatik olarak al\u0131rlar. Bu teknolojiler, reklam kampanyalar\u0131n\u0131n etkinli\u011fini \u00f6l\u00e7mek ve\/veya ziyaret etti\u011finiz web sitelerinde g\u00f6rd\u00fc\u011f\u00fcn\u00fcz reklam i\u00e7eri\u011fini ki\u015fiselle\u015ftirmek i\u00e7in kullan\u0131l\u0131r.<\/p>\n<p>K\u0131br\u0131s Emlak ekibinin \u00fc\u00e7\u00fcnc\u00fc taraf reklamc\u0131lar taraf\u0131ndan kullan\u0131lan bu \u00e7erezlere eri\u015fimi veya kontrol\u00fc olmad\u0131\u011f\u0131n\u0131 unutmay\u0131n.<\/p>\n<p><span style=\"font-family: georgia, palatino, serif; font-size: 18pt;\"><strong>\u00dc\u00e7\u00fcnc\u00fc Taraf Gizlilik Politikalar\u0131<\/strong><\/span><\/p>\n<p>Cyprus Real Estate Gizlilik Politikas\u0131 di\u011fer reklam verenler veya web siteleri i\u00e7in ge\u00e7erli de\u011fildir. Bu nedenle, daha ayr\u0131nt\u0131l\u0131 bilgi i\u00e7in bu \u00fc\u00e7\u00fcnc\u00fc taraf reklam sunucular\u0131n\u0131n ilgili Gizlilik Politikalar\u0131na ba\u015fvurman\u0131z\u0131 tavsiye ederiz. Uygulamalar\u0131n\u0131 ve belirli se\u00e7eneklerden nas\u0131l vazge\u00e7ilece\u011fine ili\u015fkin talimatlar\u0131 i\u00e7erebilir.<\/p>\n<p>Bireysel taray\u0131c\u0131 se\u00e7enekleriniz arac\u0131l\u0131\u011f\u0131yla \u00e7erezleri devre d\u0131\u015f\u0131 b\u0131rakmay\u0131 se\u00e7ebilirsiniz. Belirli web taray\u0131c\u0131lar\u0131 ile \u00e7erez y\u00f6netimi hakk\u0131nda daha ayr\u0131nt\u0131l\u0131 bilgi edinmek i\u00e7in, taray\u0131c\u0131lar\u0131n ilgili web sitelerinde bulunabilir.<\/p>\n<p><span style=\"font-size: 18pt; font-family: georgia, palatino, serif;\"><strong>Bilgilerinizi nas\u0131l koruyoruz<\/strong><\/span><\/p>\n<p>Ki\u015fisel bilgilerinize, kullan\u0131c\u0131 ad\u0131n\u0131za, \u015fifrenize, i\u015flem bilgilerinize ve Sitemizde depolanan verilere yetkisiz eri\u015fime, bunlar\u0131n de\u011fi\u015ftirilmesine, if\u015fa edilmesine veya imha edilmesine kar\u015f\u0131 koruma sa\u011flamak i\u00e7in uygun veri toplama, depolama ve i\u015fleme uygulamalar\u0131 ve g\u00fcvenlik \u00f6nlemleri benimsiyoruz.<\/p>\n<p><span style=\"font-size: 18pt; font-family: georgia, palatino, serif;\"><strong>Ki\u015fisel bilgilerinizi payla\u015fma<\/strong><\/span><\/p>\n<p>Ziyaret\u00e7inin veya Kullan\u0131c\u0131lar\u0131n ki\u015fisel kimlik bilgilerini ba\u015fkalar\u0131na satmay\u0131z, takas etmeyiz veya kiralamay\u0131z. Ziyaret\u00e7iler ve kullan\u0131c\u0131larla ilgili herhangi bir ki\u015fisel kimlik bilgisiyle ba\u011flant\u0131l\u0131 olmayan genel toplu demografik bilgileri, yukar\u0131da belirtilen ama\u00e7lar do\u011frultusunda i\u015f ortaklar\u0131m\u0131z, g\u00fcvenilir i\u015ftiraklerimiz ve reklamc\u0131lar\u0131m\u0131zla payla\u015fabiliriz.<\/p>\n<p><span style=\"font-family: georgia, palatino, serif; font-size: 18pt;\"><strong>Bu gizlilik politikas\u0131ndaki de\u011fi\u015fiklikler<\/strong><\/span><\/p>\n<p>Bu gizlilik politikas\u0131n\u0131 istedi\u011fimiz zaman g\u00fcncelleme yetkisine sahibiz. Bunu yapt\u0131\u011f\u0131m\u0131zda, g\u00fcncellenen tarihi bu sayfan\u0131n alt\u0131nda revize edece\u011fiz. Kullan\u0131c\u0131lar\u0131, toplad\u0131\u011f\u0131m\u0131z ki\u015fisel bilgilerin korunmas\u0131na nas\u0131l yard\u0131mc\u0131 oldu\u011fumuz hakk\u0131nda bilgi sahibi olmak i\u00e7in bu sayfay\u0131 herhangi bir de\u011fi\u015fiklik i\u00e7in s\u0131k s\u0131k kontrol etmeye te\u015fvik ediyoruz. Bu gizlilik politikas\u0131n\u0131 periyodik olarak g\u00f6zden ge\u00e7irmenin ve de\u011fi\u015fikliklerden haberdar olman\u0131n sizin sorumlulu\u011funuzda oldu\u011funu kabul ve beyan edersiniz.<\/p>\n<p><span style=\"font-size: 18pt; font-family: georgia, palatino, serif;\"><strong>Yaln\u0131zca \u00c7evrimi\u00e7i Gizlilik Politikas\u0131<\/strong><\/span><\/p>\n<p>Gizlilik Politikam\u0131z sadece \u00e7evrimi\u00e7i faaliyetlerimiz i\u00e7in ge\u00e7erlidir ve K\u0131br\u0131s Emlak&#8217;ta payla\u015ft\u0131klar\u0131 ve\/veya toplad\u0131klar\u0131 bilgilerle ilgili olarak web sitemizi ziyaret edenler i\u00e7in ge\u00e7erlidir. Bu politika, \u00e7evrimd\u0131\u015f\u0131 olarak veya bu web sitesi d\u0131\u015f\u0131ndaki kanallar arac\u0131l\u0131\u011f\u0131yla toplanan bilgiler i\u00e7in ge\u00e7erli de\u011fildir.<\/p>\n<p><span style=\"font-family: georgia, palatino, serif; font-size: 18pt;\"><strong>Bu \u015fartlar\u0131 kabul etmeniz<\/strong><\/span><\/p>\n<p>Bu Siteyi kullanarak, bu politikay\u0131 kabul etti\u011finizi belirtmi\u015f olursunuz. Bu politikay\u0131 kabul etmiyorsan\u0131z, l\u00fctfen Sitemizi kullanmay\u0131n. Bu politikada yap\u0131lan de\u011fi\u015fikliklerin yay\u0131nlanmas\u0131n\u0131n ard\u0131ndan Siteyi kullanmaya devam etmeniz, bu de\u011fi\u015fiklikleri kabul etti\u011finiz anlam\u0131na gelecektir.<\/p>\n","protected":false},"excerpt":{"rendered":"<p>Bu Gizlilik Politikas\u0131, K\u0131br\u0131s Emlak ekibinin http:\/\/cy-realty.com\/ adresinden eri\u015filebilen web sitesinin (&#8220;Site&#8221;) ziyaret\u00e7ilerinden ve kullan\u0131c\u0131lar\u0131ndan (her biri bir &#8220;Kullan\u0131c\u0131&#8221;) toplanan bilgileri toplama, kullanma, muhafaza etme ve if\u015fa etme \u015feklini d\u00fczenler. Bu gizlilik politikas\u0131 Site ve Cyprus Real Estate ekibi taraf\u0131ndan sunulan t\u00fcm \u00fcr\u00fcn ve hizmetler i\u00e7in ge\u00e7erlidir. Temel \u00f6nceliklerimizden biri ziyaret\u00e7ilerimizin ve kullan\u0131c\u0131lar\u0131m\u0131z\u0131n gizlili\u011fidir. Ek sorular\u0131n\u0131z varsa veya Gizlilik Politikam\u0131z hakk\u0131nda daha fazla bilgiye &#8230;<\/p>\n","protected":false},"author":1,"featured_media":0,"parent":0,"menu_order":0,"comment_status":"closed","ping_status":"closed","template":"gdpr_terms.php","meta":{"inline_featured_image":false,"footnotes":""},"class_list":["post-32003","page","type-page","status-publish","hentry"],"_links":{"self":[{"href":"https:\/\/cy-realty.com\/tr\/wp-json\/wp\/v2\/pages\/32003","targetHints":{"allow":["GET"]}}],"collection":[{"href":"https:\/\/cy-realty.com\/tr\/wp-json\/wp\/v2\/pages"}],"about":[{"href":"https:\/\/cy-realty.com\/tr\/wp-json\/wp\/v2\/types\/page"}],"author":[{"embeddable":true,"href":"https:\/\/cy-realty.com\/tr\/wp-json\/wp\/v2\/users\/1"}],"replies":[{"embeddable":true,"href":"https:\/\/cy-realty.com\/tr\/wp-json\/wp\/v2\/comments?post=32003"}],"version-history":[{"count":0,"href":"https:\/\/cy-realty.com\/tr\/wp-json\/wp\/v2\/pages\/32003\/revisions"}],"wp:attachment":[{"href":"https:\/\/cy-realty.com\/tr\/wp-json\/wp\/v2\/media?parent=32003"}],"curies":[{"name":"wp","href":"https:\/\/api.w.org\/{rel}","templated":true}]}}