{"id":31396,"date":"2023-11-13T21:45:09","date_gmt":"2023-11-13T18:45:09","guid":{"rendered":"https:\/\/cy-realty.com\/cyprus-real-estate-agent\/"},"modified":"2024-04-07T14:31:41","modified_gmt":"2024-04-07T11:31:41","slug":"kibris-emlak-acentesi","status":"publish","type":"page","link":"https:\/\/cy-realty.com\/tr\/kibris-emlak-acentesi\/","title":{"rendered":"K\u0131br\u0131s&#8217;taki Ki\u015fisel Emlak Dan\u0131\u015fman\u0131n\u0131zla Tan\u0131\u015f\u0131n"},"content":{"rendered":"<p>\u00d6z\u00fcm\u00fczde, kendimizi sadece bir emlak acentesi olarak de\u011fil, K\u0131br\u0131s evleri ve dairelerinin \u00e7e\u015fitli teklifleri aras\u0131nda ki\u015fisel navigat\u00f6r\u00fcn\u00fcz olarak g\u00f6r\u00fcyoruz. M\u00fc\u015fteri odakl\u0131 butik bir firman\u0131n ki\u015fiselle\u015ftirilmi\u015f ilgisiyle birlikte b\u00fcy\u00fck bir oyuncudan bekleyece\u011finiz geni\u015f te\u015fhir, bilgi ve uzmanl\u0131\u011f\u0131n getirdi\u011fi avantajlardan yararlanmak i\u00e7in bizimle \u00e7al\u0131\u015f\u0131n.<\/p>\n<p>K\u0131br\u0131s&#8217;ta bir m\u00fclk sat\u0131n almak veya kiralamak i\u00e7in pazarda m\u0131s\u0131n\u0131z? Cyprus Residence ile m\u00fckemmel yerinizi bulmak basit ve kullan\u0131c\u0131 dostudur. \u0130deal villan\u0131z\u0131, \u015fehir evinizi veya dairenizi belirlemek i\u00e7in \u00f6zel co\u011frafi konum haritalama arac\u0131m\u0131z\u0131 kullan\u0131n ve do\u011frudan sahipleriyle ileti\u015fim kurun. Hayallerinizdeki evi dakikalar i\u00e7inde ke\u015ffetmenize yard\u0131mc\u0131 olmak i\u00e7in buraday\u0131z.<\/p>\n<p>Ka\u00e7\u0131rmay\u0131n &#8211; bize bug\u00fcn telefon veya WhatsApp arac\u0131l\u0131\u011f\u0131yla ula\u015f\u0131n veya web sitemizin geri bildirim formu arac\u0131l\u0131\u011f\u0131yla sorunuzu g\u00f6nderin. K\u0131br\u0131s emlak d\u00fcnyas\u0131ndaki g\u00fcvenilir temsilciniz, hayalinizi ger\u00e7e\u011fe d\u00f6n\u00fc\u015ft\u00fcrmek i\u00e7in bekliyor<\/p>\n","protected":false},"excerpt":{"rendered":"<p>\u00d6z\u00fcm\u00fczde, kendimizi sadece bir emlak acentesi olarak de\u011fil, K\u0131br\u0131s evleri ve dairelerinin \u00e7e\u015fitli teklifleri aras\u0131nda ki\u015fisel navigat\u00f6r\u00fcn\u00fcz olarak g\u00f6r\u00fcyoruz. M\u00fc\u015fteri odakl\u0131 butik bir firman\u0131n ki\u015fiselle\u015ftirilmi\u015f ilgisiyle birlikte b\u00fcy\u00fck bir oyuncudan bekleyece\u011finiz geni\u015f te\u015fhir, bilgi ve uzmanl\u0131\u011f\u0131n getirdi\u011fi avantajlardan yararlanmak i\u00e7in bizimle \u00e7al\u0131\u015f\u0131n. K\u0131br\u0131s&#8217;ta bir m\u00fclk sat\u0131n almak veya kiralamak i\u00e7in pazarda m\u0131s\u0131n\u0131z? Cyprus Residence ile m\u00fckemmel yerinizi bulmak basit ve kullan\u0131c\u0131 dostudur. \u0130deal villan\u0131z\u0131, &#8230;<\/p>\n","protected":false},"author":1,"featured_media":0,"parent":0,"menu_order":0,"comment_status":"open","ping_status":"closed","template":"agents_list.php","meta":{"inline_featured_image":false,"footnotes":""},"class_list":["post-31396","page","type-page","status-publish","hentry"],"_links":{"self":[{"href":"https:\/\/cy-realty.com\/tr\/wp-json\/wp\/v2\/pages\/31396","targetHints":{"allow":["GET"]}}],"collection":[{"href":"https:\/\/cy-realty.com\/tr\/wp-json\/wp\/v2\/pages"}],"about":[{"href":"https:\/\/cy-realty.com\/tr\/wp-json\/wp\/v2\/types\/page"}],"author":[{"embeddable":true,"href":"https:\/\/cy-realty.com\/tr\/wp-json\/wp\/v2\/users\/1"}],"replies":[{"embeddable":true,"href":"https:\/\/cy-realty.com\/tr\/wp-json\/wp\/v2\/comments?post=31396"}],"version-history":[{"count":0,"href":"https:\/\/cy-realty.com\/tr\/wp-json\/wp\/v2\/pages\/31396\/revisions"}],"wp:attachment":[{"href":"https:\/\/cy-realty.com\/tr\/wp-json\/wp\/v2\/media?parent=31396"}],"curies":[{"name":"wp","href":"https:\/\/api.w.org\/{rel}","templated":true}]}}