{"id":31052,"date":"2023-11-02T14:46:48","date_gmt":"2023-11-02T11:46:48","guid":{"rendered":"https:\/\/cy-realty.com\/kibrista-gayrimenkul-satin-alin\/"},"modified":"2024-05-22T14:51:45","modified_gmt":"2024-05-22T11:51:45","slug":"kibrista-gayrimenkul-satin-alin","status":"publish","type":"page","link":"https:\/\/cy-realty.com\/tr\/kibrista-gayrimenkul-satin-alin\/","title":{"rendered":"K\u0131br\u0131s&#8217;ta Gayrimenkul Sat\u0131n Al\u0131n"},"content":{"rendered":"\t\t<div data-elementor-type=\"wp-page\" data-elementor-id=\"31052\" class=\"elementor elementor-31052 elementor-93\">\n\t\t\t\t<div class=\"elementor-element elementor-element-44210b86 e-flex e-con-boxed e-con e-parent\" data-id=\"44210b86\" data-element_type=\"container\">\n\t\t\t\t\t<div class=\"e-con-inner\">\n\t\t\t\t<div class=\"elementor-element elementor-element-6a929663 elementor-widget elementor-widget-text-editor\" data-id=\"6a929663\" data-element_type=\"widget\" data-widget_type=\"text-editor.default\">\n\t\t\t\t<div class=\"elementor-widget-container\">\n\t\t\t\t\t\t\t\n<p><span style=\"font-family: georgia, palatino, serif; font-size: 12pt; color: #333333;\">K\u0131br\u0131s&#8217;ta, her biri Akdeniz k\u0131y\u0131s\u0131nda yer alan huzurlu bir cennet olan enfes bir dizi m\u00fclk\u00fc g\u00f6zler \u00f6n\u00fcne serin. Portf\u00f6y\u00fcm\u00fczde yat\u0131r\u0131m veya sakin bir ya\u015fam tarz\u0131 i\u00e7in ideal olan se\u00e7kin konumlar bulunmaktad\u0131r. Masmavi sular\u0131n ve modern l\u00fcks\u00fcn birle\u015fti\u011fi bu g\u00fcne\u015fin \u00f6pt\u00fc\u011f\u00fc adada bir cennet dilimi sat\u0131n al\u0131n. \u0130ster deniz k\u0131y\u0131s\u0131nda rahat daireler, ister geni\u015f deniz manzaral\u0131 g\u00f6steri\u015fli villalar ar\u0131yor olun, tekliflerimiz hem Kuzey hem de G\u00fcney K\u0131br\u0131s&#8217;\u0131 kapsamaktad\u0131r. Size \u00f6zel emlak acenteniz olarak, geni\u015f bir se\u00e7im yelpazesi ve kapsaml\u0131 i\u015flem deste\u011fi sa\u011fl\u0131yoruz. K\u0131br\u0131s cennetinden bir par\u00e7a sat\u0131n almaya haz\u0131r m\u0131s\u0131n\u0131z? Hedefinize do\u011fru bir ad\u0131m at\u0131n &#8211; K\u0131br\u0131s&#8217;ta m\u00fclk edinme hakk\u0131nda daha fazla bilgi edinmek i\u00e7in hemen bizimle ileti\u015fime ge\u00e7in.<\/span><\/p>\n\t\t\t\t\t\t<\/div>\n\t\t\t\t<\/div>\n\t\t\t\t\t<\/div>\n\t\t\t\t<\/div>\n\t\t\t\t<\/div>\n\t\t","protected":false},"excerpt":{"rendered":"<p>K\u0131br\u0131s&#8217;ta, her biri Akdeniz k\u0131y\u0131s\u0131nda yer alan huzurlu bir cennet olan enfes bir dizi m\u00fclk\u00fc g\u00f6zler \u00f6n\u00fcne serin. Portf\u00f6y\u00fcm\u00fczde yat\u0131r\u0131m veya sakin bir ya\u015fam tarz\u0131 i\u00e7in ideal olan se\u00e7kin konumlar bulunmaktad\u0131r. Masmavi sular\u0131n ve modern l\u00fcks\u00fcn birle\u015fti\u011fi bu g\u00fcne\u015fin \u00f6pt\u00fc\u011f\u00fc adada bir cennet dilimi sat\u0131n al\u0131n. \u0130ster deniz k\u0131y\u0131s\u0131nda rahat daireler, ister geni\u015f deniz manzaral\u0131 g\u00f6steri\u015fli villalar ar\u0131yor olun, tekliflerimiz hem Kuzey hem de &#8230;<\/p>\n","protected":false},"author":1,"featured_media":0,"parent":0,"menu_order":0,"comment_status":"open","ping_status":"closed","template":"property_list.php","meta":{"inline_featured_image":false,"footnotes":""},"class_list":["post-31052","page","type-page","status-publish","hentry"],"_links":{"self":[{"href":"https:\/\/cy-realty.com\/tr\/wp-json\/wp\/v2\/pages\/31052","targetHints":{"allow":["GET"]}}],"collection":[{"href":"https:\/\/cy-realty.com\/tr\/wp-json\/wp\/v2\/pages"}],"about":[{"href":"https:\/\/cy-realty.com\/tr\/wp-json\/wp\/v2\/types\/page"}],"author":[{"embeddable":true,"href":"https:\/\/cy-realty.com\/tr\/wp-json\/wp\/v2\/users\/1"}],"replies":[{"embeddable":true,"href":"https:\/\/cy-realty.com\/tr\/wp-json\/wp\/v2\/comments?post=31052"}],"version-history":[{"count":0,"href":"https:\/\/cy-realty.com\/tr\/wp-json\/wp\/v2\/pages\/31052\/revisions"}],"wp:attachment":[{"href":"https:\/\/cy-realty.com\/tr\/wp-json\/wp\/v2\/media?parent=31052"}],"curies":[{"name":"wp","href":"https:\/\/api.w.org\/{rel}","templated":true}]}}