{"id":31041,"date":"2015-02-19T09:48:19","date_gmt":"2015-02-19T06:48:19","guid":{"rendered":"https:\/\/cy-realty.com\/bize-ulasin\/"},"modified":"2026-03-30T22:16:21","modified_gmt":"2026-03-30T19:16:21","slug":"bize-ulasin","status":"publish","type":"page","link":"https:\/\/cy-realty.com\/tr\/bize-ulasin\/","title":{"rendered":"Bize Ula\u015f\u0131n"},"content":{"rendered":"\t\t<div data-elementor-type=\"wp-page\" data-elementor-id=\"31041\" class=\"elementor elementor-31041 elementor-5707\">\n\t\t\t\t<div class=\"elementor-element elementor-element-70e47b02 e-flex e-con-boxed e-con e-parent\" data-id=\"70e47b02\" data-element_type=\"container\">\n\t\t\t\t\t<div class=\"e-con-inner\">\n\t\t\t\t<div class=\"elementor-element elementor-element-30e0a11d elementor-widget elementor-widget-text-editor\" data-id=\"30e0a11d\" data-element_type=\"widget\" data-widget_type=\"text-editor.default\">\n\t\t\t\t<div class=\"elementor-widget-container\">\n\t\t\t\t\t\t\t<p>\nHangi t\u00fcr <strong>K\u0131br\u0131s\u2019ta gayrimenkul<\/strong> arad\u0131\u011f\u0131n\u0131z\u0131 bize bildirin. B\u00fct\u00e7enize, tercih etti\u011finiz lokasyona ve sat\u0131n alma hedeflerinize g\u00f6re size uygun se\u00e7enekler haz\u0131rlayaca\u011f\u0131z.\n<\/p>\n\n<ul>\n<li><strong>K\u0131br\u0131s\u2019ta sat\u0131l\u0131k daireler<\/strong> \u2013 denize yak\u0131n ve resort projelerde modern ya\u015fam alanlar\u0131<\/li>\n\n<li><strong>K\u0131br\u0131s\u2019ta sat\u0131l\u0131k villalar<\/strong> \u2013 bah\u00e7eli, havuzlu ve deniz manzaral\u0131 \u00f6zel konutlar<\/li>\n\n<li><strong>K\u0131br\u0131s\u2019ta penthouse daireler<\/strong> \u2013 geni\u015f terasl\u0131 ve panoramik manzaral\u0131 \u00e7at\u0131 kat\u0131 rezidanslar<\/li>\n<\/ul>\n\n<p>\nBir\u00e7ok uluslararas\u0131 al\u0131c\u0131, \u0130skele, Esentepe ve Girne gibi sahil b\u00f6lgelerinde gayrimenkul aramaktad\u0131r.\n<\/p>\n\n<p>\nHemen bizimle ileti\u015fime ge\u00e7in veya talebinizi g\u00f6nderin \u2014 size h\u0131zl\u0131ca uygun K\u0131br\u0131s gayrimenkul se\u00e7enekleri sunal\u0131m.\n<\/p>\t\t\t\t\t\t<\/div>\n\t\t\t\t<\/div>\n\t\t\t\t\t<\/div>\n\t\t\t\t<\/div>\n\t\t\t\t<\/div>\n\t\t","protected":false},"excerpt":{"rendered":"<p>Hangi t\u00fcr K\u0131br\u0131s\u2019ta gayrimenkul arad\u0131\u011f\u0131n\u0131z\u0131 bize bildirin. B\u00fct\u00e7enize, tercih etti\u011finiz lokasyona ve sat\u0131n alma hedeflerinize g\u00f6re size uygun se\u00e7enekler haz\u0131rlayaca\u011f\u0131z. K\u0131br\u0131s\u2019ta sat\u0131l\u0131k daireler \u2013 denize yak\u0131n ve resort projelerde modern ya\u015fam alanlar\u0131 K\u0131br\u0131s\u2019ta sat\u0131l\u0131k villalar \u2013 bah\u00e7eli, havuzlu ve deniz manzaral\u0131 \u00f6zel konutlar K\u0131br\u0131s\u2019ta penthouse daireler \u2013 geni\u015f terasl\u0131 ve panoramik manzaral\u0131 \u00e7at\u0131 kat\u0131 rezidanslar Bir\u00e7ok uluslararas\u0131 al\u0131c\u0131, \u0130skele, Esentepe ve Girne gibi sahil &#8230;<\/p>\n","protected":false},"author":1,"featured_media":0,"parent":0,"menu_order":0,"comment_status":"open","ping_status":"closed","template":"contact_page.php","meta":{"inline_featured_image":false,"footnotes":""},"class_list":["post-31041","page","type-page","status-publish","hentry"],"_links":{"self":[{"href":"https:\/\/cy-realty.com\/tr\/wp-json\/wp\/v2\/pages\/31041","targetHints":{"allow":["GET"]}}],"collection":[{"href":"https:\/\/cy-realty.com\/tr\/wp-json\/wp\/v2\/pages"}],"about":[{"href":"https:\/\/cy-realty.com\/tr\/wp-json\/wp\/v2\/types\/page"}],"author":[{"embeddable":true,"href":"https:\/\/cy-realty.com\/tr\/wp-json\/wp\/v2\/users\/1"}],"replies":[{"embeddable":true,"href":"https:\/\/cy-realty.com\/tr\/wp-json\/wp\/v2\/comments?post=31041"}],"version-history":[{"count":3,"href":"https:\/\/cy-realty.com\/tr\/wp-json\/wp\/v2\/pages\/31041\/revisions"}],"predecessor-version":[{"id":38440,"href":"https:\/\/cy-realty.com\/tr\/wp-json\/wp\/v2\/pages\/31041\/revisions\/38440"}],"wp:attachment":[{"href":"https:\/\/cy-realty.com\/tr\/wp-json\/wp\/v2\/media?parent=31041"}],"curies":[{"name":"wp","href":"https:\/\/api.w.org\/{rel}","templated":true}]}}