{"id":32826,"date":"2024-05-01T00:52:33","date_gmt":"2024-04-30T21:52:33","guid":{"rendered":"https:\/\/cy-realty.com\/nieruchomosci-do-wynajecia-na-cyprze-polnocnym\/"},"modified":"2024-05-09T15:25:55","modified_gmt":"2024-05-09T12:25:55","slug":"nieruchomosci-do-wynajecia-na-cyprze-polnocnym","status":"publish","type":"page","link":"https:\/\/cy-realty.com\/pl\/nieruchomosci-do-wynajecia-na-cyprze-polnocnym\/","title":{"rendered":"Nieruchomo\u015bci do wynaj\u0119cia na Cyprze P\u00f3\u0142nocnym"},"content":{"rendered":"\n<p>Szukasz dom\u00f3w do wynaj\u0119cia na Cyprze P\u00f3\u0142nocnym? Nie szukaj dalej! Nasi agenci nieruchomo\u015bci specjalizuj\u0105 si\u0119 w wynajmie na Cyprze P\u00f3\u0142nocnym, oferuj\u0105c szerok\u0105 gam\u0119 opcji, w tym apartamenty do d\u0142ugoterminowego wynajmu na Cyprze P\u00f3\u0142nocnym. Niezale\u017cnie od tego, czy szukasz apartamentu typu studio na Cyprze P\u00f3\u0142nocnym, czy willi do wynaj\u0119cia w Famagu\u015bcie lub Iskele, mamy dla Ciebie wszystko. Odkryj swoj\u0105 idealn\u0105 nieruchomo\u015b\u0107 do wynaj\u0119cia w Long Beach przez w\u0142a\u015bcicieli ju\u017c dzi\u015b!<\/p>\n","protected":false},"excerpt":{"rendered":"<p>Szukasz dom\u00f3w do wynaj\u0119cia na Cyprze P\u00f3\u0142nocnym? Nie szukaj dalej! Nasi agenci nieruchomo\u015bci specjalizuj\u0105 si\u0119 w wynajmie na Cyprze P\u00f3\u0142nocnym, oferuj\u0105c szerok\u0105 gam\u0119 opcji, w tym apartamenty do d\u0142ugoterminowego wynajmu na Cyprze P\u00f3\u0142nocnym. Niezale\u017cnie od tego, czy szukasz apartamentu typu studio na Cyprze P\u00f3\u0142nocnym, czy willi do wynaj\u0119cia w Famagu\u015bcie lub Iskele, mamy dla Ciebie wszystko. Odkryj swoj\u0105 idealn\u0105 nieruchomo\u015b\u0107 do wynaj\u0119cia w Long &#8230;<\/p>\n","protected":false},"author":1,"featured_media":0,"parent":0,"menu_order":0,"comment_status":"open","ping_status":"closed","template":"property_list.php","meta":{"inline_featured_image":false,"footnotes":""},"class_list":["post-32826","page","type-page","status-publish","hentry"],"_links":{"self":[{"href":"https:\/\/cy-realty.com\/pl\/wp-json\/wp\/v2\/pages\/32826","targetHints":{"allow":["GET"]}}],"collection":[{"href":"https:\/\/cy-realty.com\/pl\/wp-json\/wp\/v2\/pages"}],"about":[{"href":"https:\/\/cy-realty.com\/pl\/wp-json\/wp\/v2\/types\/page"}],"author":[{"embeddable":true,"href":"https:\/\/cy-realty.com\/pl\/wp-json\/wp\/v2\/users\/1"}],"replies":[{"embeddable":true,"href":"https:\/\/cy-realty.com\/pl\/wp-json\/wp\/v2\/comments?post=32826"}],"version-history":[{"count":0,"href":"https:\/\/cy-realty.com\/pl\/wp-json\/wp\/v2\/pages\/32826\/revisions"}],"wp:attachment":[{"href":"https:\/\/cy-realty.com\/pl\/wp-json\/wp\/v2\/media?parent=32826"}],"curies":[{"name":"wp","href":"https:\/\/api.w.org\/{rel}","templated":true}]}}