{"id":30257,"date":"2023-12-07T19:30:06","date_gmt":"2023-12-07T16:30:06","guid":{"rendered":"https:\/\/cy-realty.com\/immobilien-in-paphos-zum-verkauf\/"},"modified":"2026-03-29T02:07:32","modified_gmt":"2026-03-28T23:07:32","slug":"nieruchomosci-pafos-na-sprzedaz","status":"publish","type":"page","link":"https:\/\/cy-realty.com\/pl\/nieruchomosci-pafos-na-sprzedaz\/","title":{"rendered":"Nieruchomo\u015bci na sprzeda\u017c w Pafos"},"content":{"rendered":"\n<div class=\"landing-hero\">\n<h2 class=\"landing-hero-title\">Jak wybra\u0107 nieruchomo\u015bci w Pafos nad morzem?<\/h2>\n\n<p class=\"landing-hero-text\">\n<strong>Nieruchomo\u015bci w Pafos<\/strong> to jeden z najcz\u0119\u015bciej wybieranych kierunk\u00f3w dla kupuj\u0105cych, kt\u00f3rzy chc\u0105 po\u0142\u0105czy\u0107 styl \u017cycia nad Morzem \u015ar\u00f3dziemnym z bezpiecznym rynkiem nieruchomo\u015bci. Region na po\u0142udniowym wybrze\u017cu Cypru oferuje stabilne warunki oraz szeroki wyb\u00f3r inwestycji blisko morza.\n<\/p>\n\n<p class=\"landing-hero-text\">\nZakup nieruchomo\u015bci w Pafos wybieraj\u0105 zar\u00f3wno osoby szukaj\u0105ce miejsca do \u017cycia, jak i inwestorzy zainteresowani wynajmem lub nieruchomo\u015bciami wakacyjnymi. W por\u00f3wnaniu do bardziej dynamicznych rynk\u00f3w, takich jak Limassol, Pafos oferuje spokojniejszy charakter i ugruntowan\u0105 struktur\u0119 rynku.\n<\/p>\n\n<p class=\"landing-hero-text\">\nNajwi\u0119kszym zainteresowaniem ciesz\u0105 si\u0119 <a href=\"\/pl\/apartamenty-na-sprzedaz-cypr\/\"><strong>apartamenty na Cyprze nad morzem<\/strong><\/a> oraz <a href=\"\/pl\/wille-na-sprzedaz-cypr\/\"><strong>wille na Cyprze w spokojnych lokalizacjach<\/strong><\/a>. Wielu kupuj\u0105cych analizuje r\u00f3wnie\u017c <a href=\"\/pl\/ceny-nieruchomosci-na-cyprze\/\"><strong>ceny nieruchomo\u015bci na Cyprze<\/strong><\/a> oraz <a href=\"\/pl\/zwrot-z-najmu-nieruchomosci-na-cyprze\/\"><strong>zwrot z najmu nieruchomo\u015bci<\/strong><\/a> przed podj\u0119ciem decyzji.\n<\/p>\n\n<p class=\"landing-hero-text\">\nNieruchomo\u015bci w Pafos s\u0105 wybierane przez klient\u00f3w, kt\u00f3rzy ceni\u0105 dost\u0119p do morza, stabilno\u015b\u0107 rynku oraz bardziej mi\u0119dzynarodowy charakter regionu.\n<\/p>\n\n<p class=\"landing-hero-text\">\nSprawd\u017a r\u00f3wnie\u017c <a href=\"\/pl\/nieruchomosci-limassol-na-sprzedaz\/\"><strong>nieruchomo\u015bci w Limassol<\/strong><\/a> oraz <a href=\"\/pl\/nieruchomosci-larnaka-na-sprzedaz\/\"><strong>nieruchomo\u015bci w Larnace<\/strong><\/a>, aby por\u00f3wna\u0107 r\u00f3\u017cne regiony Cypru.\n<\/p>\n\n<div class=\"inv-cta\">\n<a class=\"inv-btn inv-btn-primary\" href=\"\/pl\/zorganizowana-wizyta-nieruchomosci-cypr\/\">Zaplanuj wizyt\u0119 nieruchomo\u015bci<\/a>\n<a class=\"inv-btn inv-btn-ghost\" href=\"https:\/\/wa.me\/905488556751\" target=\"_blank\" rel=\"noopener\">WhatsApp (Szybki kontakt)<\/a>\n<\/div>\n\n<div class=\"landing-search-links\">\nPopularne wyszukiwania:\n<a href=\"\/pl\/nieruchomosci-na-sprzedaz-cypr\/\"><strong>Nieruchomo\u015bci Cypr sprzeda\u017c<\/strong><\/a> \n<a href=\"\/pl\/nieruchomosci-cypr-regiony\/\"><strong>Regiony nieruchomo\u015bci Cypr por\u00f3wnanie<\/strong><\/a>\n<a href=\"\/pl\/nieruchomosci-limassol-na-sprzedaz\/\"><strong>Nieruchomo\u015bci Limassol<\/strong><\/a>\n<a href=\"\/pl\/nieruchomosci-larnaka-na-sprzedaz\/\"><strong>Nieruchomo\u015bci Larnaka<\/strong><\/a>\n<a href=\"\/pl\/apartamenty-na-sprzedaz-cypr\/\"><strong>Apartamenty Cypr sprzeda\u017c<\/strong><\/a>\n<a href=\"\/pl\/wille-na-sprzedaz-cypr\/\"><strong>Wille Cypr sprzeda\u017c<\/strong><\/a>\n<a href=\"\/pl\/ceny-nieruchomosci-na-cyprze\/\"><strong>Ceny nieruchomo\u015bci Cypr<\/strong><\/a>\n<a href=\"\/pl\/zwrot-z-najmu-nieruchomosci-na-cyprze\/\"><strong>Zwrot z najmu nieruchomo\u015bci<\/strong><\/a>\n<\/div>\n\n<\/div>\n","protected":false},"excerpt":{"rendered":"<p>Jak wybra\u0107 nieruchomo\u015bci w Pafos nad morzem? Nieruchomo\u015bci w Pafos to jeden z najcz\u0119\u015bciej wybieranych kierunk\u00f3w dla kupuj\u0105cych, kt\u00f3rzy chc\u0105 po\u0142\u0105czy\u0107 styl \u017cycia nad Morzem \u015ar\u00f3dziemnym z bezpiecznym rynkiem nieruchomo\u015bci. Region na po\u0142udniowym wybrze\u017cu Cypru oferuje stabilne warunki oraz szeroki wyb\u00f3r inwestycji blisko morza. Zakup nieruchomo\u015bci w Pafos wybieraj\u0105 zar\u00f3wno osoby szukaj\u0105ce miejsca do \u017cycia, jak i inwestorzy zainteresowani wynajmem lub nieruchomo\u015bciami wakacyjnymi. W &#8230;<\/p>\n","protected":false},"author":1,"featured_media":0,"parent":0,"menu_order":0,"comment_status":"closed","ping_status":"closed","template":"property_list.php","meta":{"inline_featured_image":false,"footnotes":""},"class_list":["post-30257","page","type-page","status-publish","hentry"],"_links":{"self":[{"href":"https:\/\/cy-realty.com\/pl\/wp-json\/wp\/v2\/pages\/30257","targetHints":{"allow":["GET"]}}],"collection":[{"href":"https:\/\/cy-realty.com\/pl\/wp-json\/wp\/v2\/pages"}],"about":[{"href":"https:\/\/cy-realty.com\/pl\/wp-json\/wp\/v2\/types\/page"}],"author":[{"embeddable":true,"href":"https:\/\/cy-realty.com\/pl\/wp-json\/wp\/v2\/users\/1"}],"replies":[{"embeddable":true,"href":"https:\/\/cy-realty.com\/pl\/wp-json\/wp\/v2\/comments?post=30257"}],"version-history":[{"count":4,"href":"https:\/\/cy-realty.com\/pl\/wp-json\/wp\/v2\/pages\/30257\/revisions"}],"predecessor-version":[{"id":38327,"href":"https:\/\/cy-realty.com\/pl\/wp-json\/wp\/v2\/pages\/30257\/revisions\/38327"}],"wp:attachment":[{"href":"https:\/\/cy-realty.com\/pl\/wp-json\/wp\/v2\/media?parent=30257"}],"curies":[{"name":"wp","href":"https:\/\/api.w.org\/{rel}","templated":true}]}}