{"id":27893,"date":"2023-11-02T15:20:06","date_gmt":"2023-11-02T12:20:06","guid":{"rendered":"https:\/\/cy-realty.com\/nieruchomosci-na-cyprze\/"},"modified":"2023-11-02T23:37:09","modified_gmt":"2023-11-02T20:37:09","slug":"nieruchomosci-na-cyprze","status":"publish","type":"page","link":"https:\/\/cy-realty.com\/pl\/nieruchomosci-na-cyprze\/","title":{"rendered":"Nieruchomo\u015bci na Cyprze"},"content":{"rendered":"\n<p>Tutaj mo\u017cesz znale\u017a\u0107 sw\u00f3j dom w Ciprus<\/p>\n","protected":false},"excerpt":{"rendered":"<p>Tutaj mo\u017cesz znale\u017a\u0107 sw\u00f3j dom w Ciprus<\/p>\n","protected":false},"author":1,"featured_media":0,"parent":0,"menu_order":0,"comment_status":"closed","ping_status":"closed","template":"property_list.php","meta":{"inline_featured_image":false,"footnotes":""},"class_list":["post-27893","page","type-page","status-publish","hentry"],"_links":{"self":[{"href":"https:\/\/cy-realty.com\/pl\/wp-json\/wp\/v2\/pages\/27893","targetHints":{"allow":["GET"]}}],"collection":[{"href":"https:\/\/cy-realty.com\/pl\/wp-json\/wp\/v2\/pages"}],"about":[{"href":"https:\/\/cy-realty.com\/pl\/wp-json\/wp\/v2\/types\/page"}],"author":[{"embeddable":true,"href":"https:\/\/cy-realty.com\/pl\/wp-json\/wp\/v2\/users\/1"}],"replies":[{"embeddable":true,"href":"https:\/\/cy-realty.com\/pl\/wp-json\/wp\/v2\/comments?post=27893"}],"version-history":[{"count":0,"href":"https:\/\/cy-realty.com\/pl\/wp-json\/wp\/v2\/pages\/27893\/revisions"}],"wp:attachment":[{"href":"https:\/\/cy-realty.com\/pl\/wp-json\/wp\/v2\/media?parent=27893"}],"curies":[{"name":"wp","href":"https:\/\/api.w.org\/{rel}","templated":true}]}}