{"id":25069,"date":"2023-10-04T22:24:41","date_gmt":"2023-10-04T19:24:41","guid":{"rendered":"https:\/\/cy-realty.com\/cypr-polnocny\/"},"modified":"2023-10-18T19:09:14","modified_gmt":"2023-10-18T16:09:14","slug":"cypr-polnocny","status":"publish","type":"page","link":"https:\/\/cy-realty.com\/pl\/cypr-polnocny\/","title":{"rendered":"Cypr P\u00f3\u0142nocny"},"content":{"rendered":"\n<p>Cypr P\u00f3\u0142nocny jest obecnie jednym z atrakcyjnych miejsc na \u015bwiecie do zakupu nieruchomo\u015bci.<\/p>\n\n<div class=\"wp-block-jetpack-contact-form\">\n\n<\/div>\n","protected":false},"excerpt":{"rendered":"<p>Cypr P\u00f3\u0142nocny jest obecnie jednym z atrakcyjnych miejsc na \u015bwiecie do zakupu nieruchomo\u015bci.<\/p>\n","protected":false},"author":1,"featured_media":0,"parent":0,"menu_order":0,"comment_status":"closed","ping_status":"closed","template":"property_list_half.php","meta":{"inline_featured_image":false,"footnotes":""},"class_list":["post-25069","page","type-page","status-publish","hentry"],"_links":{"self":[{"href":"https:\/\/cy-realty.com\/pl\/wp-json\/wp\/v2\/pages\/25069","targetHints":{"allow":["GET"]}}],"collection":[{"href":"https:\/\/cy-realty.com\/pl\/wp-json\/wp\/v2\/pages"}],"about":[{"href":"https:\/\/cy-realty.com\/pl\/wp-json\/wp\/v2\/types\/page"}],"author":[{"embeddable":true,"href":"https:\/\/cy-realty.com\/pl\/wp-json\/wp\/v2\/users\/1"}],"replies":[{"embeddable":true,"href":"https:\/\/cy-realty.com\/pl\/wp-json\/wp\/v2\/comments?post=25069"}],"version-history":[{"count":0,"href":"https:\/\/cy-realty.com\/pl\/wp-json\/wp\/v2\/pages\/25069\/revisions"}],"wp:attachment":[{"href":"https:\/\/cy-realty.com\/pl\/wp-json\/wp\/v2\/media?parent=25069"}],"curies":[{"name":"wp","href":"https:\/\/api.w.org\/{rel}","templated":true}]}}