{"id":25023,"date":"2023-10-31T10:07:53","date_gmt":"2023-10-31T07:07:53","guid":{"rendered":"https:\/\/cy-realty.com\/polityka-prywatnosci-2\/"},"modified":"2023-10-31T10:32:03","modified_gmt":"2023-10-31T07:32:03","slug":"polityka-prywatnosci-2","status":"publish","type":"page","link":"https:\/\/cy-realty.com\/pl\/polityka-prywatnosci-2\/","title":{"rendered":"Polityka prywatno\u015bci"},"content":{"rendered":"<p>Niniejsza Polityka prywatno\u015bci reguluje spos\u00f3b, w jaki zesp\u00f3\u0142 Cyprus Real Estate gromadzi, wykorzystuje, utrzymuje i ujawnia informacje zebrane od odwiedzaj\u0105cych i u\u017cytkownik\u00f3w (zwanych dalej &#8222;U\u017cytkownikiem&#8221;) witryny internetowej (&#8222;Witryna&#8221;) dost\u0119pnej pod adresem http:\/\/cy-realty.com\/. Niniejsza polityka prywatno\u015bci dotyczy Witryny oraz wszystkich produkt\u00f3w i us\u0142ug oferowanych przez zesp\u00f3\u0142 Cyprus Real Estate. Jednym z naszych g\u0142\u00f3wnych priorytet\u00f3w jest prywatno\u015b\u0107 odwiedzaj\u0105cych i u\u017cytkownik\u00f3w. Je\u015bli masz dodatkowe pytania lub potrzebujesz wi\u0119cej informacji na temat naszej Polityki prywatno\u015bci, nie wahaj si\u0119 z nami skontaktowa\u0107.<\/p>\n<p><span style=\"font-family: georgia, palatino, serif; font-size: 18pt;\"><strong>Og\u00f3lne rozporz\u0105dzenie o ochronie danych (RODO)<\/strong><\/span><\/p>\n<p>Jeste\u015bmy administratorem danych osobowych u\u017cytkownik\u00f3w.<\/p>\n<p>Podstawa prawna gromadzenia i wykorzystywania przez Cyprus Real Estate Team danych osobowych opisanych w niniejszej Polityce prywatno\u015bci zale\u017cy od gromadzonych przez nas danych osobowych i konkretnego kontekstu, w kt\u00f3rym je gromadzimy:<\/p>\n<ul>\n<li>Cyprus Real Estate musi zawrze\u0107 umow\u0119 z u\u017cytkownikiem<\/li>\n<li>U\u017cytkownik wyrazi\u0142 na to zgod\u0119 Cyprus Real Estate<\/li>\n<li>Przetwarzanie danych osobowych u\u017cytkownika le\u017cy w uzasadnionym interesie Cyprus Real Estate<\/li>\n<li>Cypryjskie nieruchomo\u015bci musz\u0105 by\u0107 zgodne z prawem<\/li>\n<\/ul>\n<p>Cyprus Real Estate b\u0119dzie przechowywa\u0107 dane osobowe u\u017cytkownika tylko tak d\u0142ugo, jak b\u0119dzie to konieczne do cel\u00f3w okre\u015blonych w niniejszej Polityce prywatno\u015bci. B\u0119dziemy przechowywa\u0107 i wykorzystywa\u0107 dane u\u017cytkownika w zakresie niezb\u0119dnym do wype\u0142nienia naszych zobowi\u0105za\u0144 prawnych, rozstrzygania spor\u00f3w i egzekwowania naszych zasad.<\/p>\n<p>Je\u015bli u\u017cytkownik jest rezydentem Europejskiego Obszaru Gospodarczego (EOG), przys\u0142uguj\u0105 mu pewne prawa do ochrony danych. Je\u015bli u\u017cytkownik chce uzyska\u0107 informacje na temat przechowywanych przez nas jego danych osobowych i chce, aby zosta\u0142y one usuni\u0119te z naszych system\u00f3w, prosimy o kontakt.<\/p>\n<p>W pewnych okoliczno\u015bciach u\u017cytkownikowi przys\u0142uguj\u0105 nast\u0119puj\u0105ce prawa do ochrony danych:<\/p>\n<ul>\n<li>Prawo do dost\u0119pu, aktualizacji lub usuni\u0119cia informacji, kt\u00f3re posiadamy na temat u\u017cytkownika<\/li>\n<li>Prawo do sprostowania<\/li>\n<li>Prawo do sprzeciwu<\/li>\n<li>Prawo do ogranicze\u0144<\/li>\n<li>Prawo do przenoszenia danych<\/li>\n<li>Prawo do wycofania zgody<\/li>\n<\/ul>\n<p><span style=\"font-size: 18pt; font-family: georgia, palatino, serif;\"><strong>Osobiste informacje identyfikacyjne<\/strong><\/span><\/p>\n<p>Mo\u017cemy zbiera\u0107 dane osobowe od U\u017cytkownik\u00f3w na r\u00f3\u017cne sposoby w zwi\u0105zku z dzia\u0142aniami, us\u0142ugami, funkcjami lub zasobami, kt\u00f3re udost\u0119pniamy w naszej Witrynie. U\u017cytkownicy mog\u0105 odwiedza\u0107 nasz\u0105 Witryn\u0119 anonimowo. B\u0119dziemy zbiera\u0107 dane osobowe od U\u017cytkownik\u00f3w tylko wtedy, gdy dobrowolnie przeka\u017c\u0105 nam takie informacje. U\u017cytkownicy mog\u0105 zawsze odm\u00f3wi\u0107 podania informacji umo\u017cliwiaj\u0105cych ich identyfikacj\u0119, z wyj\u0105tkiem sytuacji, w kt\u00f3rych mo\u017ce to uniemo\u017cliwi\u0107 im anga\u017cowanie si\u0119 w pewne dzia\u0142ania zwi\u0105zane z Witryn\u0105.<\/p>\n<p><span style=\"font-family: georgia, palatino, serif; font-size: 18pt;\"><strong>Nieosobowe informacje identyfikacyjne<\/strong><\/span><\/p>\n<p>Mo\u017cemy gromadzi\u0107 nieosobowe informacje identyfikacyjne o u\u017cytkownikach za ka\u017cdym razem, gdy wchodz\u0105 oni w interakcj\u0119 z nasz\u0105 witryn\u0105. Nieosobowe informacje identyfikacyjne mog\u0105 obejmowa\u0107 nazw\u0119 przegl\u0105darki, typ komputera i informacje techniczne o \u015brodkach po\u0142\u0105czenia U\u017cytkownik\u00f3w z nasz\u0105 Witryn\u0105, takich jak system operacyjny i wykorzystywani dostawcy us\u0142ug internetowych oraz inne podobne informacje.<\/p>\n<p><span style=\"font-size: 18pt; font-family: georgia, palatino, serif;\"><strong>Informacje dla dzieci<\/strong><\/span><\/p>\n<p>Kolejn\u0105 cz\u0119\u015bci\u0105 naszego priorytetu jest dodanie ochrony dla dzieci podczas korzystania z Internetu. Zach\u0119camy rodzic\u00f3w i opiekun\u00f3w do obserwowania, uczestniczenia i\/lub monitorowania i kierowania ich aktywno\u015bci\u0105 online.<\/p>\n<p>Zesp\u00f3\u0142 Cyprus Real Estate nie zbiera \u015bwiadomie \u017cadnych danych osobowych od dzieci w wieku poni\u017cej 13 lat. Je\u015bli uwa\u017casz, \u017ce Twoje dziecko poda\u0142o tego rodzaju informacje na naszej stronie internetowej, zdecydowanie zach\u0119camy do natychmiastowego skontaktowania si\u0119 z nami, a my do\u0142o\u017cymy wszelkich stara\u0144, aby niezw\u0142ocznie usun\u0105\u0107 takie informacje z naszych rejestr\u00f3w.<\/p>\n<p><span style=\"font-family: georgia, palatino, serif; font-size: 18pt;\"><strong>Pliki dziennika<\/strong><\/span><\/p>\n<p>Zesp\u00f3\u0142 Cyprus Real Estate stosuje standardow\u0105 procedur\u0119 korzystania z plik\u00f3w dziennika. Pliki te rejestruj\u0105 odwiedzaj\u0105cych, gdy odwiedzaj\u0105 strony internetowe. Robi\u0105 to wszystkie firmy hostingowe i jest to cz\u0119\u015b\u0107 analityki us\u0142ug hostingowych. Informacje gromadzone przez pliki dziennika obejmuj\u0105 adresy protoko\u0142u internetowego (IP), typ przegl\u0105darki, dostawc\u0119 us\u0142ug internetowych (ISP), znacznik daty i godziny, strony odsy\u0142aj\u0105ce\/wyj\u015bciowe i ewentualnie liczb\u0119 klikni\u0119\u0107. Nie s\u0105 one powi\u0105zane z \u017cadnymi informacjami umo\u017cliwiaj\u0105cymi identyfikacj\u0119 u\u017cytkownika. Celem tych informacji jest analiza trend\u00f3w, administrowanie witryn\u0105, \u015bledzenie ruchu u\u017cytkownik\u00f3w w witrynie oraz gromadzenie informacji demograficznych.<\/p>\n<p><span style=\"font-size: 18pt; font-family: georgia, palatino, serif;\"><strong>Pliki cookie przegl\u0105darki internetowej<\/strong><\/span><\/p>\n<p>Jak ka\u017cda inna witryna internetowa, nasza Witryna mo\u017ce wykorzystywa\u0107 pliki &#8222;cookie&#8221; w celu poprawy komfortu u\u017cytkowania. Przegl\u0105darka internetowa u\u017cytkownika umieszcza pliki cookie na jego dysku twardym w celu prowadzenia dokumentacji, a czasami w celu \u015bledzenia informacji na jego temat. U\u017cytkownik mo\u017ce ustawi\u0107 swoj\u0105 przegl\u0105dark\u0119 internetow\u0105 tak, aby odrzuca\u0142a pliki cookie lub ostrzega\u0142a o wysy\u0142aniu plik\u00f3w cookie. W takim przypadku nale\u017cy pami\u0119ta\u0107, \u017ce niekt\u00f3re cz\u0119\u015bci Witryny mog\u0105 nie dzia\u0142a\u0107 prawid\u0142owo.<\/p>\n<p>Te pliki cookie s\u0105 u\u017cywane do przechowywania informacji, w tym preferencji odwiedzaj\u0105cych oraz stron w witrynie, do kt\u00f3rych odwiedzaj\u0105cy uzyska\u0142 dost\u0119p lub kt\u00f3re odwiedzi\u0142. Informacje te s\u0105 wykorzystywane w celu optymalizacji do\u015bwiadcze\u0144 u\u017cytkownik\u00f3w poprzez dostosowywanie zawarto\u015bci naszych stron internetowych w oparciu o typ przegl\u0105darki odwiedzaj\u0105cych i\/lub inne informacje.<\/p>\n<p><span style=\"font-size: 18pt; font-family: georgia, palatino, serif;\"><strong>Plik cookie Google DoubleClick DART<\/strong><\/span><\/p>\n<p>Google jest jednym z zewn\u0119trznych dostawc\u00f3w na naszej stronie. Wykorzystuje r\u00f3wnie\u017c pliki cookie, znane jako pliki cookie DART, do wy\u015bwietlania reklam odwiedzaj\u0105cym nasz\u0105 witryn\u0119 na podstawie ich wizyt na stronie www.website.com i innych witrynach w Internecie. Odwiedzaj\u0105cy mog\u0105 jednak zrezygnowa\u0107 z korzystania z plik\u00f3w cookie DART, odwiedzaj\u0105c Polityk\u0119 prywatno\u015bci sieci reklamowej i tre\u015bci Google pod nast\u0119puj\u0105cym adresem URL &#8211; https:\/\/policies.google.com\/technologies\/ads.<\/p>\n<p><span style=\"font-size: 18pt; font-family: georgia, palatino, serif;\"><strong>Nasi partnerzy reklamowi<\/strong><\/span><\/p>\n<p>Niekt\u00f3rzy reklamodawcy na naszej stronie mog\u0105 u\u017cywa\u0107 plik\u00f3w cookie i sygna\u0142\u00f3w nawigacyjnych. Nasi partnerzy reklamowi s\u0105 wymienieni poni\u017cej. Ka\u017cdy z naszych partner\u00f3w reklamowych posiada w\u0142asn\u0105 Polityk\u0119 prywatno\u015bci dotycz\u0105c\u0105 danych u\u017cytkownika. Aby u\u0142atwi\u0107 dost\u0119p, poni\u017cej zamie\u015bcili\u015bmy hiper\u0142\u0105cza do ich polityk prywatno\u015bci.<\/p>\n<ul>\n<li>Google: <a href=\"https:\/\/policies.google.com\/privacy\" target=\"_blank\" rel=\"noopener\">https:\/\/policies.google.com\/privacy<\/a><\/li>\n<\/ul>\n<p><span style=\"font-family: georgia, palatino, serif; font-size: 18pt;\"><strong>Polityka prywatno\u015bci<\/strong><\/span><\/p>\n<p>Mo\u017cesz zapozna\u0107 si\u0119 z t\u0105 list\u0105, aby znale\u017a\u0107 Polityk\u0119 prywatno\u015bci ka\u017cdego z partner\u00f3w reklamowych Cyprus Real Estate.<\/p>\n<p>Zewn\u0119trzne serwery reklamowe lub sieci reklamowe wykorzystuj\u0105 technologie, takie jak pliki cookie, JavaScript lub sygna\u0142y nawigacyjne w sieci Web, kt\u00f3re s\u0105 wykorzystywane w odpowiednich reklamach i linkach wy\u015bwietlanych na stronie Cyprus Real Estate, kt\u00f3re s\u0105 wysy\u0142ane bezpo\u015brednio do przegl\u0105darki u\u017cytkownika. W takim przypadku automatycznie otrzymuj\u0105 adres IP u\u017cytkownika. Technologie te s\u0105 wykorzystywane do pomiaru skuteczno\u015bci kampanii reklamowych i\/lub personalizacji tre\u015bci reklamowych wy\u015bwietlanych na odwiedzanych stronach internetowych.<\/p>\n<p>Nale\u017cy pami\u0119ta\u0107, \u017ce zesp\u00f3\u0142 Cyprus Real Estate nie ma dost\u0119pu ani kontroli nad tymi plikami cookie, kt\u00f3re s\u0105 u\u017cywane przez zewn\u0119trznych reklamodawc\u00f3w.<\/p>\n<p><span style=\"font-family: georgia, palatino, serif; font-size: 18pt;\"><strong>Polityka prywatno\u015bci stron trzecich<\/strong><\/span><\/p>\n<p>Polityka prywatno\u015bci Cyprus Real Estate nie ma zastosowania do innych reklamodawc\u00f3w lub stron internetowych. W zwi\u0105zku z tym zalecamy zapoznanie si\u0119 z odpowiednimi Politykami prywatno\u015bci tych zewn\u0119trznych serwer\u00f3w reklamowych w celu uzyskania bardziej szczeg\u00f3\u0142owych informacji. Mo\u017ce zawiera\u0107 ich praktyki i instrukcje dotycz\u0105ce sposobu rezygnacji z niekt\u00f3rych opcji.<\/p>\n<p>U\u017cytkownik mo\u017ce wy\u0142\u0105czy\u0107 pliki cookie w opcjach swojej przegl\u0105darki. Bardziej szczeg\u00f3\u0142owe informacje na temat zarz\u0105dzania plikami cookie w okre\u015blonych przegl\u0105darkach internetowych mo\u017cna znale\u017a\u0107 na odpowiednich stronach internetowych przegl\u0105darek.<\/p>\n<p><span style=\"font-size: 18pt; font-family: georgia, palatino, serif;\"><strong>Jak chronimy informacje o u\u017cytkowniku<\/strong><\/span><\/p>\n<p>Stosujemy odpowiednie praktyki gromadzenia, przechowywania i przetwarzania danych oraz \u015brodki bezpiecze\u0144stwa w celu ochrony przed nieautoryzowanym dost\u0119pem, zmian\u0105, ujawnieniem lub zniszczeniem danych osobowych, nazwy u\u017cytkownika, has\u0142a, informacji o transakcjach i danych przechowywanych w naszej Witrynie.<\/p>\n<p><span style=\"font-size: 18pt; font-family: georgia, palatino, serif;\"><strong>Udost\u0119pnianie danych osobowych<\/strong><\/span><\/p>\n<p>Nie sprzedajemy, nie wymieniamy ani nie wypo\u017cyczamy danych osobowych odwiedzaj\u0105cych lub U\u017cytkownik\u00f3w innym podmiotom. Mo\u017cemy udost\u0119pnia\u0107 og\u00f3lne zagregowane informacje demograficzne niepowi\u0105zane z \u017cadnymi danymi osobowymi dotycz\u0105cymi odwiedzaj\u0105cych i u\u017cytkownik\u00f3w naszym partnerom biznesowym, zaufanym podmiotom stowarzyszonym i reklamodawcom w celach okre\u015blonych powy\u017cej.<\/p>\n<p><span style=\"font-family: georgia, palatino, serif; font-size: 18pt;\"><strong>Zmiany w niniejszej polityce prywatno\u015bci<\/strong><\/span><\/p>\n<p>Mamy prawo do aktualizacji niniejszej polityki prywatno\u015bci w dowolnym momencie. Gdy to zrobimy, zmienimy zaktualizowan\u0105 dat\u0119 na dole tej strony. Zach\u0119camy u\u017cytkownik\u00f3w do cz\u0119stego sprawdzania tej strony pod k\u0105tem wszelkich zmian, aby by\u0107 na bie\u017c\u0105co z tym, w jaki spos\u00f3b pomagamy chroni\u0107 gromadzone przez nas dane osobowe. U\u017cytkownik przyjmuje do wiadomo\u015bci i zgadza si\u0119, \u017ce jego obowi\u0105zkiem jest okresowe przegl\u0105danie niniejszej polityki prywatno\u015bci i zapoznawanie si\u0119 z jej modyfikacjami.<\/p>\n<p><span style=\"font-size: 18pt; font-family: georgia, palatino, serif;\"><strong>Tylko polityka prywatno\u015bci online<\/strong><\/span><\/p>\n<p>Nasza Polityka prywatno\u015bci ma zastosowanie wy\u0142\u0105cznie do naszych dzia\u0142a\u0144 online i jest wa\u017cna dla odwiedzaj\u0105cych nasz\u0105 stron\u0119 internetow\u0105 w odniesieniu do informacji, kt\u00f3re udost\u0119pniaj\u0105 i\/lub gromadz\u0105 w Cyprus Real Estate. Niniejsza polityka nie ma zastosowania do \u017cadnych informacji gromadzonych offline lub za po\u015brednictwem kana\u0142\u00f3w innych ni\u017c niniejsza strona internetowa.<\/p>\n<p><span style=\"font-family: georgia, palatino, serif; font-size: 18pt;\"><strong>Akceptacja niniejszych warunk\u00f3w przez u\u017cytkownika<\/strong><\/span><\/p>\n<p>Korzystanie z niniejszej Witryny oznacza akceptacj\u0119 niniejszych zasad. Je\u015bli nie zgadzasz si\u0119 z niniejsz\u0105 polityk\u0105, nie korzystaj z naszej Witryny. Dalsze korzystanie z Witryny po opublikowaniu zmian w niniejszych zasadach b\u0119dzie uznawane za akceptacj\u0119 tych zmian.<\/p>\n","protected":false},"excerpt":{"rendered":"<p>Niniejsza Polityka prywatno\u015bci reguluje spos\u00f3b, w jaki zesp\u00f3\u0142 Cyprus Real Estate gromadzi, wykorzystuje, utrzymuje i ujawnia informacje zebrane od odwiedzaj\u0105cych i u\u017cytkownik\u00f3w (zwanych dalej &#8222;U\u017cytkownikiem&#8221;) witryny internetowej (&#8222;Witryna&#8221;) dost\u0119pnej pod adresem http:\/\/cy-realty.com\/. Niniejsza polityka prywatno\u015bci dotyczy Witryny oraz wszystkich produkt\u00f3w i us\u0142ug oferowanych przez zesp\u00f3\u0142 Cyprus Real Estate. Jednym z naszych g\u0142\u00f3wnych priorytet\u00f3w jest prywatno\u015b\u0107 odwiedzaj\u0105cych i u\u017cytkownik\u00f3w. Je\u015bli masz dodatkowe pytania lub potrzebujesz &#8230;<\/p>\n","protected":false},"author":1,"featured_media":0,"parent":0,"menu_order":0,"comment_status":"closed","ping_status":"closed","template":"gdpr_terms.php","meta":{"inline_featured_image":false,"footnotes":""},"class_list":["post-25023","page","type-page","status-publish","hentry"],"_links":{"self":[{"href":"https:\/\/cy-realty.com\/pl\/wp-json\/wp\/v2\/pages\/25023","targetHints":{"allow":["GET"]}}],"collection":[{"href":"https:\/\/cy-realty.com\/pl\/wp-json\/wp\/v2\/pages"}],"about":[{"href":"https:\/\/cy-realty.com\/pl\/wp-json\/wp\/v2\/types\/page"}],"author":[{"embeddable":true,"href":"https:\/\/cy-realty.com\/pl\/wp-json\/wp\/v2\/users\/1"}],"replies":[{"embeddable":true,"href":"https:\/\/cy-realty.com\/pl\/wp-json\/wp\/v2\/comments?post=25023"}],"version-history":[{"count":0,"href":"https:\/\/cy-realty.com\/pl\/wp-json\/wp\/v2\/pages\/25023\/revisions"}],"wp:attachment":[{"href":"https:\/\/cy-realty.com\/pl\/wp-json\/wp\/v2\/media?parent=25023"}],"curies":[{"name":"wp","href":"https:\/\/api.w.org\/{rel}","templated":true}]}}