{"id":24989,"date":"2015-02-19T09:48:19","date_gmt":"2015-02-19T06:48:19","guid":{"rendered":"https:\/\/cy-realty.com\/kontakt\/"},"modified":"2026-03-30T22:12:21","modified_gmt":"2026-03-30T19:12:21","slug":"kontakt","status":"publish","type":"page","link":"https:\/\/cy-realty.com\/pl\/kontakt\/","title":{"rendered":"Kontakt"},"content":{"rendered":"\t\t<div data-elementor-type=\"wp-page\" data-elementor-id=\"24989\" class=\"elementor elementor-24989 elementor-5707\">\n\t\t\t\t<div class=\"elementor-element elementor-element-482bf3f3 e-flex e-con-boxed e-con e-parent\" data-id=\"482bf3f3\" data-element_type=\"container\">\n\t\t\t\t\t<div class=\"e-con-inner\">\n\t\t\t\t<div class=\"elementor-element elementor-element-1f941b90 elementor-widget elementor-widget-text-editor\" data-id=\"1f941b90\" data-element_type=\"widget\" data-widget_type=\"text-editor.default\">\n\t\t\t\t<div class=\"elementor-widget-container\">\n\t\t\t\t\t\t\t<p>\nPowiedz nam, jakiego typu <strong>nieruchomo\u015bci na Cyprze<\/strong> szukasz. Przygotujemy dopasowane oferty na podstawie Twojego bud\u017cetu, preferowanej lokalizacji oraz cel\u00f3w zakupu.\n<\/p>\n\n<ul>\n<li><a href=\"https:\/\/cy-realty.com\/pl\/apartamenty-na-sprzedaz-cypr\/\"><strong>Apartamenty na sprzeda\u017c na Cyprze<\/strong><\/a> \u2013 nowoczesne mieszkania blisko morza i w kompleksach resortowych<\/li>\n\n<li><a href=\"https:\/\/cy-realty.com\/pl\/wille-na-sprzedaz-cypr\/\"><strong>Wille na sprzeda\u017c na Cyprze<\/strong><\/a> \u2013 prywatne domy z ogrodem, basenem i widokiem na morze<\/li>\n\n<li><a href=\"https:\/\/cy-realty.com\/pl\/penthousy-na-sprzedaz-cypr\/\"><strong>Penthousy na Cyprze<\/strong><\/a> \u2013 apartamenty na najwy\u017cszych pi\u0119trach z panoramicznymi tarasami<\/li>\n<\/ul>\n\n<p>\nWielu zagranicznych kupuj\u0105cych wybiera nieruchomo\u015bci w nadmorskich lokalizacjach, takich jak \n<a href=\"https:\/\/cy-realty.com\/pl\/nieruchomosci-iskele-na-sprzedaz\/\"><strong>Iskele<\/strong><\/a>, \n<a href=\"https:\/\/cy-realty.com\/pl\/nieruchomosci-esentepe-na-sprzedaz\/\"><strong>Esentepe<\/strong><\/a> oraz \n<a href=\"https:\/\/cy-realty.com\/pl\/nieruchomosci-kyrenia-na-sprzedaz\/\"><strong>Kyrenia<\/strong><\/a>.\n<\/p> \n\n<p>\nSkontaktuj si\u0119 z nami teraz lub wy\u015blij zapytanie \u2013 szybko wr\u00f3cimy z dopasowanymi ofertami nieruchomo\u015bci na Cyprze.\n<\/p>\t\t\t\t\t\t<\/div>\n\t\t\t\t<\/div>\n\t\t\t\t\t<\/div>\n\t\t\t\t<\/div>\n\t\t\t\t<\/div>\n\t\t","protected":false},"excerpt":{"rendered":"<p>Powiedz nam, jakiego typu nieruchomo\u015bci na Cyprze szukasz. Przygotujemy dopasowane oferty na podstawie Twojego bud\u017cetu, preferowanej lokalizacji oraz cel\u00f3w zakupu. Apartamenty na sprzeda\u017c na Cyprze \u2013 nowoczesne mieszkania blisko morza i w kompleksach resortowych Wille na sprzeda\u017c na Cyprze \u2013 prywatne domy z ogrodem, basenem i widokiem na morze Penthousy na Cyprze \u2013 apartamenty na najwy\u017cszych pi\u0119trach z panoramicznymi tarasami Wielu zagranicznych kupuj\u0105cych wybiera &#8230;<\/p>\n","protected":false},"author":1,"featured_media":0,"parent":0,"menu_order":0,"comment_status":"open","ping_status":"closed","template":"contact_page.php","meta":{"inline_featured_image":false,"footnotes":""},"class_list":["post-24989","page","type-page","status-publish","hentry"],"_links":{"self":[{"href":"https:\/\/cy-realty.com\/pl\/wp-json\/wp\/v2\/pages\/24989","targetHints":{"allow":["GET"]}}],"collection":[{"href":"https:\/\/cy-realty.com\/pl\/wp-json\/wp\/v2\/pages"}],"about":[{"href":"https:\/\/cy-realty.com\/pl\/wp-json\/wp\/v2\/types\/page"}],"author":[{"embeddable":true,"href":"https:\/\/cy-realty.com\/pl\/wp-json\/wp\/v2\/users\/1"}],"replies":[{"embeddable":true,"href":"https:\/\/cy-realty.com\/pl\/wp-json\/wp\/v2\/comments?post=24989"}],"version-history":[{"count":3,"href":"https:\/\/cy-realty.com\/pl\/wp-json\/wp\/v2\/pages\/24989\/revisions"}],"predecessor-version":[{"id":38434,"href":"https:\/\/cy-realty.com\/pl\/wp-json\/wp\/v2\/pages\/24989\/revisions\/38434"}],"wp:attachment":[{"href":"https:\/\/cy-realty.com\/pl\/wp-json\/wp\/v2\/media?parent=24989"}],"curies":[{"name":"wp","href":"https:\/\/api.w.org\/{rel}","templated":true}]}}