{"id":24946,"date":"2015-02-11T14:25:19","date_gmt":"2015-02-11T11:25:19","guid":{"rendered":"https:\/\/cy-realty.com\/lista-nieruchomosci-na-cyprze-polnocnym\/"},"modified":"2023-10-18T17:52:20","modified_gmt":"2023-10-18T14:52:20","slug":"lista-nieruchomosci-na-cyprze-polnocnym","status":"publish","type":"page","link":"https:\/\/cy-realty.com\/pl\/lista-nieruchomosci-na-cyprze-polnocnym\/","title":{"rendered":"Lista nieruchomo\u015bci na Cyprze P\u00f3\u0142nocnym"},"content":{"rendered":"\n<p>Tutaj mo\u017cna znale\u017a\u0107 pe\u0142n\u0105 list\u0119 nieruchomo\u015bci na Cyprze P\u00f3\u0142nocnym<\/p>\n","protected":false},"excerpt":{"rendered":"<p>Tutaj mo\u017cna znale\u017a\u0107 pe\u0142n\u0105 list\u0119 nieruchomo\u015bci na Cyprze P\u00f3\u0142nocnym<\/p>\n","protected":false},"author":1,"featured_media":0,"parent":0,"menu_order":0,"comment_status":"open","ping_status":"closed","template":"property_list.php","meta":{"inline_featured_image":false,"footnotes":""},"class_list":["post-24946","page","type-page","status-publish","hentry"],"_links":{"self":[{"href":"https:\/\/cy-realty.com\/pl\/wp-json\/wp\/v2\/pages\/24946","targetHints":{"allow":["GET"]}}],"collection":[{"href":"https:\/\/cy-realty.com\/pl\/wp-json\/wp\/v2\/pages"}],"about":[{"href":"https:\/\/cy-realty.com\/pl\/wp-json\/wp\/v2\/types\/page"}],"author":[{"embeddable":true,"href":"https:\/\/cy-realty.com\/pl\/wp-json\/wp\/v2\/users\/1"}],"replies":[{"embeddable":true,"href":"https:\/\/cy-realty.com\/pl\/wp-json\/wp\/v2\/comments?post=24946"}],"version-history":[{"count":0,"href":"https:\/\/cy-realty.com\/pl\/wp-json\/wp\/v2\/pages\/24946\/revisions"}],"wp:attachment":[{"href":"https:\/\/cy-realty.com\/pl\/wp-json\/wp\/v2\/media?parent=24946"}],"curies":[{"name":"wp","href":"https:\/\/api.w.org\/{rel}","templated":true}]}}