{"id":24939,"date":"2014-05-24T13:51:08","date_gmt":"2014-05-24T10:51:08","guid":{"rendered":"https:\/\/cy-realty.com\/warunki-uzytkowania\/"},"modified":"2023-10-31T08:23:33","modified_gmt":"2023-10-31T05:23:33","slug":"warunki-uzytkowania","status":"publish","type":"page","link":"https:\/\/cy-realty.com\/pl\/warunki-uzytkowania\/","title":{"rendered":"Warunki u\u017cytkowania"},"content":{"rendered":"<p>Niniejsza Polityka prywatno\u015bci reguluje spos\u00f3b, w jaki Cyprus Real Estate gromadzi, wykorzystuje, utrzymuje i ujawnia informacje zebrane od u\u017cytkownik\u00f3w (zwanych dalej &#8222;U\u017cytkownikami&#8221;) witryny internetowej (<a href=\"https:\/\/cy-realty.com\/pl\/\">&#8222;Witryna<\/a>&#8222;). Niniejsza polityka prywatno\u015bci ma zastosowanie do Witryny oraz wszystkich produkt\u00f3w i us\u0142ug oferowanych przez Cyprus Real Estate.<\/p>\n<p><b>Osobiste informacje identyfikacyjne<\/b><\/p>\n<p>Mo\u017cemy zbiera\u0107 dane osobowe od U\u017cytkownik\u00f3w na r\u00f3\u017cne sposoby w zwi\u0105zku z dzia\u0142aniami, us\u0142ugami, funkcjami lub zasobami, kt\u00f3re udost\u0119pniamy w naszej Witrynie. U\u017cytkownicy mog\u0105 odwiedza\u0107 nasz\u0105 Witryn\u0119 anonimowo. B\u0119dziemy zbiera\u0107 dane osobowe od U\u017cytkownik\u00f3w tylko wtedy, gdy dobrowolnie przeka\u017c\u0105 nam takie informacje. U\u017cytkownicy mog\u0105 zawsze odm\u00f3wi\u0107 podania informacji umo\u017cliwiaj\u0105cych ich identyfikacj\u0119, z wyj\u0105tkiem sytuacji, w kt\u00f3rych mo\u017ce to uniemo\u017cliwi\u0107 im anga\u017cowanie si\u0119 w pewne dzia\u0142ania zwi\u0105zane z Witryn\u0105.<\/p>\n<p><b>Nieosobowe informacje identyfikacyjne<\/b><\/p>\n<p>Mo\u017cemy gromadzi\u0107 nieosobowe informacje identyfikacyjne o u\u017cytkownikach za ka\u017cdym razem, gdy wchodz\u0105 oni w interakcj\u0119 z nasz\u0105 witryn\u0105. Nieosobowe informacje identyfikacyjne mog\u0105 obejmowa\u0107 nazw\u0119 przegl\u0105darki, typ komputera i informacje techniczne o \u015brodkach po\u0142\u0105czenia U\u017cytkownik\u00f3w z nasz\u0105 Witryn\u0105, takich jak system operacyjny i wykorzystywani dostawcy us\u0142ug internetowych oraz inne podobne informacje.<\/p>\n<p><b>Pliki cookie przegl\u0105darki internetowej<\/b><\/p>\n<p>Nasza Witryna mo\u017ce wykorzystywa\u0107 pliki &#8222;cookie&#8221; w celu poprawy komfortu u\u017cytkowania. Przegl\u0105darka internetowa u\u017cytkownika umieszcza pliki cookie na jego dysku twardym w celu prowadzenia dokumentacji, a czasami w celu \u015bledzenia informacji na jego temat. U\u017cytkownik mo\u017ce ustawi\u0107 swoj\u0105 przegl\u0105dark\u0119 internetow\u0105 tak, aby odrzuca\u0142a pliki cookie lub ostrzega\u0142a o wysy\u0142aniu plik\u00f3w cookie. W takim przypadku nale\u017cy pami\u0119ta\u0107, \u017ce niekt\u00f3re cz\u0119\u015bci Witryny mog\u0105 nie dzia\u0142a\u0107 prawid\u0142owo.<\/p>\n<p><b>Jak chronimy informacje o u\u017cytkowniku<\/b><\/p>\n<p>Stosujemy odpowiednie praktyki gromadzenia, przechowywania i przetwarzania danych oraz \u015brodki bezpiecze\u0144stwa w celu ochrony przed nieautoryzowanym dost\u0119pem, zmian\u0105, ujawnieniem lub zniszczeniem danych osobowych, nazwy u\u017cytkownika, has\u0142a, informacji o transakcjach i danych przechowywanych w naszej Witrynie.<\/p>\n<p><b>Udost\u0119pnianie danych osobowych<\/b><\/p>\n<p>Nie sprzedajemy, nie wymieniamy ani nie wypo\u017cyczamy danych osobowych u\u017cytkownik\u00f3w innym podmiotom. Mo\u017cemy udost\u0119pnia\u0107 og\u00f3lne zagregowane informacje demograficzne niepowi\u0105zane z \u017cadnymi danymi osobowymi dotycz\u0105cymi odwiedzaj\u0105cych i u\u017cytkownik\u00f3w naszym partnerom biznesowym, zaufanym podmiotom stowarzyszonym i reklamodawcom w celach okre\u015blonych powy\u017cej.<\/p>\n<p><b>Zmiany w niniejszej polityce prywatno\u015bci<\/b><\/p>\n<p>Cyprus Real Estate ma prawo do aktualizacji niniejszej polityki prywatno\u015bci w dowolnym momencie. Gdy to zrobimy, zmienimy zaktualizowan\u0105 dat\u0119 na dole tej strony. Zach\u0119camy u\u017cytkownik\u00f3w do cz\u0119stego sprawdzania tej strony pod k\u0105tem wszelkich zmian, aby by\u0107 na bie\u017c\u0105co z tym, w jaki spos\u00f3b pomagamy chroni\u0107 gromadzone przez nas dane osobowe. U\u017cytkownik przyjmuje do wiadomo\u015bci i zgadza si\u0119, \u017ce jego obowi\u0105zkiem jest okresowe przegl\u0105danie niniejszej polityki prywatno\u015bci i zapoznawanie si\u0119 z jej modyfikacjami.<\/p>\n<p><b>Akceptacja niniejszych warunk\u00f3w przez u\u017cytkownika<\/b><\/p>\n<p>Korzystanie z niniejszej Witryny oznacza akceptacj\u0119 niniejszych zasad. Je\u015bli nie zgadzasz si\u0119 z niniejsz\u0105 polityk\u0105, nie korzystaj z naszej Witryny. Dalsze korzystanie z Witryny po opublikowaniu zmian w niniejszych zasadach b\u0119dzie uznawane za akceptacj\u0119 tych zmian.<\/p>\n","protected":false},"excerpt":{"rendered":"<p>Niniejsza Polityka prywatno\u015bci reguluje spos\u00f3b, w jaki Cyprus Real Estate gromadzi, wykorzystuje, utrzymuje i ujawnia informacje zebrane od u\u017cytkownik\u00f3w (zwanych dalej &#8222;U\u017cytkownikami&#8221;) witryny internetowej (&#8222;Witryna&#8222;). Niniejsza polityka prywatno\u015bci ma zastosowanie do Witryny oraz wszystkich produkt\u00f3w i us\u0142ug oferowanych przez Cyprus Real Estate. Osobiste informacje identyfikacyjne Mo\u017cemy zbiera\u0107 dane osobowe od U\u017cytkownik\u00f3w na r\u00f3\u017cne sposoby w zwi\u0105zku z dzia\u0142aniami, us\u0142ugami, funkcjami lub zasobami, kt\u00f3re udost\u0119pniamy &#8230;<\/p>\n","protected":false},"author":1,"featured_media":0,"parent":0,"menu_order":0,"comment_status":"closed","ping_status":"closed","template":"terms_conditions.php","meta":{"inline_featured_image":false,"footnotes":""},"class_list":["post-24939","page","type-page","status-publish","hentry"],"_links":{"self":[{"href":"https:\/\/cy-realty.com\/pl\/wp-json\/wp\/v2\/pages\/24939","targetHints":{"allow":["GET"]}}],"collection":[{"href":"https:\/\/cy-realty.com\/pl\/wp-json\/wp\/v2\/pages"}],"about":[{"href":"https:\/\/cy-realty.com\/pl\/wp-json\/wp\/v2\/types\/page"}],"author":[{"embeddable":true,"href":"https:\/\/cy-realty.com\/pl\/wp-json\/wp\/v2\/users\/1"}],"replies":[{"embeddable":true,"href":"https:\/\/cy-realty.com\/pl\/wp-json\/wp\/v2\/comments?post=24939"}],"version-history":[{"count":0,"href":"https:\/\/cy-realty.com\/pl\/wp-json\/wp\/v2\/pages\/24939\/revisions"}],"wp:attachment":[{"href":"https:\/\/cy-realty.com\/pl\/wp-json\/wp\/v2\/media?parent=24939"}],"curies":[{"name":"wp","href":"https:\/\/api.w.org\/{rel}","templated":true}]}}