{"id":24924,"date":"2024-03-22T11:36:39","date_gmt":"2024-03-22T08:36:39","guid":{"rendered":"https:\/\/cy-realty.com\/prawy-pasek-boczny-listy-blogow\/"},"modified":"2026-03-20T04:14:04","modified_gmt":"2026-03-20T01:14:04","slug":"nieruchomosci-cypr-przewodniki","status":"publish","type":"page","link":"https:\/\/cy-realty.com\/pl\/nieruchomosci-cypr-przewodniki\/","title":{"rendered":"Przewodniki"},"content":{"rendered":"\n<h2>Nieruchomo\u015bci na Cyprze: Przewodniki i analizy dla kupuj\u0105cych<\/h2>\n\n<p>\nTa sekcja zawiera kluczowe przewodniki dotycz\u0105ce <strong>nieruchomo\u015bci na Cyprze<\/strong>, w tym procesu zakupu, aspekt\u00f3w prawnych, podatk\u00f3w, strategii inwestycyjnych oraz wizyt ogl\u0105dowych. Jest przeznaczona dla zagranicznych kupuj\u0105cych, kt\u00f3rzy chc\u0105 lepiej zrozumie\u0107 zakup nieruchomo\u015bci na Cyprze.\n<\/p>\n\n<p>\nPor\u00f3wnuj lokalizacje, analizuj typy nieruchomo\u015bci i poznaj ca\u0142y proces zakupu \u2014 od pierwszego researchu po finaln\u0105 decyzj\u0119 o zakupie nieruchomo\u015bci na Cyprze.\n<\/p>\n","protected":false},"excerpt":{"rendered":"<p>Nieruchomo\u015bci na Cyprze: Przewodniki i analizy dla kupuj\u0105cych Ta sekcja zawiera kluczowe przewodniki dotycz\u0105ce nieruchomo\u015bci na Cyprze, w tym procesu zakupu, aspekt\u00f3w prawnych, podatk\u00f3w, strategii inwestycyjnych oraz wizyt ogl\u0105dowych. Jest przeznaczona dla zagranicznych kupuj\u0105cych, kt\u00f3rzy chc\u0105 lepiej zrozumie\u0107 zakup nieruchomo\u015bci na Cyprze. Por\u00f3wnuj lokalizacje, analizuj typy nieruchomo\u015bci i poznaj ca\u0142y proces zakupu \u2014 od pierwszego researchu po finaln\u0105 decyzj\u0119 o zakupie nieruchomo\u015bci na Cyprze.<\/p>\n","protected":false},"author":1,"featured_media":0,"parent":0,"menu_order":0,"comment_status":"open","ping_status":"closed","template":"blog_list.php","meta":{"inline_featured_image":false,"footnotes":""},"class_list":["post-24924","page","type-page","status-publish","hentry"],"_links":{"self":[{"href":"https:\/\/cy-realty.com\/pl\/wp-json\/wp\/v2\/pages\/24924","targetHints":{"allow":["GET"]}}],"collection":[{"href":"https:\/\/cy-realty.com\/pl\/wp-json\/wp\/v2\/pages"}],"about":[{"href":"https:\/\/cy-realty.com\/pl\/wp-json\/wp\/v2\/types\/page"}],"author":[{"embeddable":true,"href":"https:\/\/cy-realty.com\/pl\/wp-json\/wp\/v2\/users\/1"}],"replies":[{"embeddable":true,"href":"https:\/\/cy-realty.com\/pl\/wp-json\/wp\/v2\/comments?post=24924"}],"version-history":[{"count":0,"href":"https:\/\/cy-realty.com\/pl\/wp-json\/wp\/v2\/pages\/24924\/revisions"}],"wp:attachment":[{"href":"https:\/\/cy-realty.com\/pl\/wp-json\/wp\/v2\/media?parent=24924"}],"curies":[{"name":"wp","href":"https:\/\/api.w.org\/{rel}","templated":true}]}}