{"id":24910,"date":"2023-09-27T15:53:09","date_gmt":"2023-09-27T12:53:09","guid":{"rendered":"https:\/\/cy-realty.com\/zgloszenie-nieruchomosci-przod\/"},"modified":"2023-09-27T15:53:09","modified_gmt":"2023-09-27T12:53:09","slug":"zgloszenie-nieruchomosci-przod","status":"publish","type":"page","link":"https:\/\/cy-realty.com\/pl\/zgloszenie-nieruchomosci-przod\/","title":{"rendered":"Zg\u0142oszenie nieruchomo\u015bci &#8211; prz\u00f3d"},"content":{"rendered":"","protected":false},"excerpt":{"rendered":"","protected":false},"author":1,"featured_media":0,"parent":0,"menu_order":0,"comment_status":"closed","ping_status":"closed","template":"front_property_submit.php","meta":{"inline_featured_image":false,"footnotes":""},"class_list":["post-24910","page","type-page","status-publish","hentry"],"_links":{"self":[{"href":"https:\/\/cy-realty.com\/pl\/wp-json\/wp\/v2\/pages\/24910","targetHints":{"allow":["GET"]}}],"collection":[{"href":"https:\/\/cy-realty.com\/pl\/wp-json\/wp\/v2\/pages"}],"about":[{"href":"https:\/\/cy-realty.com\/pl\/wp-json\/wp\/v2\/types\/page"}],"author":[{"embeddable":true,"href":"https:\/\/cy-realty.com\/pl\/wp-json\/wp\/v2\/users\/1"}],"replies":[{"embeddable":true,"href":"https:\/\/cy-realty.com\/pl\/wp-json\/wp\/v2\/comments?post=24910"}],"version-history":[{"count":0,"href":"https:\/\/cy-realty.com\/pl\/wp-json\/wp\/v2\/pages\/24910\/revisions"}],"wp:attachment":[{"href":"https:\/\/cy-realty.com\/pl\/wp-json\/wp\/v2\/media?parent=24910"}],"curies":[{"name":"wp","href":"https:\/\/api.w.org\/{rel}","templated":true}]}}