{"id":24896,"date":"2023-11-13T21:45:09","date_gmt":"2023-11-13T18:45:09","guid":{"rendered":"https:\/\/cy-realty.com\/lista-agentow-lewy-pasek-boczny\/"},"modified":"2023-11-04T09:26:34","modified_gmt":"2023-11-04T06:26:34","slug":"brokerzy","status":"publish","type":"page","link":"https:\/\/cy-realty.com\/pl\/brokerzy\/","title":{"rendered":"Poznaj swojego osobistego agenta nieruchomo\u015bci na Cyprze"},"content":{"rendered":"<p>U podstaw naszej dzia\u0142alno\u015bci le\u017cy postrzeganie siebie nie tylko jako agencji nieruchomo\u015bci, ale tak\u017ce jako osobistego nawigatora po r\u00f3\u017cnorodnych ofertach cypryjskich dom\u00f3w i mieszka\u0144. Podejmij z nami wsp\u00f3\u0142prac\u0119, aby wykorzysta\u0107 korzy\u015bci p\u0142yn\u0105ce z ogromnej ekspozycji, wiedzy i do\u015bwiadczenia, kt\u00f3rych mo\u017cna oczekiwa\u0107 od du\u017cego gracza, w po\u0142\u0105czeniu ze spersonalizowan\u0105 uwag\u0105 butikowej firmy skoncentrowanej na kliencie.<\/p>\n<p>Chcesz kupi\u0107 lub wynaj\u0105\u0107 nieruchomo\u015b\u0107 na Cyprze? Dzi\u0119ki Cyprus Residence znalezienie idealnego miejsca jest proste i przyjazne dla u\u017cytkownika. Skorzystaj z naszego wyj\u0105tkowego narz\u0119dzia do mapowania geolokalizacyjnego, aby zlokalizowa\u0107 idealn\u0105 will\u0119, kamienic\u0119 lub apartament i komunikowa\u0107 si\u0119 bezpo\u015brednio z w\u0142a\u015bcicielami. Jeste\u015bmy tutaj, aby pom\u00f3c Ci odkry\u0107 dom Twoich marze\u0144 w zaledwie kilka minut.<\/p>\n<p>Nie przegap okazji &#8211; skontaktuj si\u0119 z nami ju\u017c dzi\u015b przez telefon lub WhatsApp albo prze\u015blij swoje zapytanie za po\u015brednictwem formularza opinii na naszej stronie internetowej. Tw\u00f3j zaufany agent w \u015bwiecie nieruchomo\u015bci na Cyprze czeka, aby urzeczywistni\u0107 Twoje marzenie<\/p>\n","protected":false},"excerpt":{"rendered":"<p>U podstaw naszej dzia\u0142alno\u015bci le\u017cy postrzeganie siebie nie tylko jako agencji nieruchomo\u015bci, ale tak\u017ce jako osobistego nawigatora po r\u00f3\u017cnorodnych ofertach cypryjskich dom\u00f3w i mieszka\u0144. Podejmij z nami wsp\u00f3\u0142prac\u0119, aby wykorzysta\u0107 korzy\u015bci p\u0142yn\u0105ce z ogromnej ekspozycji, wiedzy i do\u015bwiadczenia, kt\u00f3rych mo\u017cna oczekiwa\u0107 od du\u017cego gracza, w po\u0142\u0105czeniu ze spersonalizowan\u0105 uwag\u0105 butikowej firmy skoncentrowanej na kliencie. Chcesz kupi\u0107 lub wynaj\u0105\u0107 nieruchomo\u015b\u0107 na Cyprze? Dzi\u0119ki Cyprus Residence &#8230;<\/p>\n","protected":false},"author":1,"featured_media":0,"parent":0,"menu_order":0,"comment_status":"open","ping_status":"closed","template":"agents_list.php","meta":{"inline_featured_image":false,"footnotes":""},"class_list":["post-24896","page","type-page","status-publish","hentry"],"_links":{"self":[{"href":"https:\/\/cy-realty.com\/pl\/wp-json\/wp\/v2\/pages\/24896","targetHints":{"allow":["GET"]}}],"collection":[{"href":"https:\/\/cy-realty.com\/pl\/wp-json\/wp\/v2\/pages"}],"about":[{"href":"https:\/\/cy-realty.com\/pl\/wp-json\/wp\/v2\/types\/page"}],"author":[{"embeddable":true,"href":"https:\/\/cy-realty.com\/pl\/wp-json\/wp\/v2\/users\/1"}],"replies":[{"embeddable":true,"href":"https:\/\/cy-realty.com\/pl\/wp-json\/wp\/v2\/comments?post=24896"}],"version-history":[{"count":0,"href":"https:\/\/cy-realty.com\/pl\/wp-json\/wp\/v2\/pages\/24896\/revisions"}],"wp:attachment":[{"href":"https:\/\/cy-realty.com\/pl\/wp-json\/wp\/v2\/media?parent=24896"}],"curies":[{"name":"wp","href":"https:\/\/api.w.org\/{rel}","templated":true}]}}