{"id":24888,"date":"2023-11-02T14:46:48","date_gmt":"2023-11-02T11:46:48","guid":{"rendered":"https:\/\/cy-realty.com\/lista-nieruchomosci-wszystkie-nieruchomosci\/"},"modified":"2026-03-31T15:50:56","modified_gmt":"2026-03-31T12:50:56","slug":"nieruchomosci-na-sprzedaz-cypr","status":"publish","type":"page","link":"https:\/\/cy-realty.com\/pl\/nieruchomosci-na-sprzedaz-cypr\/","title":{"rendered":"Nieruchomo\u015bci na sprzeda\u017c na Cyprze"},"content":{"rendered":"\t\t<div data-elementor-type=\"wp-page\" data-elementor-id=\"24888\" class=\"elementor elementor-24888 elementor-93\">\n\t\t\t\t<div class=\"elementor-element elementor-element-44210b86 e-flex e-con-boxed e-con e-parent\" data-id=\"44210b86\" data-element_type=\"container\">\n\t\t\t\t\t<div class=\"e-con-inner\">\n\t\t\t\t<div class=\"elementor-element elementor-element-6a929663 elementor-widget elementor-widget-text-editor\" data-id=\"6a929663\" data-element_type=\"widget\" data-widget_type=\"text-editor.default\">\n\t\t\t\t<div class=\"elementor-widget-container\">\n\t\t\t\t\t\t\t<section class=\"landing-hero\">\n<h2 class=\"landing-hero-title\">Nieruchomo\u015bci na sprzeda\u017c na Cyprze \u2013 oferty wed\u0142ug lokalizacji i typu<\/h2>\n\n<p class=\"landing-hero-text\">\nPrzegl\u0105daj <strong>nieruchomo\u015bci na sprzeda\u017c na Cyprze<\/strong>, w tym <a href=\"\/pl\/apartamenty-na-sprzedaz-cypr\/\"><strong>apartamenty na Cyprze<\/strong><\/a>, <a href=\"\/pl\/wille-na-sprzedaz-cypr\/\"><strong>wille na Cyprze<\/strong><\/a> oraz <a href=\"\/pl\/penthousy-na-sprzedaz-cypr\/\"><strong>penthouse\u2019y na Cyprze<\/strong><\/a> w najlepszych lokalizacjach nadmorskich. Nasza oferta obejmuje nowoczesne inwestycje oraz kompleksy mieszkaniowe dopasowane zar\u00f3wno do stylu \u017cycia, jak i cel\u00f3w inwestycyjnych.\n<\/p>\n\n<p class=\"landing-hero-text\">\nKupuj\u0105cy analizuj\u0105cy <strong>nieruchomo\u015bci na Cyprze<\/strong> cz\u0119sto por\u00f3wnuj\u0105 <a href=\"\/pl\/ceny-nieruchomosci-na-cyprze\/\"><strong>ceny nieruchomo\u015bci na Cyprze<\/strong><\/a> oraz <a href=\"\/pl\/zwrot-z-najmu-nieruchomosci-na-cyprze\/\"><strong>zwrot z najmu<\/strong><\/a>, aby oceni\u0107 potencja\u0142 inwestycyjny i popyt w r\u00f3\u017cnych regionach.\n<\/p>\n\n<p class=\"landing-hero-text\">\nNajpopularniejsze lokalizacje to <a href=\"\/pl\/nieruchomosci-iskele-na-sprzedaz\/\"><strong>Iskele<\/strong><\/a>, <a href=\"\/pl\/nieruchomosci-kyrenia-na-sprzedaz\/\"><strong>Kyrenia<\/strong><\/a> oraz <a href=\"\/pl\/nieruchomosci-esentepe-na-sprzedaz\/\"><strong>Esentepe<\/strong><\/a>, gdzie nowe inwestycje przyci\u0105gaj\u0105 kupuj\u0105cych szukaj\u0105cych nieruchomo\u015bci nad morzem oraz stabilnych inwestycji.\n<\/p>\n\n<p class=\"landing-hero-text\">\nPrzed zakupem warto zapozna\u0107 si\u0119 z <a href=\"\/pl\/prawo-nieruchomosci-na-cyprze\/\"><strong>prawem nieruchomo\u015bci na Cyprze<\/strong><\/a> oraz kwestiami bezpiecze\u0144stwa zakupu, aby lepiej zrozumie\u0107 proces i struktur\u0119 transakcji.\n<\/p>\n\n<div class=\"inv-cta\">\n<a class=\"inv-btn inv-btn-primary\" href=\"\/pl\/zorganizowana-wizyta-nieruchomosci-cypr\/\">Zaplanuj wizyt\u0119 nieruchomo\u015bci<\/a>\n<a class=\"inv-btn inv-btn-ghost\" href=\"https:\/\/wa.me\/905488556751\" target=\"_blank\" rel=\"noopener\">WhatsApp (Szybki kontakt)<\/a>\n<\/div>\n\n<div class=\"landing-search-links\">\nPopularne wyszukiwania:\n<a href=\"\/pl\/apartamenty-na-sprzedaz-cypr\/\">Apartamenty na Cyprze<\/a>\n<a href=\"\/pl\/wille-na-sprzedaz-cypr\/\">Wille na Cyprze<\/a>\n<a href=\"\/pl\/penthousy-na-sprzedaz-cypr\/\">Penthouse\u2019y na Cyprze<\/a>\n<a href=\"\/pl\/nieruchomosci-cypr-dla-inwestorow\/\">Nieruchomo\u015bci inwestycyjne<\/a>\n<\/div>\n\n<\/section>\t\t\t\t\t\t<\/div>\n\t\t\t\t<\/div>\n\t\t\t\t\t<\/div>\n\t\t\t\t<\/div>\n\t\t\t\t<\/div>\n\t\t","protected":false},"excerpt":{"rendered":"<p>Nieruchomo\u015bci na sprzeda\u017c na Cyprze \u2013 oferty wed\u0142ug lokalizacji i typu Przegl\u0105daj nieruchomo\u015bci na sprzeda\u017c na Cyprze, w tym apartamenty na Cyprze, wille na Cyprze oraz penthouse\u2019y na Cyprze w najlepszych lokalizacjach nadmorskich. Nasza oferta obejmuje nowoczesne inwestycje oraz kompleksy mieszkaniowe dopasowane zar\u00f3wno do stylu \u017cycia, jak i cel\u00f3w inwestycyjnych. Kupuj\u0105cy analizuj\u0105cy nieruchomo\u015bci na Cyprze cz\u0119sto por\u00f3wnuj\u0105 ceny nieruchomo\u015bci na Cyprze oraz zwrot z &#8230;<\/p>\n","protected":false},"author":1,"featured_media":0,"parent":0,"menu_order":0,"comment_status":"open","ping_status":"closed","template":"property_list.php","meta":{"inline_featured_image":false,"footnotes":""},"class_list":["post-24888","page","type-page","status-publish","hentry"],"_links":{"self":[{"href":"https:\/\/cy-realty.com\/pl\/wp-json\/wp\/v2\/pages\/24888","targetHints":{"allow":["GET"]}}],"collection":[{"href":"https:\/\/cy-realty.com\/pl\/wp-json\/wp\/v2\/pages"}],"about":[{"href":"https:\/\/cy-realty.com\/pl\/wp-json\/wp\/v2\/types\/page"}],"author":[{"embeddable":true,"href":"https:\/\/cy-realty.com\/pl\/wp-json\/wp\/v2\/users\/1"}],"replies":[{"embeddable":true,"href":"https:\/\/cy-realty.com\/pl\/wp-json\/wp\/v2\/comments?post=24888"}],"version-history":[{"count":5,"href":"https:\/\/cy-realty.com\/pl\/wp-json\/wp\/v2\/pages\/24888\/revisions"}],"predecessor-version":[{"id":38423,"href":"https:\/\/cy-realty.com\/pl\/wp-json\/wp\/v2\/pages\/24888\/revisions\/38423"}],"wp:attachment":[{"href":"https:\/\/cy-realty.com\/pl\/wp-json\/wp\/v2\/media?parent=24888"}],"curies":[{"name":"wp","href":"https:\/\/api.w.org\/{rel}","templated":true}]}}