{"id":24758,"date":"2023-09-25T21:10:05","date_gmt":"2023-09-25T18:10:05","guid":{"rendered":"https:\/\/cy-realty.com\/strona-glowna\/"},"modified":"2023-10-18T17:47:27","modified_gmt":"2023-10-18T14:47:27","slug":"strona-glowna","status":"publish","type":"page","link":"https:\/\/cy-realty.com\/pl\/strona-glowna\/","title":{"rendered":"Strona g\u0142\u00f3wna"},"content":{"rendered":"\n<p>Odkryj urzekaj\u0105cy urok Cypru dzi\u0119ki naszym obszernym ofertom nieruchomo\u015bci. W North Cyprus Residence \u0142\u0105czymy sztuk\u0119 cypryjskiego \u017cycia z nauk\u0105 o nieruchomo\u015bciach, zapewniaj\u0105c dom, kt\u00f3ry nie jest tylko budynkiem, ale stylem \u017cycia.<\/p>\n\n<p><strong>Dlaczego warto wybra\u0107 rezydencj\u0119 na Cyprze P\u00f3\u0142nocnym?<\/strong><\/p>\n\n<ol class=\"wp-block-list\">\n<li><strong>Do\u015bwiadczenie, na kt\u00f3rym mo\u017cna polega\u0107<\/strong>: Dzi\u0119ki wieloletniemu do\u015bwiadczeniu na cypryjskim rynku nieruchomo\u015bci, nasi wykwalifikowani agenci rozumiej\u0105 zawi\u0142o\u015bci zar\u00f3wno kupna, jak i sprzeda\u017cy nieruchomo\u015bci. Nie tylko sprzedajemy domy; sprzedajemy cypryjskie do\u015bwiadczenie.<\/li>\n\n\n\n<li><strong>Dostosowane oferty<\/strong>: Nasza kompleksowa baza danych jest stale aktualizowana, zapewniaj\u0105c dost\u0119p do najlepszych nieruchomo\u015bci odpowiadaj\u0105cych Twoim unikalnym potrzebom i bud\u017cetowi.<\/li>\n\n\n\n<li><strong>Informacje lokalne<\/strong>: Opr\u00f3cz samych nieruchomo\u015bci oferujemy wgl\u0105d w lokalne spo\u0142eczno\u015bci, szko\u0142y, udogodnienia i styl \u017cycia. Zrozum, co oferuje ka\u017cda okolica i znajd\u017a miejsce, do kt\u00f3rego naprawd\u0119 nale\u017cysz.<\/li>\n\n\n\n<li><strong>Przejrzyste procesy<\/strong>: Jeste\u015bmy dumni z naszego przejrzystego i etycznego podej\u015bcia. \u017badnych ukrytych op\u0142at, \u017cadnych niespodzianek. Po prostu uczciwa, profesjonalna obs\u0142uga.<\/li>\n\n\n\n<li><strong>Kompleksowa pomoc<\/strong>: Od procedur prawnych po przeprowadzk\u0119, pomagamy na ka\u017cdym kroku. Nasza wsp\u00f3\u0142praca z lokalnymi dostawcami us\u0142ug zapewnia p\u0142ynne i bezproblemowe przej\u015bcie.<\/li>\n\n\n\n<li><strong>Doskona\u0142e wsparcie posprzeda\u017cowe<\/strong>: Nasze relacje nie ko\u0144cz\u0105 si\u0119 na sprzeda\u017cy. Oferujemy sta\u0142e wsparcie, zapewniaj\u0105c zadomowienie i zadowolenie w nowym domu.<\/li>\n\n\n\n<li><strong>Optymalne mo\u017cliwo\u015bci inwestycyjne<\/strong>: Cypr oferuje lukratywny rynek nieruchomo\u015bci z nieruchomo\u015bciami wykazuj\u0105cymi siln\u0105 aprecjacj\u0119. Nasi agenci s\u0105 przeszkoleni w zakresie wykrywania najlepszych mo\u017cliwo\u015bci inwestycyjnych w celu uzyskania maksymalnego zwrotu z inwestycji.<\/li>\n<\/ol>\n\n<p><strong>Poznaj pi\u0119kno Cypru<\/strong><\/p>\n\n<p>Z\u0142ote piaszczyste pla\u017ce, lazurowe wody, zabytki i bogata kultura &#8211; Cypr to co\u015b wi\u0119cej ni\u017c cel podr\u00f3\u017cy; to odkrywcza podr\u00f3\u017c. W North Cyprus Residence pomo\u017cemy Ci wyruszy\u0107 w t\u0119 podr\u00f3\u017c, upewniaj\u0105c si\u0119, \u017ce znajdziesz rezydencj\u0119, kt\u00f3ra jest czym\u015b wi\u0119cej ni\u017c domem.<\/p>\n\n<p>Skontaktuj si\u0119 z nami ju\u017c dzi\u015b i zamie\u0144my Twoje cypryjskie marzenie w rzeczywisto\u015b\u0107.<\/p>\n","protected":false},"excerpt":{"rendered":"<p>Odkryj urzekaj\u0105cy urok Cypru dzi\u0119ki naszym obszernym ofertom nieruchomo\u015bci. W North Cyprus Residence \u0142\u0105czymy sztuk\u0119 cypryjskiego \u017cycia z nauk\u0105 o nieruchomo\u015bciach, zapewniaj\u0105c dom, kt\u00f3ry nie jest tylko budynkiem, ale stylem \u017cycia. Dlaczego warto wybra\u0107 rezydencj\u0119 na Cyprze P\u00f3\u0142nocnym? Poznaj pi\u0119kno Cypru Z\u0142ote piaszczyste pla\u017ce, lazurowe wody, zabytki i bogata kultura &#8211; Cypr to co\u015b wi\u0119cej ni\u017c cel podr\u00f3\u017cy; to odkrywcza podr\u00f3\u017c. W North Cyprus &#8230;<\/p>\n","protected":false},"author":1,"featured_media":0,"parent":0,"menu_order":0,"comment_status":"closed","ping_status":"closed","template":"","meta":{"inline_featured_image":false,"footnotes":""},"class_list":["post-24758","page","type-page","status-publish","hentry"],"_links":{"self":[{"href":"https:\/\/cy-realty.com\/pl\/wp-json\/wp\/v2\/pages\/24758","targetHints":{"allow":["GET"]}}],"collection":[{"href":"https:\/\/cy-realty.com\/pl\/wp-json\/wp\/v2\/pages"}],"about":[{"href":"https:\/\/cy-realty.com\/pl\/wp-json\/wp\/v2\/types\/page"}],"author":[{"embeddable":true,"href":"https:\/\/cy-realty.com\/pl\/wp-json\/wp\/v2\/users\/1"}],"replies":[{"embeddable":true,"href":"https:\/\/cy-realty.com\/pl\/wp-json\/wp\/v2\/comments?post=24758"}],"version-history":[{"count":0,"href":"https:\/\/cy-realty.com\/pl\/wp-json\/wp\/v2\/pages\/24758\/revisions"}],"wp:attachment":[{"href":"https:\/\/cy-realty.com\/pl\/wp-json\/wp\/v2\/media?parent=24758"}],"curies":[{"name":"wp","href":"https:\/\/api.w.org\/{rel}","templated":true}]}}