{"id":30456,"date":"2023-12-09T13:33:11","date_gmt":"2023-12-09T10:33:11","guid":{"rendered":"https:\/\/cy-realty.com\/buy-real-estate-in-limassol\/"},"modified":"2023-12-10T11:36:47","modified_gmt":"2023-12-10T08:36:47","slug":"acquista-immobili-limassol","status":"publish","type":"page","link":"https:\/\/cy-realty.com\/it\/acquista-immobili-limassol\/","title":{"rendered":"Acquista Immobili a Limassol"},"content":{"rendered":"<p>Scopri le propriet\u00e0 pi\u00f9 squisite in vendita a Limassol, Cipro. Sia che tu stia cercando di acquistare o vendere, la tua esperienza immobiliare ideale inizia qui. Acquista o vendi propriet\u00e0, inclusi appartamenti, case e ville, in questa vibrante citt\u00e0 mediterranea. Limassol, un vivace centro sulla costa di Cipro, \u00e8 il luogo dove i sogni di possedere una propriet\u00e0 affacciata sull&#8217;incantevole Mare Mediterraneo diventano realt\u00e0. Questa citt\u00e0, ricca di cultura e splendore scenico, offre una variet\u00e0 di propriet\u00e0 per coloro che sono ansiosi di investire o trovare la loro nuova casa. Dagli eleganti appartamenti e monolocali alle lussuose ville, ogni propriet\u00e0 offre l&#8217;opportunit\u00e0 di immergersi in uno stile di vita lussuoso sul lungomare.<\/p>\n","protected":false},"excerpt":{"rendered":"<p>Scopri le propriet\u00e0 pi\u00f9 squisite in vendita a Limassol, Cipro. Sia che tu stia cercando di acquistare o vendere, la tua esperienza immobiliare ideale inizia qui. Acquista o vendi propriet\u00e0, inclusi appartamenti, case e ville, in questa vibrante citt\u00e0 mediterranea. Limassol, un vivace centro sulla costa di Cipro, \u00e8 il luogo dove i sogni di possedere una propriet\u00e0 affacciata sull&#8217;incantevole Mare Mediterraneo diventano realt\u00e0. &#8230;<\/p>\n","protected":false},"author":1,"featured_media":0,"parent":0,"menu_order":0,"comment_status":"closed","ping_status":"closed","template":"property_list.php","meta":{"inline_featured_image":false,"footnotes":""},"class_list":["post-30456","page","type-page","status-publish","hentry"],"_links":{"self":[{"href":"https:\/\/cy-realty.com\/it\/wp-json\/wp\/v2\/pages\/30456","targetHints":{"allow":["GET"]}}],"collection":[{"href":"https:\/\/cy-realty.com\/it\/wp-json\/wp\/v2\/pages"}],"about":[{"href":"https:\/\/cy-realty.com\/it\/wp-json\/wp\/v2\/types\/page"}],"author":[{"embeddable":true,"href":"https:\/\/cy-realty.com\/it\/wp-json\/wp\/v2\/users\/1"}],"replies":[{"embeddable":true,"href":"https:\/\/cy-realty.com\/it\/wp-json\/wp\/v2\/comments?post=30456"}],"version-history":[{"count":0,"href":"https:\/\/cy-realty.com\/it\/wp-json\/wp\/v2\/pages\/30456\/revisions"}],"wp:attachment":[{"href":"https:\/\/cy-realty.com\/it\/wp-json\/wp\/v2\/media?parent=30456"}],"curies":[{"name":"wp","href":"https:\/\/api.w.org\/{rel}","templated":true}]}}