{"id":30435,"date":"2023-12-09T13:15:03","date_gmt":"2023-12-09T10:15:03","guid":{"rendered":"https:\/\/cy-realty.com\/larnaca-property-for-sale\/"},"modified":"2023-12-10T10:28:50","modified_gmt":"2023-12-10T07:28:50","slug":"acquistare-proprieta-larnaca","status":"publish","type":"page","link":"https:\/\/cy-realty.com\/it\/acquistare-proprieta-larnaca\/","title":{"rendered":"Acquistare una propriet\u00e0 a Larnaca"},"content":{"rendered":"<p>Scopri immobili eccezionali a Larnaca, Cipro. Acquista o vendi case, appartamenti e ville in questa splendida localit\u00e0 mediterranea. Che tu stia cercando di acquistare o vendere, il tuo viaggio nel mondo immobiliare inizia qui. Larnaca, citt\u00e0 immersa nella storia e nell&#8217;incanto del Mediterraneo, offre una vasta gamma di propriet\u00e0, inclusi appartamenti accessibili, ville di lusso e case accoglienti. Ogni propriet\u00e0 offre l&#8217;opportunit\u00e0 di immergersi in uno stile di vita definito dalla vita fronte mare e dalla bellezza scenica.<\/p>\n","protected":false},"excerpt":{"rendered":"<p>Scopri immobili eccezionali a Larnaca, Cipro. Acquista o vendi case, appartamenti e ville in questa splendida localit\u00e0 mediterranea. Che tu stia cercando di acquistare o vendere, il tuo viaggio nel mondo immobiliare inizia qui. Larnaca, citt\u00e0 immersa nella storia e nell&#8217;incanto del Mediterraneo, offre una vasta gamma di propriet\u00e0, inclusi appartamenti accessibili, ville di lusso e case accoglienti. Ogni propriet\u00e0 offre l&#8217;opportunit\u00e0 di immergersi &#8230;<\/p>\n","protected":false},"author":1,"featured_media":0,"parent":0,"menu_order":0,"comment_status":"closed","ping_status":"closed","template":"property_list.php","meta":{"inline_featured_image":false,"footnotes":""},"class_list":["post-30435","page","type-page","status-publish","hentry"],"_links":{"self":[{"href":"https:\/\/cy-realty.com\/it\/wp-json\/wp\/v2\/pages\/30435","targetHints":{"allow":["GET"]}}],"collection":[{"href":"https:\/\/cy-realty.com\/it\/wp-json\/wp\/v2\/pages"}],"about":[{"href":"https:\/\/cy-realty.com\/it\/wp-json\/wp\/v2\/types\/page"}],"author":[{"embeddable":true,"href":"https:\/\/cy-realty.com\/it\/wp-json\/wp\/v2\/users\/1"}],"replies":[{"embeddable":true,"href":"https:\/\/cy-realty.com\/it\/wp-json\/wp\/v2\/comments?post=30435"}],"version-history":[{"count":0,"href":"https:\/\/cy-realty.com\/it\/wp-json\/wp\/v2\/pages\/30435\/revisions"}],"wp:attachment":[{"href":"https:\/\/cy-realty.com\/it\/wp-json\/wp\/v2\/media?parent=30435"}],"curies":[{"name":"wp","href":"https:\/\/api.w.org\/{rel}","templated":true}]}}