{"id":30403,"date":"2023-12-09T13:49:51","date_gmt":"2023-12-09T10:49:51","guid":{"rendered":"https:\/\/cy-realty.com\/comprare-immobili-a-ayia-napa\/"},"modified":"2023-12-09T22:56:40","modified_gmt":"2023-12-09T19:56:40","slug":"comprare-immobili-a-ayia-napa","status":"publish","type":"page","link":"https:\/\/cy-realty.com\/it\/comprare-immobili-a-ayia-napa\/","title":{"rendered":"Comprare immobili a Ayia Napa"},"content":{"rendered":"<p>Scopri immobili di prestigio ad Ayia Napa, Cipro. Acquista o vendi propriet\u00e0, incluse appartamenti, case e ville, in questa splendida localit\u00e0 mediterranea. Esplorate le pi\u00f9 belle propriet\u00e0 in vendita ad Ayia Napa, un gioiello vibrante di Cipro. Che si tratti di acquisto o vendita, il vostro viaggio immobiliare in questo paradiso mediterraneo inizia qui. Ayia Napa, rinomata per il suo splendido lungomare e lo stile di vita vivace, offre una vasta gamma di propriet\u00e0. Dai moderni appartamenti e monolocali alle lussuose ville, ogni propriet\u00e0 offre un&#8217;opportunit\u00e0 unica di vivere uno stile di vita straordinario in riva al Mar Mediterraneo.<\/p>\n","protected":false},"excerpt":{"rendered":"<p>Scopri immobili di prestigio ad Ayia Napa, Cipro. Acquista o vendi propriet\u00e0, incluse appartamenti, case e ville, in questa splendida localit\u00e0 mediterranea. Esplorate le pi\u00f9 belle propriet\u00e0 in vendita ad Ayia Napa, un gioiello vibrante di Cipro. Che si tratti di acquisto o vendita, il vostro viaggio immobiliare in questo paradiso mediterraneo inizia qui. Ayia Napa, rinomata per il suo splendido lungomare e lo &#8230;<\/p>\n","protected":false},"author":1,"featured_media":0,"parent":0,"menu_order":0,"comment_status":"closed","ping_status":"closed","template":"property_list.php","meta":{"inline_featured_image":false,"footnotes":""},"class_list":["post-30403","page","type-page","status-publish","hentry"],"_links":{"self":[{"href":"https:\/\/cy-realty.com\/it\/wp-json\/wp\/v2\/pages\/30403","targetHints":{"allow":["GET"]}}],"collection":[{"href":"https:\/\/cy-realty.com\/it\/wp-json\/wp\/v2\/pages"}],"about":[{"href":"https:\/\/cy-realty.com\/it\/wp-json\/wp\/v2\/types\/page"}],"author":[{"embeddable":true,"href":"https:\/\/cy-realty.com\/it\/wp-json\/wp\/v2\/users\/1"}],"replies":[{"embeddable":true,"href":"https:\/\/cy-realty.com\/it\/wp-json\/wp\/v2\/comments?post=30403"}],"version-history":[{"count":0,"href":"https:\/\/cy-realty.com\/it\/wp-json\/wp\/v2\/pages\/30403\/revisions"}],"wp:attachment":[{"href":"https:\/\/cy-realty.com\/it\/wp-json\/wp\/v2\/media?parent=30403"}],"curies":[{"name":"wp","href":"https:\/\/api.w.org\/{rel}","templated":true}]}}