{"id":30366,"date":"2023-12-09T12:05:40","date_gmt":"2023-12-09T09:05:40","guid":{"rendered":"https:\/\/cy-realty.com\/immobili-in-vendita-a-esentepe\/"},"modified":"2023-12-09T20:44:09","modified_gmt":"2023-12-09T17:44:09","slug":"immobili-in-vendita-a-esentepe","status":"publish","type":"page","link":"https:\/\/cy-realty.com\/it\/immobili-in-vendita-a-esentepe\/","title":{"rendered":"Immobili in vendita a Esentepe"},"content":{"rendered":"<p>Scoprite le pi\u00f9 belle propriet\u00e0 in vendita a Esentepe, un gioiello sereno incastonato a Kyrenia, Cipro Nord. Acquistate o vendete propriet\u00e0, tra cui appartamenti, case e ville in questo idilliaco scenario mediterraneo. Iniziate il vostro viaggio immobiliare in questa incantevole localit\u00e0, sia che siate sul mercato per acquistare o vendere case, appartamenti o ville di lusso. Esentepe, una localit\u00e0 ricca di storia e di bellezze paesaggistiche, offre un ricco arazzo di propriet\u00e0 per chi desidera immergersi in uno stile di vita mediterraneo. Dagli eleganti appartamenti alle grandiose ville, ogni propriet\u00e0 offre una porta d&#8217;accesso a una vita di lusso lungo la costa incontaminata del mare.<\/p>\n","protected":false},"excerpt":{"rendered":"<p>Scoprite le pi\u00f9 belle propriet\u00e0 in vendita a Esentepe, un gioiello sereno incastonato a Kyrenia, Cipro Nord. Acquistate o vendete propriet\u00e0, tra cui appartamenti, case e ville in questo idilliaco scenario mediterraneo. Iniziate il vostro viaggio immobiliare in questa incantevole localit\u00e0, sia che siate sul mercato per acquistare o vendere case, appartamenti o ville di lusso. Esentepe, una localit\u00e0 ricca di storia e di &#8230;<\/p>\n","protected":false},"author":1,"featured_media":0,"parent":0,"menu_order":0,"comment_status":"closed","ping_status":"closed","template":"property_list.php","meta":{"inline_featured_image":false,"footnotes":""},"class_list":["post-30366","page","type-page","status-publish","hentry"],"_links":{"self":[{"href":"https:\/\/cy-realty.com\/it\/wp-json\/wp\/v2\/pages\/30366","targetHints":{"allow":["GET"]}}],"collection":[{"href":"https:\/\/cy-realty.com\/it\/wp-json\/wp\/v2\/pages"}],"about":[{"href":"https:\/\/cy-realty.com\/it\/wp-json\/wp\/v2\/types\/page"}],"author":[{"embeddable":true,"href":"https:\/\/cy-realty.com\/it\/wp-json\/wp\/v2\/users\/1"}],"replies":[{"embeddable":true,"href":"https:\/\/cy-realty.com\/it\/wp-json\/wp\/v2\/comments?post=30366"}],"version-history":[{"count":0,"href":"https:\/\/cy-realty.com\/it\/wp-json\/wp\/v2\/pages\/30366\/revisions"}],"wp:attachment":[{"href":"https:\/\/cy-realty.com\/it\/wp-json\/wp\/v2\/media?parent=30366"}],"curies":[{"name":"wp","href":"https:\/\/api.w.org\/{rel}","templated":true}]}}