{"id":30331,"date":"2023-12-09T10:45:43","date_gmt":"2023-12-09T07:45:43","guid":{"rendered":"https:\/\/cy-realty.com\/iskele-real-estate-for-sale\/"},"modified":"2023-12-09T18:35:32","modified_gmt":"2023-12-09T15:35:32","slug":"immobili-iskele-vendita","status":"publish","type":"page","link":"https:\/\/cy-realty.com\/it\/immobili-iskele-vendita\/","title":{"rendered":"Immobili di Iskele in Vendita"},"content":{"rendered":"<p>Esplora le migliori propriet\u00e0 in vendita a Iskele, Cipro. Inizia qui il tuo ideale percorso immobiliare, sia che tu stia acquistando o vendendo case, appartamenti o lussuose ville. Acquista o vendi case, appartamenti e ville in questa incantevole localit\u00e0 mediterranea. Iskele, una gemma costiera nel Cipro del Nord, offre sogni immobiliari affacciati sul seducente Mare Mediterraneo. Questa citt\u00e0, ricca di storia e bellezza naturale, propone una gamma unica di propriet\u00e0 per coloro che desiderano acquistare o vendere. Dagli appartamenti moderni alle ville opulente, ogni propriet\u00e0 \u00e8 un invito a uno straordinario stile di vita in riva al mare.<\/p>\n","protected":false},"excerpt":{"rendered":"<p>Esplora le migliori propriet\u00e0 in vendita a Iskele, Cipro. Inizia qui il tuo ideale percorso immobiliare, sia che tu stia acquistando o vendendo case, appartamenti o lussuose ville. Acquista o vendi case, appartamenti e ville in questa incantevole localit\u00e0 mediterranea. Iskele, una gemma costiera nel Cipro del Nord, offre sogni immobiliari affacciati sul seducente Mare Mediterraneo. Questa citt\u00e0, ricca di storia e bellezza naturale, &#8230;<\/p>\n","protected":false},"author":1,"featured_media":0,"parent":0,"menu_order":0,"comment_status":"closed","ping_status":"closed","template":"property_list.php","meta":{"inline_featured_image":false,"footnotes":""},"class_list":["post-30331","page","type-page","status-publish","hentry"],"_links":{"self":[{"href":"https:\/\/cy-realty.com\/it\/wp-json\/wp\/v2\/pages\/30331","targetHints":{"allow":["GET"]}}],"collection":[{"href":"https:\/\/cy-realty.com\/it\/wp-json\/wp\/v2\/pages"}],"about":[{"href":"https:\/\/cy-realty.com\/it\/wp-json\/wp\/v2\/types\/page"}],"author":[{"embeddable":true,"href":"https:\/\/cy-realty.com\/it\/wp-json\/wp\/v2\/users\/1"}],"replies":[{"embeddable":true,"href":"https:\/\/cy-realty.com\/it\/wp-json\/wp\/v2\/comments?post=30331"}],"version-history":[{"count":0,"href":"https:\/\/cy-realty.com\/it\/wp-json\/wp\/v2\/pages\/30331\/revisions"}],"wp:attachment":[{"href":"https:\/\/cy-realty.com\/it\/wp-json\/wp\/v2\/media?parent=30331"}],"curies":[{"name":"wp","href":"https:\/\/api.w.org\/{rel}","templated":true}]}}