{"id":30260,"date":"2023-12-07T19:30:06","date_gmt":"2023-12-07T16:30:06","guid":{"rendered":"https:\/\/cy-realty.com\/paphos-real-estate-for-sale\/"},"modified":"2023-12-07T23:56:26","modified_gmt":"2023-12-07T20:56:26","slug":"proprieta-vendita-paphos","status":"publish","type":"page","link":"https:\/\/cy-realty.com\/it\/proprieta-vendita-paphos\/","title":{"rendered":"Propriet\u00e0 in Vendita a Paphos"},"content":{"rendered":"<p>Scopri le propriet\u00e0 pi\u00f9 raffinate in vendita a Paphos, Cipro. Acquista o vendi propriet\u00e0, inclusi appartamenti, case e ville, in questo paradiso mediterraneo. Paphos, nota anche come Pafos, \u00e8 il gioiello di Cipro, dove i sogni immobiliari si realizzano accanto all&#8217;incantevole Mare Mediterraneo. Questa citt\u00e0, ricca di storia e bellezza paesaggistica, offre una collezione diversificata di propriet\u00e0 per coloro che sono desiderosi di acquistare o vendere. Dagli appartamenti chic alle ville opulente, ogni propriet\u00e0 apre la porta a uno stile di vita straordinario lungo la riva del mare.<\/p>\n","protected":false},"excerpt":{"rendered":"<p>Scopri le propriet\u00e0 pi\u00f9 raffinate in vendita a Paphos, Cipro. Acquista o vendi propriet\u00e0, inclusi appartamenti, case e ville, in questo paradiso mediterraneo. Paphos, nota anche come Pafos, \u00e8 il gioiello di Cipro, dove i sogni immobiliari si realizzano accanto all&#8217;incantevole Mare Mediterraneo. Questa citt\u00e0, ricca di storia e bellezza paesaggistica, offre una collezione diversificata di propriet\u00e0 per coloro che sono desiderosi di acquistare &#8230;<\/p>\n","protected":false},"author":1,"featured_media":0,"parent":0,"menu_order":0,"comment_status":"closed","ping_status":"closed","template":"property_list.php","meta":{"inline_featured_image":false,"footnotes":""},"class_list":["post-30260","page","type-page","status-publish","hentry"],"_links":{"self":[{"href":"https:\/\/cy-realty.com\/it\/wp-json\/wp\/v2\/pages\/30260","targetHints":{"allow":["GET"]}}],"collection":[{"href":"https:\/\/cy-realty.com\/it\/wp-json\/wp\/v2\/pages"}],"about":[{"href":"https:\/\/cy-realty.com\/it\/wp-json\/wp\/v2\/types\/page"}],"author":[{"embeddable":true,"href":"https:\/\/cy-realty.com\/it\/wp-json\/wp\/v2\/users\/1"}],"replies":[{"embeddable":true,"href":"https:\/\/cy-realty.com\/it\/wp-json\/wp\/v2\/comments?post=30260"}],"version-history":[{"count":0,"href":"https:\/\/cy-realty.com\/it\/wp-json\/wp\/v2\/pages\/30260\/revisions"}],"wp:attachment":[{"href":"https:\/\/cy-realty.com\/it\/wp-json\/wp\/v2\/media?parent=30260"}],"curies":[{"name":"wp","href":"https:\/\/api.w.org\/{rel}","templated":true}]}}