{"id":30214,"date":"2023-12-07T00:31:20","date_gmt":"2023-12-06T21:31:20","guid":{"rendered":"https:\/\/cy-realty.com\/kyrenia-real-estate-for-sale\/"},"modified":"2023-12-07T11:58:31","modified_gmt":"2023-12-07T08:58:31","slug":"immobili-vendita-kyrenia","status":"publish","type":"page","link":"https:\/\/cy-realty.com\/it\/immobili-vendita-kyrenia\/","title":{"rendered":"Immobili in Vendita a Kyrenia"},"content":{"rendered":"\n<p>Scopri le propriet\u00e0 pi\u00f9 raffinate in vendita a Kyrenia, Cipro. La tua avventura immobiliare ideale inizia qui &#8211; sia che tu stia acquistando o vendendo case, appartamenti o ville di lusso. Kyrenia, nota anche come Girne, \u00e8 il gioiello di Cipro, dove i sogni immobiliari diventano realt\u00e0 incantata sul Mare Mediterraneo. Questa citt\u00e0, ricca di storia e bellezza scenica, offre una collezione diversificata di propriet\u00e0 per coloro che sono ansiosi di comprare o vendere. Dagli eleganti appartamenti alle lussuose ville, ogni propriet\u00e0 apre le porte a uno straordinario stile di vita lungo la riva del mare.<\/p>\n","protected":false},"excerpt":{"rendered":"<p>Scopri le propriet\u00e0 pi\u00f9 raffinate in vendita a Kyrenia, Cipro. La tua avventura immobiliare ideale inizia qui &#8211; sia che tu stia acquistando o vendendo case, appartamenti o ville di lusso. Kyrenia, nota anche come Girne, \u00e8 il gioiello di Cipro, dove i sogni immobiliari diventano realt\u00e0 incantata sul Mare Mediterraneo. Questa citt\u00e0, ricca di storia e bellezza scenica, offre una collezione diversificata di &#8230;<\/p>\n","protected":false},"author":1,"featured_media":0,"parent":0,"menu_order":0,"comment_status":"closed","ping_status":"closed","template":"property_list.php","meta":{"inline_featured_image":false,"footnotes":""},"class_list":["post-30214","page","type-page","status-publish","hentry"],"_links":{"self":[{"href":"https:\/\/cy-realty.com\/it\/wp-json\/wp\/v2\/pages\/30214","targetHints":{"allow":["GET"]}}],"collection":[{"href":"https:\/\/cy-realty.com\/it\/wp-json\/wp\/v2\/pages"}],"about":[{"href":"https:\/\/cy-realty.com\/it\/wp-json\/wp\/v2\/types\/page"}],"author":[{"embeddable":true,"href":"https:\/\/cy-realty.com\/it\/wp-json\/wp\/v2\/users\/1"}],"replies":[{"embeddable":true,"href":"https:\/\/cy-realty.com\/it\/wp-json\/wp\/v2\/comments?post=30214"}],"version-history":[{"count":0,"href":"https:\/\/cy-realty.com\/it\/wp-json\/wp\/v2\/pages\/30214\/revisions"}],"wp:attachment":[{"href":"https:\/\/cy-realty.com\/it\/wp-json\/wp\/v2\/media?parent=30214"}],"curies":[{"name":"wp","href":"https:\/\/api.w.org\/{rel}","templated":true}]}}