{"id":25053,"date":"2023-10-03T22:49:51","date_gmt":"2023-10-03T19:49:51","guid":{"rendered":"https:\/\/cy-realty.com\/famagosta\/"},"modified":"2023-12-06T22:16:36","modified_gmt":"2023-12-06T19:16:36","slug":"immobili-vendita-famagosta","status":"publish","type":"page","link":"https:\/\/cy-realty.com\/it\/immobili-vendita-famagosta\/","title":{"rendered":"Immobili in vendita a Famagosta"},"content":{"rendered":"\n<p>Esplora le migliori propriet\u00e0 in vendita a Famagusta, Cipro. Il tuo immobile ideale ti aspetta: compra o vendi case, appartamenti e ville facilmente. Scoprite il fascino di Famagosta, la gemma di Cipro, dove i sogni immobiliari diventano realt\u00e0 in riva all&#8217;incantevole Mar Mediterraneo. Famagosta, una citt\u00e0 ricca di storia e di bellezza, offre una collezione unica di propriet\u00e0 per chi desidera acquistare o vendere. Dagli eleganti appartamenti alle lussuose ville, ogni propriet\u00e0 \u00e8 una porta d&#8217;accesso a uno straordinario stile di vita in riva al mare.<\/p>\n","protected":false},"excerpt":{"rendered":"<p>Esplora le migliori propriet\u00e0 in vendita a Famagusta, Cipro. Il tuo immobile ideale ti aspetta: compra o vendi case, appartamenti e ville facilmente. Scoprite il fascino di Famagosta, la gemma di Cipro, dove i sogni immobiliari diventano realt\u00e0 in riva all&#8217;incantevole Mar Mediterraneo. Famagosta, una citt\u00e0 ricca di storia e di bellezza, offre una collezione unica di propriet\u00e0 per chi desidera acquistare o vendere. &#8230;<\/p>\n","protected":false},"author":1,"featured_media":0,"parent":0,"menu_order":0,"comment_status":"closed","ping_status":"closed","template":"property_list.php","meta":{"inline_featured_image":false,"footnotes":""},"class_list":["post-25053","page","type-page","status-publish","hentry"],"_links":{"self":[{"href":"https:\/\/cy-realty.com\/it\/wp-json\/wp\/v2\/pages\/25053","targetHints":{"allow":["GET"]}}],"collection":[{"href":"https:\/\/cy-realty.com\/it\/wp-json\/wp\/v2\/pages"}],"about":[{"href":"https:\/\/cy-realty.com\/it\/wp-json\/wp\/v2\/types\/page"}],"author":[{"embeddable":true,"href":"https:\/\/cy-realty.com\/it\/wp-json\/wp\/v2\/users\/1"}],"replies":[{"embeddable":true,"href":"https:\/\/cy-realty.com\/it\/wp-json\/wp\/v2\/comments?post=25053"}],"version-history":[{"count":0,"href":"https:\/\/cy-realty.com\/it\/wp-json\/wp\/v2\/pages\/25053\/revisions"}],"wp:attachment":[{"href":"https:\/\/cy-realty.com\/it\/wp-json\/wp\/v2\/media?parent=25053"}],"curies":[{"name":"wp","href":"https:\/\/api.w.org\/{rel}","templated":true}]}}