{"id":25019,"date":"2023-10-31T10:07:53","date_gmt":"2023-10-31T07:07:53","guid":{"rendered":"https:\/\/cy-realty.com\/informativa-sulla-privacy-2\/"},"modified":"2023-10-31T10:32:18","modified_gmt":"2023-10-31T07:32:18","slug":"informativa-sulla-privacy-2","status":"publish","type":"page","link":"https:\/\/cy-realty.com\/it\/informativa-sulla-privacy-2\/","title":{"rendered":"Informativa sulla privacy"},"content":{"rendered":"<p>La presente Informativa sulla privacy disciplina il modo in cui il team Cyprus Real Estate raccoglie, utilizza, conserva e divulga le informazioni raccolte dai visitatori e dagli utenti (ciascuno, un &#8220;Utente&#8221;) del sito web (&#8220;Sito&#8221;), accessibile dal sito http:\/\/cy-realty.com\/. Questa politica sulla privacy si applica al Sito e a tutti i prodotti e servizi offerti dal team Cyprus Real Estate. Una delle nostre principali priorit\u00e0 \u00e8 la privacy dei nostri visitatori e utenti. Se avete ulteriori domande o desiderate maggiori informazioni sulla nostra Informativa sulla privacy, non esitate a contattarci.<\/p>\n<p><span style=\"font-family: georgia, palatino, serif; font-size: 18pt;\"><strong>Regolamento generale sulla protezione dei dati (GDPR)<\/strong><\/span><\/p>\n<p>Siamo un Titolare del trattamento dei vostri dati.<\/p>\n<p>La base giuridica del team Cyprus Real Estate per la raccolta e l&#8217;utilizzo dei dati personali descritti nella presente Informativa sulla privacy dipende dai dati personali raccolti e dal contesto specifico in cui vengono raccolti:<\/p>\n<ul>\n<li>Cyprus Real Estate ha bisogno di eseguire un contratto con l&#8217;utente<\/li>\n<li>L&#8217;utente ha dato a Cyprus Real Estate il permesso di farlo<\/li>\n<li>L&#8217;elaborazione dei dati personali dell&#8217;utente rientra nei legittimi interessi di Cyprus Real Estate.<\/li>\n<li>Il settore immobiliare di Cipro deve essere conforme alla legge<\/li>\n<\/ul>\n<p>Cyprus Real Estate conserver\u00e0 le informazioni personali dell&#8217;utente solo per il tempo necessario agli scopi indicati nella presente Informativa sulla privacy. Conserveremo e utilizzeremo le informazioni dell&#8217;utente nella misura necessaria per adempiere ai nostri obblighi legali, risolvere le controversie e applicare le nostre politiche.<\/p>\n<p>Se siete residenti nello Spazio Economico Europeo (SEE), avete alcuni diritti di protezione dei dati. Se desiderate essere informati su quali informazioni personali deteniamo su di voi e se volete che siano rimosse dai nostri sistemi, contattateci.<\/p>\n<p>In determinate circostanze, avete i seguenti diritti di protezione dei dati:<\/p>\n<ul>\n<li>Il diritto di accedere, aggiornare o cancellare le informazioni in nostro possesso sull&#8217;utente.<\/li>\n<li>Il diritto di rettifica<\/li>\n<li>Il diritto all&#8217;obiezione<\/li>\n<li>Il diritto di restrizione<\/li>\n<li>Il diritto alla portabilit\u00e0 dei dati<\/li>\n<li>Il diritto di ritirare il consenso<\/li>\n<\/ul>\n<p><span style=\"font-size: 18pt; font-family: georgia, palatino, serif;\"><strong>Informazioni di identificazione personale<\/strong><\/span><\/p>\n<p>Possiamo raccogliere informazioni di identificazione personale dagli Utenti in vari modi in relazione alle attivit\u00e0, ai servizi, alle funzioni o alle risorse che rendiamo disponibili sul nostro Sito. Gli utenti possono visitare il nostro Sito in forma anonima. Raccoglieremo informazioni di identificazione personale dagli utenti solo se questi ci invieranno volontariamente tali informazioni. Gli utenti possono sempre rifiutarsi di fornire informazioni di identificazione personale, tranne che per il fatto che ci\u00f2 potrebbe impedire loro di partecipare a determinate attivit\u00e0 legate al Sito.<\/p>\n<p><span style=\"font-family: georgia, palatino, serif; font-size: 18pt;\"><strong>Informazioni di identificazione non personali<\/strong><\/span><\/p>\n<p>Possiamo raccogliere informazioni di identificazione non personali sugli utenti ogni volta che interagiscono con il nostro sito. Le informazioni di identificazione non personale possono includere il nome del browser, il tipo di computer e le informazioni tecniche sui mezzi di connessione degli utenti al nostro Sito, come il sistema operativo e i fornitori di servizi Internet utilizzati e altre informazioni simili.<\/p>\n<p><span style=\"font-size: 18pt; font-family: georgia, palatino, serif;\"><strong>Informazioni sui bambini<\/strong><\/span><\/p>\n<p>Un&#8217;altra delle nostre priorit\u00e0 \u00e8 l&#8217;aggiunta di una protezione per i bambini durante l&#8217;utilizzo di Internet. Incoraggiamo i genitori e i tutori a osservare, partecipare e\/o monitorare e guidare la loro attivit\u00e0 online.<\/p>\n<p>Il team di Cyprus Real Estate non raccoglie consapevolmente alcuna informazione di identificazione personale da bambini di et\u00e0 inferiore ai 13 anni. Se pensate che vostro figlio abbia fornito questo tipo di informazioni sul nostro sito web, vi invitiamo a contattarci immediatamente e faremo del nostro meglio per rimuovere prontamente tali informazioni dai nostri archivi.<\/p>\n<p><span style=\"font-family: georgia, palatino, serif; font-size: 18pt;\"><strong>File di registro<\/strong><\/span><\/p>\n<p>Il team di Cyprus Real Estate segue una procedura standard di utilizzo dei file di log. Questi file registrano i visitatori quando visitano i siti web. Tutte le societ\u00e0 di hosting lo fanno e fa parte dell&#8217;analisi dei servizi di hosting. Le informazioni raccolte dai file di registro comprendono gli indirizzi di protocollo Internet (IP), il tipo di browser, il provider di servizi Internet (ISP), la data e l&#8217;ora, le pagine di riferimento\/uscita ed eventualmente il numero di clic. Questi non sono collegati ad alcuna informazione di identificazione personale. Lo scopo delle informazioni \u00e8 quello di analizzare le tendenze, amministrare il sito, monitorare i movimenti degli utenti sul sito e raccogliere informazioni demografiche.<\/p>\n<p><span style=\"font-size: 18pt; font-family: georgia, palatino, serif;\"><strong>Cookie del browser web<\/strong><\/span><\/p>\n<p>Come qualsiasi altro sito web, il nostro sito pu\u00f2 utilizzare i &#8220;cookie&#8221; per migliorare l&#8217;esperienza dell&#8217;utente. Il browser Web dell&#8217;utente inserisce i cookie sul suo disco rigido a scopo di registrazione e, talvolta, per tracciare le informazioni che lo riguardano. L&#8217;utente pu\u00f2 scegliere di impostare il proprio browser web in modo da rifiutare i cookie o da essere avvisato dell&#8217;invio di cookie. In tal caso, si noti che alcune parti del Sito potrebbero non funzionare correttamente.<\/p>\n<p>Questi cookie vengono utilizzati per memorizzare informazioni, tra cui le preferenze dei visitatori e le pagine del sito web che il visitatore ha visitato. Le informazioni vengono utilizzate per ottimizzare l&#8217;esperienza degli utenti, personalizzando il contenuto delle nostre pagine web in base al tipo di browser dei visitatori e\/o ad altre informazioni.<\/p>\n<p><span style=\"font-size: 18pt; font-family: georgia, palatino, serif;\"><strong>Cookie DART di Google DoubleClick<\/strong><\/span><\/p>\n<p>Google \u00e8 uno dei fornitori terzi del nostro sito. Utilizza inoltre cookie, noti come cookie DART, per proporre annunci ai visitatori del nostro sito in base alla loro visita a www.website.com e ad altri siti Internet. Tuttavia, i visitatori possono scegliere di rifiutare l&#8217;uso dei cookie DART visitando l&#8217;Informativa sulla privacy della rete di annunci e contenuti di Google al seguente URL &#8211; https:\/\/policies.google.com\/technologies\/ads<\/p>\n<p><span style=\"font-size: 18pt; font-family: georgia, palatino, serif;\"><strong>I nostri partner pubblicitari<\/strong><\/span><\/p>\n<p>Alcuni inserzionisti del nostro sito possono utilizzare cookie e web beacon. I nostri partner pubblicitari sono elencati di seguito. Ciascuno dei nostri partner pubblicitari dispone di una propria Informativa sulla privacy per quanto riguarda i dati degli utenti. Per facilitarne l&#8217;accesso, di seguito riportiamo i collegamenti ipertestuali alle rispettive informative sulla privacy.<\/p>\n<ul>\n<li>Google: <a href=\"https:\/\/policies.google.com\/privacy\" target=\"_blank\" rel=\"noopener\">https:\/\/policies.google.com\/privacy<\/a><\/li>\n<\/ul>\n<p><span style=\"font-family: georgia, palatino, serif; font-size: 18pt;\"><strong>Politiche sulla privacy<\/strong><\/span><\/p>\n<p>\u00c8 possibile consultare questo elenco per trovare l&#8217;informativa sulla privacy di ciascuno dei partner pubblicitari di Cyprus Real Estate.<\/p>\n<p>I server pubblicitari di terze parti o le reti pubblicitarie utilizzano tecnologie come cookie, JavaScript o Web Beacon che vengono utilizzati nei rispettivi annunci e link che appaiono su Cyprus Real Estate e che vengono inviati direttamente al browser degli utenti. In questo caso, ricevono automaticamente il vostro indirizzo IP. Queste tecnologie vengono utilizzate per misurare l&#8217;efficacia delle loro campagne pubblicitarie e\/o per personalizzare i contenuti pubblicitari visualizzati sui siti web visitati.<\/p>\n<p>Si noti che Cyprus Real Estate team non ha accesso o controllo su questi cookie utilizzati da inserzionisti terzi.<\/p>\n<p><span style=\"font-family: georgia, palatino, serif; font-size: 18pt;\"><strong>Politiche sulla privacy di terzi<\/strong><\/span><\/p>\n<p>L&#8217;Informativa sulla privacy di Cyprus Real Estate non si applica ad altri inserzionisti o siti web. Pertanto, vi consigliamo di consultare le rispettive politiche sulla privacy di questi server pubblicitari di terze parti per informazioni pi\u00f9 dettagliate. Pu\u00f2 includere le loro pratiche e le istruzioni su come rinunciare a determinate opzioni.<\/p>\n<p>L&#8217;utente pu\u00f2 scegliere di disabilitare i cookie attraverso le opzioni del proprio browser. Per informazioni pi\u00f9 dettagliate sulla gestione dei cookie con specifici browser web, \u00e8 possibile consultare i rispettivi siti web dei browser.<\/p>\n<p><span style=\"font-size: 18pt; font-family: georgia, palatino, serif;\"><strong>Come proteggiamo le vostre informazioni<\/strong><\/span><\/p>\n<p>Adottiamo appropriate pratiche di raccolta, archiviazione ed elaborazione dei dati e misure di sicurezza per proteggere dall&#8217;accesso non autorizzato, dall&#8217;alterazione, dalla divulgazione o dalla distruzione delle informazioni personali, del nome utente, della password, delle informazioni sulle transazioni e dei dati archiviati sul nostro Sito.<\/p>\n<p><span style=\"font-size: 18pt; font-family: georgia, palatino, serif;\"><strong>Condivisione delle informazioni personali<\/strong><\/span><\/p>\n<p>Non vendiamo, scambiamo o affittiamo a terzi le informazioni di identificazione personale dei visitatori o degli utenti. Possiamo condividere informazioni demografiche generiche aggregate non collegate ad alcuna informazione di identificazione personale riguardante i visitatori e gli utenti con i nostri partner commerciali, affiliati di fiducia e inserzionisti per gli scopi sopra descritti.<\/p>\n<p><span style=\"font-family: georgia, palatino, serif; font-size: 18pt;\"><strong>Modifiche alla presente informativa sulla privacy<\/strong><\/span><\/p>\n<p>Abbiamo la facolt\u00e0 di aggiornare questa politica sulla privacy in qualsiasi momento. Quando lo faremo, rivedremo la data aggiornata in fondo a questa pagina. Invitiamo gli utenti a controllare frequentemente questa pagina per eventuali modifiche, in modo da rimanere informati su come stiamo contribuendo a proteggere le informazioni personali che raccogliamo. L&#8217;utente riconosce e accetta che \u00e8 sua responsabilit\u00e0 rivedere periodicamente la presente informativa sulla privacy e venire a conoscenza delle modifiche apportate.<\/p>\n<p><span style=\"font-size: 18pt; font-family: georgia, palatino, serif;\"><strong>Solo l&#8217;informativa sulla privacy online<\/strong><\/span><\/p>\n<p>La nostra Politica sulla privacy si applica solo alle nostre attivit\u00e0 online ed \u00e8 valida per i visitatori del nostro sito web per quanto riguarda le informazioni che hanno condiviso e\/o raccolto in Cyprus Real Estate. Questa politica non \u00e8 applicabile a qualsiasi informazione raccolta offline o tramite canali diversi da questo sito web.<\/p>\n<p><span style=\"font-family: georgia, palatino, serif; font-size: 18pt;\"><strong>L&#8217;accettazione delle presenti condizioni<\/strong><\/span><\/p>\n<p>L&#8217;utilizzo di questo Sito implica l&#8217;accettazione di questa politica. Se non si accetta questa politica, si prega di non utilizzare il nostro Sito. L&#8217;uso continuato del Sito da parte dell&#8217;utente dopo la pubblicazione di modifiche a questa politica sar\u00e0 considerato come accettazione di tali modifiche.<\/p>\n","protected":false},"excerpt":{"rendered":"<p>La presente Informativa sulla privacy disciplina il modo in cui il team Cyprus Real Estate raccoglie, utilizza, conserva e divulga le informazioni raccolte dai visitatori e dagli utenti (ciascuno, un &#8220;Utente&#8221;) del sito web (&#8220;Sito&#8221;), accessibile dal sito http:\/\/cy-realty.com\/. Questa politica sulla privacy si applica al Sito e a tutti i prodotti e servizi offerti dal team Cyprus Real Estate. Una delle nostre principali &#8230;<\/p>\n","protected":false},"author":1,"featured_media":0,"parent":0,"menu_order":0,"comment_status":"closed","ping_status":"closed","template":"gdpr_terms.php","meta":{"inline_featured_image":false,"footnotes":""},"class_list":["post-25019","page","type-page","status-publish","hentry"],"_links":{"self":[{"href":"https:\/\/cy-realty.com\/it\/wp-json\/wp\/v2\/pages\/25019","targetHints":{"allow":["GET"]}}],"collection":[{"href":"https:\/\/cy-realty.com\/it\/wp-json\/wp\/v2\/pages"}],"about":[{"href":"https:\/\/cy-realty.com\/it\/wp-json\/wp\/v2\/types\/page"}],"author":[{"embeddable":true,"href":"https:\/\/cy-realty.com\/it\/wp-json\/wp\/v2\/users\/1"}],"replies":[{"embeddable":true,"href":"https:\/\/cy-realty.com\/it\/wp-json\/wp\/v2\/comments?post=25019"}],"version-history":[{"count":0,"href":"https:\/\/cy-realty.com\/it\/wp-json\/wp\/v2\/pages\/25019\/revisions"}],"wp:attachment":[{"href":"https:\/\/cy-realty.com\/it\/wp-json\/wp\/v2\/media?parent=25019"}],"curies":[{"name":"wp","href":"https:\/\/api.w.org\/{rel}","templated":true}]}}