{"id":24917,"date":"2023-11-02T14:46:48","date_gmt":"2023-11-02T11:46:48","guid":{"rendered":"https:\/\/cy-realty.com\/elenco-delle-proprieta-tutte-le-proprieta\/"},"modified":"2024-05-22T15:13:59","modified_gmt":"2024-05-22T12:13:59","slug":"immobiliare","status":"publish","type":"page","link":"https:\/\/cy-realty.com\/it\/immobiliare\/","title":{"rendered":"Acquistare immobili a Cipro"},"content":{"rendered":"\t\t<div data-elementor-type=\"wp-page\" data-elementor-id=\"24917\" class=\"elementor elementor-24917 elementor-93\">\n\t\t\t\t<div class=\"elementor-element elementor-element-44210b86 e-flex e-con-boxed e-con e-parent\" data-id=\"44210b86\" data-element_type=\"container\">\n\t\t\t\t\t<div class=\"e-con-inner\">\n\t\t\t\t<div class=\"elementor-element elementor-element-6a929663 elementor-widget elementor-widget-text-editor\" data-id=\"6a929663\" data-element_type=\"widget\" data-widget_type=\"text-editor.default\">\n\t\t\t\t<div class=\"elementor-widget-container\">\n\t\t\t\t\t\t\t\n<p><span style=\"font-family: georgia, palatino, serif; font-size: 12pt; color: #333333;\">Scoprite una squisita gamma di propriet\u00e0 a Cipro, ognuna delle quali \u00e8 un rifugio sereno immerso nel Mediterraneo. Il nostro portafoglio comprende localit\u00e0 d&#8217;\u00e9lite ideali per gli investimenti o per uno stile di vita tranquillo. Acquistate una fetta di paradiso su quest&#8217;isola baciata dal sole, dove si fondono acque azzurre e lusso moderno. Che siate alla ricerca di accoglienti appartamenti sul mare o di sfarzose ville con ampie vedute sul mare, la nostra offerta si estende sia a Cipro Nord che a Cipro Sud. In qualit\u00e0 di agenzia immobiliare dedicata, offriamo un&#8217;ampia selezione e un supporto completo alle transazioni. Siete pronti ad acquistare un pezzo di paradiso cipriota? Fate il passo verso la vostra aspirazione: contattateci subito per saperne di pi\u00f9 sull&#8217;acquisto di una propriet\u00e0 a Cipro.<\/span><\/p>\n\t\t\t\t\t\t<\/div>\n\t\t\t\t<\/div>\n\t\t\t\t\t<\/div>\n\t\t\t\t<\/div>\n\t\t\t\t<\/div>\n\t\t","protected":false},"excerpt":{"rendered":"<p>Scoprite una squisita gamma di propriet\u00e0 a Cipro, ognuna delle quali \u00e8 un rifugio sereno immerso nel Mediterraneo. Il nostro portafoglio comprende localit\u00e0 d&#8217;\u00e9lite ideali per gli investimenti o per uno stile di vita tranquillo. Acquistate una fetta di paradiso su quest&#8217;isola baciata dal sole, dove si fondono acque azzurre e lusso moderno. Che siate alla ricerca di accoglienti appartamenti sul mare o di &#8230;<\/p>\n","protected":false},"author":1,"featured_media":0,"parent":0,"menu_order":0,"comment_status":"open","ping_status":"closed","template":"property_list.php","meta":{"inline_featured_image":false,"footnotes":""},"class_list":["post-24917","page","type-page","status-publish","hentry"],"_links":{"self":[{"href":"https:\/\/cy-realty.com\/it\/wp-json\/wp\/v2\/pages\/24917","targetHints":{"allow":["GET"]}}],"collection":[{"href":"https:\/\/cy-realty.com\/it\/wp-json\/wp\/v2\/pages"}],"about":[{"href":"https:\/\/cy-realty.com\/it\/wp-json\/wp\/v2\/types\/page"}],"author":[{"embeddable":true,"href":"https:\/\/cy-realty.com\/it\/wp-json\/wp\/v2\/users\/1"}],"replies":[{"embeddable":true,"href":"https:\/\/cy-realty.com\/it\/wp-json\/wp\/v2\/comments?post=24917"}],"version-history":[{"count":0,"href":"https:\/\/cy-realty.com\/it\/wp-json\/wp\/v2\/pages\/24917\/revisions"}],"wp:attachment":[{"href":"https:\/\/cy-realty.com\/it\/wp-json\/wp\/v2\/media?parent=24917"}],"curies":[{"name":"wp","href":"https:\/\/api.w.org\/{rel}","templated":true}]}}