{"id":24755,"date":"2023-09-25T21:10:05","date_gmt":"2023-09-25T18:10:05","guid":{"rendered":"https:\/\/cy-realty.com\/pagina-iniziale\/"},"modified":"2023-10-18T17:47:27","modified_gmt":"2023-10-18T14:47:27","slug":"pagina-iniziale","status":"publish","type":"page","link":"https:\/\/cy-realty.com\/it\/pagina-iniziale\/","title":{"rendered":"Pagina iniziale"},"content":{"rendered":"\n<p>Scoprite l&#8217;affascinante fascino di Cipro attraverso i nostri ampi annunci immobiliari. In North Cyprus Residence fondiamo l&#8217;arte di vivere cipriota con la scienza immobiliare, assicurandovi una casa che non \u00e8 solo un edificio, ma uno stile di vita.<\/p>\n\n<p><strong>Perch\u00e9 scegliere il Residence Cipro Nord?<\/strong><\/p>\n\n<ol class=\"wp-block-list\">\n<li><strong>Competenza su cui contare<\/strong>: con anni di esperienza nel mercato immobiliare di Cipro, i nostri agenti qualificati conoscono le complessit\u00e0 dell&#8217;acquisto e della vendita di immobili. Non vendiamo solo case, vendiamo l&#8217;esperienza cipriota.<\/li>\n\n\n\n<li><strong>Annunci su misura<\/strong>: Il nostro database completo \u00e8 continuamente aggiornato, per garantirvi l&#8217;accesso alle migliori propriet\u00e0 che si adattano alle vostre esigenze e al vostro budget.<\/li>\n\n\n\n<li><strong>Approfondimenti locali<\/strong>: Oltre alle propriet\u00e0, offriamo approfondimenti sulle comunit\u00e0 locali, le scuole, i servizi e lo stile di vita. Scoprite cosa offre ogni quartiere e trovate un luogo che vi appartenga veramente.<\/li>\n\n\n\n<li><strong>Processi trasparenti<\/strong>: Siamo orgogliosi del nostro approccio trasparente ed etico. Nessun costo nascosto, nessuna sorpresa. Solo un servizio onesto e professionale.<\/li>\n\n\n\n<li><strong>Assistenza completa<\/strong>: Dalle procedure legali al trasloco, vi assistiamo in ogni fase. La nostra collaborazione con i fornitori di servizi locali garantisce una transizione senza problemi.<\/li>\n\n\n\n<li><strong>Assistenza post-vendita stellare<\/strong>: Il nostro rapporto non si esaurisce con la vendita. Offriamo un&#8217;assistenza continua, assicurandoci che siate sistemati e soddisfatti nella vostra nuova casa.<\/li>\n\n\n\n<li><strong>Opportunit\u00e0 di investimento ottimali<\/strong>: Cipro offre un mercato immobiliare redditizio con propriet\u00e0 che mostrano un forte apprezzamento. I nostri agenti sono addestrati a individuare le migliori opportunit\u00e0 di investimento per ottenere il massimo ROI.<\/li>\n<\/ol>\n\n<p><strong>Scoprite la bellezza di Cipro<\/strong><\/p>\n\n<p>Spiagge di sabbia dorata, acque azzurre, siti storici e un ricco arazzo culturale: Cipro \u00e8 pi\u00f9 di una destinazione, \u00e8 un viaggio di scoperta. Noi di North Cyprus Residence vi aiutiamo a intraprendere questo viaggio, assicurandoci che troviate una residenza che sia pi\u00f9 di una casa, una casa.<\/p>\n\n<p>Contattateci oggi stesso e trasformiamo il vostro sogno cipriota in realt\u00e0.<\/p>\n","protected":false},"excerpt":{"rendered":"<p>Scoprite l&#8217;affascinante fascino di Cipro attraverso i nostri ampi annunci immobiliari. In North Cyprus Residence fondiamo l&#8217;arte di vivere cipriota con la scienza immobiliare, assicurandovi una casa che non \u00e8 solo un edificio, ma uno stile di vita. Perch\u00e9 scegliere il Residence Cipro Nord? Scoprite la bellezza di Cipro Spiagge di sabbia dorata, acque azzurre, siti storici e un ricco arazzo culturale: Cipro \u00e8 &#8230;<\/p>\n","protected":false},"author":1,"featured_media":0,"parent":0,"menu_order":0,"comment_status":"closed","ping_status":"closed","template":"","meta":{"inline_featured_image":false,"footnotes":""},"class_list":["post-24755","page","type-page","status-publish","hentry"],"_links":{"self":[{"href":"https:\/\/cy-realty.com\/it\/wp-json\/wp\/v2\/pages\/24755","targetHints":{"allow":["GET"]}}],"collection":[{"href":"https:\/\/cy-realty.com\/it\/wp-json\/wp\/v2\/pages"}],"about":[{"href":"https:\/\/cy-realty.com\/it\/wp-json\/wp\/v2\/types\/page"}],"author":[{"embeddable":true,"href":"https:\/\/cy-realty.com\/it\/wp-json\/wp\/v2\/users\/1"}],"replies":[{"embeddable":true,"href":"https:\/\/cy-realty.com\/it\/wp-json\/wp\/v2\/comments?post=24755"}],"version-history":[{"count":0,"href":"https:\/\/cy-realty.com\/it\/wp-json\/wp\/v2\/pages\/24755\/revisions"}],"wp:attachment":[{"href":"https:\/\/cy-realty.com\/it\/wp-json\/wp\/v2\/media?parent=24755"}],"curies":[{"name":"wp","href":"https:\/\/api.w.org\/{rel}","templated":true}]}}