{"id":30428,"date":"2023-12-09T13:15:03","date_gmt":"2023-12-09T10:15:03","guid":{"rendered":"https:\/\/cy-realty.com\/larnaca-property-for-sale\/"},"modified":"2026-03-29T14:12:05","modified_gmt":"2026-03-29T11:12:05","slug":"immobilien-larnaka-kaufen","status":"publish","type":"page","link":"https:\/\/cy-realty.com\/de\/immobilien-larnaka-kaufen\/","title":{"rendered":"Immobilien in Larnaka kaufen"},"content":{"rendered":"\n<div class=\"landing-hero\">\n<h2 class=\"landing-hero-title\">Immobilien in Larnaka kaufen \u2013 Leben und Investieren am Meer<\/h2>\n\n<p class=\"landing-hero-text\">\n<strong>Immobilien in Larnaka kaufen<\/strong> bedeutet eine ausgewogene Kombination aus Lebensqualit\u00e4t, Infrastruktur und stabiler Nachfrage. Die Stadt \u00fcberzeugt durch ihren internationalen Flughafen, eine gewachsene K\u00fcstenstruktur und ganzj\u00e4hrige Nutzung \u2013 sowohl f\u00fcr Eigennutzer als auch f\u00fcr Kapitalanleger.\n<\/p>\n\n<p class=\"landing-hero-text\">\nDer Immobilienmarkt in Larnaka gilt als berechenbar und nachhaltig. Im Vergleich zu dynamischeren Regionen profitieren K\u00e4ufer hier von moderaten Einstiegspreisen und stabilen Entwicklungen. Besonders gefragt sind <a href=\"\/de\/wohnungen-zypern-kaufen\/\"><strong>Wohnungen auf Zypern<\/strong><\/a> in Strandn\u00e4he sowie ausgew\u00e4hlte <a href=\"\/de\/villen-zypern-kaufen\/\"><strong>Villen auf Zypern<\/strong><\/a> in ruhigen Wohnlagen.\n<\/p>\n\n<p class=\"landing-hero-text\">\nViele K\u00e4ufer analysieren vor dem Kauf sowohl die <a href=\"\/de\/immobilienpreise-zypern-analyse\/\"><strong>Immobilienpreise auf Zypern<\/strong><\/a> als auch die <a href=\"\/de\/mietrendite-immobilien-zypern\/\"><strong>Mietrendite<\/strong><\/a>, um die langfristige Perspektive richtig einzusch\u00e4tzen.\n<\/p>\n\n<p class=\"landing-hero-text\">\nWenn Sie <strong>Immobilien in Larnaka kaufen<\/strong>, sollten Sie auch rechtliche Aspekte ber\u00fccksichtigen. Eine fundierte Orientierung bietet der <a href=\"\/de\/immobilienkauf-zypern-leitfaden\/\"><strong>Leitfaden zum Immobilienkauf auf Zypern<\/strong><\/a>.\n<\/p>\n\n<p class=\"landing-hero-text\">\nVergleichen Sie au\u00dferdem andere Regionen wie <a href=\"\/de\/immobilien-limassol-kaufen\/\"><strong>Immobilien in Limassol<\/strong><\/a> oder <a href=\"\/de\/immobilien-paphos-kaufen\/\"><strong>Immobilien in Paphos<\/strong><\/a>, um die passende Lage f\u00fcr Ihre Ziele zu finden.\n<\/p>\n\n<div class=\"inv-cta\">\n<a class=\"inv-btn inv-btn-primary\" href=\"\/de\/immobilien-besichtigungsreise-zypern\/\">Besichtigungsreise planen<\/a>\n<a class=\"inv-btn inv-btn-ghost\" href=\"https:\/\/wa.me\/905488556751\" target=\"_blank\" rel=\"noopener\">WhatsApp (Schneller Kontakt)<\/a>\n<\/div>\n\n<div class=\"landing-search-links\">\nBeliebte Suchen:\n<a href=\"\/de\/immobilien-zypern\/\"><strong>Immobilien auf Zypern<\/strong><\/a>\n<a href=\"\/de\/immobilien-regionen-zypern\/\"><strong>Regionen auf Zypern<\/strong><\/a>\n<a href=\"\/de\/wohnungen-zypern-kaufen\/\"><strong>Wohnungen kaufen<\/strong><\/a>\n<a href=\"\/de\/villen-zypern-kaufen\/\"><strong>Villen kaufen<\/strong><\/a>\n\n<\/div>\n\n<\/div>\n","protected":false},"excerpt":{"rendered":"<p>Immobilien in Larnaka kaufen \u2013 Leben und Investieren am Meer Immobilien in Larnaka kaufen bedeutet eine ausgewogene Kombination aus Lebensqualit\u00e4t, Infrastruktur und stabiler Nachfrage. Die Stadt \u00fcberzeugt durch ihren internationalen Flughafen, eine gewachsene K\u00fcstenstruktur und ganzj\u00e4hrige Nutzung \u2013 sowohl f\u00fcr Eigennutzer als auch f\u00fcr Kapitalanleger. Der Immobilienmarkt in Larnaka gilt als berechenbar und nachhaltig. Im Vergleich zu dynamischeren Regionen profitieren K\u00e4ufer hier von moderaten &#8230;<\/p>\n","protected":false},"author":1,"featured_media":0,"parent":0,"menu_order":0,"comment_status":"closed","ping_status":"closed","template":"property_list.php","meta":{"inline_featured_image":false,"footnotes":""},"class_list":["post-30428","page","type-page","status-publish","hentry"],"_links":{"self":[{"href":"https:\/\/cy-realty.com\/de\/wp-json\/wp\/v2\/pages\/30428","targetHints":{"allow":["GET"]}}],"collection":[{"href":"https:\/\/cy-realty.com\/de\/wp-json\/wp\/v2\/pages"}],"about":[{"href":"https:\/\/cy-realty.com\/de\/wp-json\/wp\/v2\/types\/page"}],"author":[{"embeddable":true,"href":"https:\/\/cy-realty.com\/de\/wp-json\/wp\/v2\/users\/1"}],"replies":[{"embeddable":true,"href":"https:\/\/cy-realty.com\/de\/wp-json\/wp\/v2\/comments?post=30428"}],"version-history":[{"count":2,"href":"https:\/\/cy-realty.com\/de\/wp-json\/wp\/v2\/pages\/30428\/revisions"}],"predecessor-version":[{"id":38340,"href":"https:\/\/cy-realty.com\/de\/wp-json\/wp\/v2\/pages\/30428\/revisions\/38340"}],"wp:attachment":[{"href":"https:\/\/cy-realty.com\/de\/wp-json\/wp\/v2\/media?parent=30428"}],"curies":[{"name":"wp","href":"https:\/\/api.w.org\/{rel}","templated":true}]}}