{"id":30361,"date":"2023-12-09T12:05:40","date_gmt":"2023-12-09T09:05:40","guid":{"rendered":"https:\/\/cy-realty.com\/esentepe-immobilien-zu-verkaufen\/"},"modified":"2026-03-28T23:50:02","modified_gmt":"2026-03-28T20:50:02","slug":"immobilien-esentepe-kaufen","status":"publish","type":"page","link":"https:\/\/cy-realty.com\/de\/immobilien-esentepe-kaufen\/","title":{"rendered":"Immobilien in Esentepe kaufen"},"content":{"rendered":"\n<div class=\"landing-hero\">\n<h2 class=\"landing-hero-title\">Warum ziehen Immobilien in Esentepe mit Meerblick anspruchsvolle K\u00e4ufer an?<\/h2>\n\n<p class=\"landing-hero-text\">\n<strong>Immobilien in Esentepe<\/strong> zeichnen sich durch ihre ruhige Lage, weite Ausblicke auf das Meer und die N\u00e4he zur Natur aus. Die Region wird von K\u00e4ufern gew\u00e4hlt, die einen zur\u00fcckgezogenen Lebensstil sowie hochwertige Immobilien in weniger verdichteter Umgebung suchen.\n<\/p>\n\n<p class=\"landing-hero-text\">\nDas Gebiet ist besonders interessant f\u00fcr Investoren, die die <a href=\"\/de\/mietrendite-immobilien-zypern\/\"><strong>Mietrendite von Immobilien in Zypern<\/strong><\/a> analysieren, insbesondere bei Projekten nahe K\u00fcste und Freizeitinfrastruktur. Esentepe bietet einen selektiveren Markt als klassische K\u00fcstenstandorte.\n<\/p>\n\n<p class=\"landing-hero-text\">\nGefragt sind vor allem <a href=\"\/de\/wohnungen-zypern-kaufen\/\"><strong>Wohnungen in Zypern<\/strong><\/a> mit Meerblick sowie <a href=\"\/de\/villen-zypern-kaufen\/\"><strong>Villen in Zypern<\/strong><\/a> in Anlagen mit gehobenem Ausstattungsstandard. Die Lage spricht zudem K\u00e4ufer an, die Immobilien in der N\u00e4he von Golfpl\u00e4tzen und Naturfl\u00e4chen suchen.\n<\/p>\n\n<p class=\"landing-hero-text\">\nAuch die Sicherheit des Erwerbs spielt eine Rolle \u2014 lesen Sie <a href=\"\/de\/immobilienkauf-nordzypern-sicherheit-leitfaden\/\"><strong>wie sicher der Immobilienkauf in Nordzypern ist<\/strong><\/a>, um den Ablauf besser zu verstehen.\n<\/p>\n\n<p class=\"landing-hero-text\">\nZum Vergleich empfehlen sich auch <a href=\"\/de\/immobilien-kyrenia-kaufen\/\"><strong>Immobilien in Kyrenia<\/strong><\/a> sowie <a href=\"\/de\/immobilien-iskele-kaufen\/\"><strong>Immobilien in Iskele<\/strong><\/a>, um Unterschiede in Lage und Entwicklung einzuordnen.\n<\/p>\n\n<div class=\"inv-cta\">\n<a class=\"inv-btn inv-btn-primary\" href=\"\/de\/immobilien-besichtigungsreise-zypern\/\">Besichtigungsreise planen<\/a>\n<a class=\"inv-btn inv-btn-ghost\" href=\"https:\/\/wa.me\/905488556751\" target=\"_blank\" rel=\"noopener\">WhatsApp (Schneller Kontakt)<\/a>\n<\/div>\n\n<div class=\"landing-search-links\">\nBeliebte Suchanfragen:\n<a href=\"\/de\/immobilien-zypern\/\"><strong>Immobilien in Zypern<\/strong><\/a>\n<a href=\"\/de\/immobilien-regionen-zypern\/\"><strong>Regionen f\u00fcr Immobilien in Zypern<\/strong><\/a>\n<a href=\"\/de\/immobilien-kyrenia-kaufen\/\"><strong>Immobilien in Kyrenia<\/strong><\/a>\n<a href=\"\/de\/immobilien-iskele-kaufen\/\"><strong>Immobilien in Iskele<\/strong><\/a>\n<a href=\"#\">Immobilien Esentepe am Meer<\/a>\n<a href=\"#\">Wohnungen in Esentepe<\/a>\n<a href=\"#\">Investitionen in Esentepe<\/a>\n<a href=\"#\">Immobilien am Golfplatz<\/a>\n<\/div>\n\n<\/div>\n","protected":false},"excerpt":{"rendered":"<p>Warum ziehen Immobilien in Esentepe mit Meerblick anspruchsvolle K\u00e4ufer an? Immobilien in Esentepe zeichnen sich durch ihre ruhige Lage, weite Ausblicke auf das Meer und die N\u00e4he zur Natur aus. Die Region wird von K\u00e4ufern gew\u00e4hlt, die einen zur\u00fcckgezogenen Lebensstil sowie hochwertige Immobilien in weniger verdichteter Umgebung suchen. Das Gebiet ist besonders interessant f\u00fcr Investoren, die die Mietrendite von Immobilien in Zypern analysieren, insbesondere &#8230;<\/p>\n","protected":false},"author":1,"featured_media":0,"parent":0,"menu_order":0,"comment_status":"closed","ping_status":"closed","template":"property_list.php","meta":{"inline_featured_image":false,"footnotes":""},"class_list":["post-30361","page","type-page","status-publish","hentry"],"_links":{"self":[{"href":"https:\/\/cy-realty.com\/de\/wp-json\/wp\/v2\/pages\/30361","targetHints":{"allow":["GET"]}}],"collection":[{"href":"https:\/\/cy-realty.com\/de\/wp-json\/wp\/v2\/pages"}],"about":[{"href":"https:\/\/cy-realty.com\/de\/wp-json\/wp\/v2\/types\/page"}],"author":[{"embeddable":true,"href":"https:\/\/cy-realty.com\/de\/wp-json\/wp\/v2\/users\/1"}],"replies":[{"embeddable":true,"href":"https:\/\/cy-realty.com\/de\/wp-json\/wp\/v2\/comments?post=30361"}],"version-history":[{"count":1,"href":"https:\/\/cy-realty.com\/de\/wp-json\/wp\/v2\/pages\/30361\/revisions"}],"predecessor-version":[{"id":38307,"href":"https:\/\/cy-realty.com\/de\/wp-json\/wp\/v2\/pages\/30361\/revisions\/38307"}],"wp:attachment":[{"href":"https:\/\/cy-realty.com\/de\/wp-json\/wp\/v2\/media?parent=30361"}],"curies":[{"name":"wp","href":"https:\/\/api.w.org\/{rel}","templated":true}]}}