{"id":25035,"date":"2023-10-31T10:07:53","date_gmt":"2023-10-31T07:07:53","guid":{"rendered":"https:\/\/cy-realty.com\/datenschutzbestimmungen-2\/"},"modified":"2023-10-31T10:30:01","modified_gmt":"2023-10-31T07:30:01","slug":"datenschutzbestimmungen-2","status":"publish","type":"page","link":"https:\/\/cy-realty.com\/de\/datenschutzbestimmungen-2\/","title":{"rendered":"Datenschutzbestimmungen"},"content":{"rendered":"<p>Diese Datenschutzrichtlinie regelt die Art und Weise, in der Cyprus Real Estate Team Informationen von Besuchern und Nutzern (jeweils ein &#8222;Nutzer&#8220;) der Website (&#8222;Site&#8220;), die \u00fcber http:\/\/cy-realty.com\/ zug\u00e4nglich ist, sammelt, verwendet, pflegt und offenlegt. Diese Datenschutzpolitik gilt f\u00fcr die Website und alle Produkte und Dienstleistungen, die von Cyprus Real Estate Team angeboten werden. Eine unserer wichtigsten Priorit\u00e4ten ist der Schutz der Privatsph\u00e4re unserer Besucher und Nutzer. Wenn Sie weitere Fragen haben oder mehr Informationen \u00fcber unsere Datenschutzpolitik ben\u00f6tigen, z\u00f6gern Sie nicht, uns zu kontaktieren.<\/p>\n<p><span style=\"font-family: georgia, palatino, serif; font-size: 18pt;\"><strong>Allgemeine Datenschutzverordnung (GDPR)<\/strong><\/span><\/p>\n<p>Wir sind f\u00fcr die Datenverarbeitung Ihrer Informationen verantwortlich.<\/p>\n<p>Die Rechtsgrundlage f\u00fcr die Erfassung und Verwendung der in dieser Datenschutzrichtlinie beschriebenen pers\u00f6nlichen Daten h\u00e4ngt von den pers\u00f6nlichen Daten ab, die wir erfassen, sowie von dem spezifischen Kontext, in dem wir die Daten erfassen:<\/p>\n<ul>\n<li>Cyprus Real Estate muss einen Vertrag mit Ihnen abschlie\u00dfen<\/li>\n<li>Sie haben Cyprus Real Estate die Erlaubnis gegeben, dies zu tun<\/li>\n<li>Die Verarbeitung Ihrer pers\u00f6nlichen Daten liegt im berechtigten Interesse von Cyprus Real Estate<\/li>\n<li>Zypern-Immobilien m\u00fcssen dem Gesetz entsprechen<\/li>\n<\/ul>\n<p>Cyprus Real Estate wird Ihre pers\u00f6nlichen Daten nur so lange aufbewahren, wie es f\u00fcr die in dieser Datenschutzrichtlinie dargelegten Zwecke erforderlich ist. Wir werden Ihre Daten in dem Ma\u00dfe aufbewahren und verwenden, wie es notwendig ist, um unseren rechtlichen Verpflichtungen nachzukommen, Streitigkeiten zu schlichten und unsere Richtlinien durchzusetzen.<\/p>\n<p>Wenn Sie im Europ\u00e4ischen Wirtschaftsraum (EWR) ans\u00e4ssig sind, haben Sie bestimmte Datenschutzrechte. Wenn Sie wissen m\u00f6chten, welche pers\u00f6nlichen Daten wir \u00fcber Sie gespeichert haben und wenn Sie m\u00f6chten, dass diese aus unseren Systemen entfernt werden, kontaktieren Sie uns bitte.<\/p>\n<p>Unter bestimmten Umst\u00e4nden haben Sie die folgenden Datenschutzrechte:<\/p>\n<ul>\n<li>das Recht auf Zugang, Aktualisierung oder L\u00f6schung der Informationen, die wir \u00fcber Sie haben<\/li>\n<li>Das Recht auf Berichtigung<\/li>\n<li>Das Recht auf Widerspruch<\/li>\n<li>Das Recht auf Beschr\u00e4nkung<\/li>\n<li>Das Recht auf Daten\u00fcbertragbarkeit<\/li>\n<li>Das Recht auf Widerruf der Zustimmung<\/li>\n<\/ul>\n<p><span style=\"font-size: 18pt; font-family: georgia, palatino, serif;\"><strong>Informationen zur pers\u00f6nlichen Identifizierung<\/strong><\/span><\/p>\n<p>Wir k\u00f6nnen pers\u00f6nliche Identifikationsdaten von Benutzern auf verschiedene Weise in Verbindung mit Aktivit\u00e4ten, Diensten, Funktionen oder Ressourcen, die wir auf unserer Website zur Verf\u00fcgung stellen, sammeln. Die Nutzer k\u00f6nnen unsere Website anonym besuchen. Wir sammeln pers\u00f6nliche Identifikationsdaten von Nutzern nur dann, wenn sie uns diese Informationen freiwillig \u00fcbermitteln. Die Nutzer k\u00f6nnen die Angabe von pers\u00f6nlichen Daten jederzeit verweigern, allerdings kann dies dazu f\u00fchren, dass sie nicht an bestimmten Aktivit\u00e4ten auf der Website teilnehmen k\u00f6nnen.<\/p>\n<p><span style=\"font-family: georgia, palatino, serif; font-size: 18pt;\"><strong>Nicht-personenbezogene Identifikationsdaten<\/strong><\/span><\/p>\n<p>Wir k\u00f6nnen nicht-personenbezogene Identifizierungsdaten \u00fcber Benutzer sammeln, wenn diese mit unserer Website interagieren. Zu den nicht personenbezogenen Identifizierungsdaten geh\u00f6ren der Name des Browsers, die Art des Computers und technische Informationen \u00fcber die Art der Verbindung des Nutzers mit unserer Website, wie z. B. das Betriebssystem und der genutzte Internetdienstanbieter, sowie andere \u00e4hnliche Informationen.<\/p>\n<p><span style=\"font-size: 18pt; font-family: georgia, palatino, serif;\"><strong>Informationen f\u00fcr Kinder<\/strong><\/span><\/p>\n<p>Ein weiterer Schwerpunkt ist der Schutz von Kindern bei der Nutzung des Internets. Wir ermutigen Eltern und Erziehungsberechtigte, die Online-Aktivit\u00e4ten der Kinder zu beobachten, an ihnen teilzunehmen und\/oder sie zu \u00fcberwachen und anzuleiten.<\/p>\n<p>Das Zypern-Immobilienteam sammelt wissentlich keine pers\u00f6nlichen Daten von Kindern unter 13 Jahren. Wenn Sie der Meinung sind, dass Ihr Kind diese Art von Informationen auf unserer Website angegeben hat, sollten Sie sich umgehend mit uns in Verbindung setzen, und wir werden unser Bestes tun, um diese Informationen umgehend aus unseren Unterlagen zu entfernen.<\/p>\n<p><span style=\"font-family: georgia, palatino, serif; font-size: 18pt;\"><strong>Log-Dateien<\/strong><\/span><\/p>\n<p>Das Team von Cyprus Real Estate arbeitet standardm\u00e4\u00dfig mit Protokolldateien. Diese Dateien protokollieren den Besuch von Websites. Alle Hosting-Unternehmen tun dies und es ist Teil der Analyse der Hosting-Dienste. Zu den in den Protokolldateien erfassten Informationen geh\u00f6ren Internetprotokolladressen (IP-Adressen), Browsertyp, Internetdienstanbieter (ISP), Datums- und Zeitstempel, verweisende und verlassende Seiten und m\u00f6glicherweise die Anzahl der Klicks. Diese sind nicht mit Informationen verkn\u00fcpft, die eine pers\u00f6nliche Identifizierung erm\u00f6glichen. Der Zweck dieser Daten ist die Analyse von Trends, die Verwaltung der Website, die Verfolgung der Bewegungen der Nutzer auf der Website und die Erfassung demografischer Daten.<\/p>\n<p><span style=\"font-size: 18pt; font-family: georgia, palatino, serif;\"><strong>Webbrowser-Cookies<\/strong><\/span><\/p>\n<p>Wie jede andere Website kann auch unsere Website &#8222;Cookies&#8220; verwenden, um die Benutzerfreundlichkeit zu verbessern. Der Webbrowser des Nutzers legt Cookies auf seiner Festplatte ab, um Daten zu speichern und manchmal auch, um Informationen \u00fcber den Nutzer zu verfolgen. Die Nutzer k\u00f6nnen ihren Webbrowser so einstellen, dass er Cookies ablehnt oder sie warnt, wenn Cookies gesendet werden. In diesem Fall ist zu beachten, dass einige Teile der Website m\u00f6glicherweise nicht ordnungsgem\u00e4\u00df funktionieren.<\/p>\n<p>Diese Cookies werden verwendet, um Informationen zu speichern, einschlie\u00dflich der Pr\u00e4ferenzen der Besucher und der Seiten auf der Website, die der Besucher aufgerufen oder besucht hat. Die Informationen werden verwendet, um die Nutzererfahrung zu optimieren, indem wir den Inhalt unserer Webseiten auf der Grundlage des Browsertyps und\/oder anderer Informationen der Besucher anpassen.<\/p>\n<p><span style=\"font-size: 18pt; font-family: georgia, palatino, serif;\"><strong>Google DoubleClick DART-Cookie<\/strong><\/span><\/p>\n<p>Google ist einer der Drittanbieter auf unserer Website. Es verwendet auch Cookies, so genannte DART-Cookies, um Anzeigen f\u00fcr unsere Website-Besucher auf der Grundlage ihres Besuchs auf www.website.com und anderen Websites im Internet zu schalten. Besucher k\u00f6nnen jedoch die Verwendung von DART-Cookies ablehnen, indem sie die Datenschutzbestimmungen des Google-Anzeigen- und Content-Netzwerks unter der folgenden URL aufrufen: https:\/\/policies.google.com\/technologies\/ads<\/p>\n<p><span style=\"font-size: 18pt; font-family: georgia, palatino, serif;\"><strong>Unsere Werbepartner<\/strong><\/span><\/p>\n<p>Einige der Werbetreibenden auf unserer Website k\u00f6nnen Cookies und Web Beacons verwenden. Unsere Werbepartner sind unten aufgef\u00fchrt. Jeder unserer Werbepartner hat seine eigenen Datenschutzrichtlinien f\u00fcr den Umgang mit Nutzerdaten. Zur Erleichterung des Zugriffs haben wir die Datenschutzrichtlinien der einzelnen L\u00e4nder mit Hyperlinks versehen.<\/p>\n<ul>\n<li>Google: <a href=\"https:\/\/policies.google.com\/privacy\" target=\"_blank\" rel=\"noopener\">https:\/\/policies.google.com\/privacy<\/a><\/li>\n<\/ul>\n<p><span style=\"font-family: georgia, palatino, serif; font-size: 18pt;\"><strong>Datenschutzrichtlinien<\/strong><\/span><\/p>\n<p>Sie k\u00f6nnen diese Liste konsultieren, um die Datenschutzbestimmungen f\u00fcr jeden der Werbepartner von Cyprus Real Estate zu finden.<\/p>\n<p>Werbeserver oder Werbenetzwerke von Drittanbietern verwenden Technologien wie Cookies, JavaScript oder Web Beacons, die in ihren jeweiligen Anzeigen und Links verwendet werden, die auf Cyprus Real Estate erscheinen und direkt an den Browser des Nutzers gesendet werden. In diesem Fall erhalten sie automatisch Ihre IP-Adresse. Diese Technologien werden verwendet, um die Wirksamkeit ihrer Werbekampagnen zu messen und\/oder die Werbeinhalte, die Sie auf den von Ihnen besuchten Websites sehen, zu personalisieren.<\/p>\n<p>Beachten Sie, dass Cyprus Real Estate Team keinen Zugang zu oder Kontrolle \u00fcber diese Cookies hat, die von Drittanbietern verwendet werden.<\/p>\n<p><span style=\"font-family: georgia, palatino, serif; font-size: 18pt;\"><strong>Datenschutzrichtlinien von Dritten<\/strong><\/span><\/p>\n<p>Die Datenschutzrichtlinie von Cyprus Real Estate gilt nicht f\u00fcr andere Werbetreibende oder Websites. Wir raten Ihnen daher, die jeweiligen Datenschutzrichtlinien dieser Drittanbieter-Anzeigenserver zu konsultieren, um weitere Informationen zu erhalten. Darin k\u00f6nnen ihre Praktiken und Anweisungen zur Ablehnung bestimmter Optionen enthalten sein.<\/p>\n<p>Sie k\u00f6nnen Cookies in den Einstellungen Ihres Browsers deaktivieren. Ausf\u00fchrlichere Informationen zur Cookie-Verwaltung mit bestimmten Webbrowsern finden Sie auf den jeweiligen Websites der Browser.<\/p>\n<p><span style=\"font-size: 18pt; font-family: georgia, palatino, serif;\"><strong>Wie wir Ihre Informationen sch\u00fctzen<\/strong><\/span><\/p>\n<p>Wir wenden angemessene Verfahren zur Datenerfassung, -speicherung und -verarbeitung sowie Sicherheitsma\u00dfnahmen an, um Ihre pers\u00f6nlichen Daten, Ihren Benutzernamen, Ihr Passwort, Ihre Transaktionsdaten und die auf unserer Website gespeicherten Daten vor unbefugtem Zugriff, Ver\u00e4nderung, Offenlegung oder Zerst\u00f6rung zu sch\u00fctzen.<\/p>\n<p><span style=\"font-size: 18pt; font-family: georgia, palatino, serif;\"><strong>Weitergabe Ihrer pers\u00f6nlichen Informationen<\/strong><\/span><\/p>\n<p>Wir verkaufen, tauschen oder vermieten keine pers\u00f6nlichen Identifikationsdaten von Besuchern oder Benutzern an andere. Wir k\u00f6nnen allgemeine, zusammengefasste demografische Daten, die nicht mit pers\u00f6nlichen Identifikationsdaten \u00fcber Besucher und Nutzer verkn\u00fcpft sind, zu den oben genannten Zwecken an unsere Gesch\u00e4ftspartner, vertrauensw\u00fcrdige Tochtergesellschaften und Werbetreibende weitergeben.<\/p>\n<p><span style=\"font-family: georgia, palatino, serif; font-size: 18pt;\"><strong>\u00c4nderungen an dieser Datenschutzrichtlinie<\/strong><\/span><\/p>\n<p>Es liegt in unserem Ermessen, diese Datenschutzrichtlinie jederzeit zu aktualisieren. Wenn dies der Fall ist, werden wir das aktualisierte Datum am Ende dieser Seite \u00e4ndern. Wir ermutigen die Benutzer, diese Seite regelm\u00e4\u00dfig auf \u00c4nderungen zu \u00fcberpr\u00fcfen, um dar\u00fcber informiert zu bleiben, wie wir die von uns erfassten pers\u00f6nlichen Daten sch\u00fctzen. Sie erkennen an und stimmen zu, dass es in Ihrer Verantwortung liegt, diese Datenschutzerkl\u00e4rung regelm\u00e4\u00dfig zu \u00fcberpr\u00fcfen und sich \u00fcber \u00c4nderungen zu informieren.<\/p>\n<p><span style=\"font-size: 18pt; font-family: georgia, palatino, serif;\"><strong>Nur Online-Datenschutzerkl\u00e4rung<\/strong><\/span><\/p>\n<p>Unsere Datenschutzbestimmungen gelten nur f\u00fcr unsere Online-Aktivit\u00e4ten und f\u00fcr die Besucher unserer Website in Bezug auf die Informationen, die sie an Cyprus Real Estate weitergeben und\/oder dort sammeln. Diese Richtlinie gilt nicht f\u00fcr Informationen, die offline oder \u00fcber andere Kan\u00e4le als diese Website gesammelt werden.<\/p>\n<p><span style=\"font-family: georgia, palatino, serif; font-size: 18pt;\"><strong>Ihre Zustimmung zu diesen Bedingungen<\/strong><\/span><\/p>\n<p>Durch die Nutzung dieser Website erkl\u00e4ren Sie Ihr Einverst\u00e4ndnis mit dieser Politik. Wenn Sie mit dieser Politik nicht einverstanden sind, nutzen Sie unsere Website bitte nicht. Ihre fortgesetzte Nutzung der Website nach der Ver\u00f6ffentlichung von \u00c4nderungen an dieser Richtlinie wird als Ihre Zustimmung zu diesen \u00c4nderungen angesehen.<\/p>\n","protected":false},"excerpt":{"rendered":"<p>Diese Datenschutzrichtlinie regelt die Art und Weise, in der Cyprus Real Estate Team Informationen von Besuchern und Nutzern (jeweils ein &#8222;Nutzer&#8220;) der Website (&#8222;Site&#8220;), die \u00fcber http:\/\/cy-realty.com\/ zug\u00e4nglich ist, sammelt, verwendet, pflegt und offenlegt. Diese Datenschutzpolitik gilt f\u00fcr die Website und alle Produkte und Dienstleistungen, die von Cyprus Real Estate Team angeboten werden. Eine unserer wichtigsten Priorit\u00e4ten ist der Schutz der Privatsph\u00e4re unserer Besucher &#8230;<\/p>\n","protected":false},"author":1,"featured_media":0,"parent":0,"menu_order":0,"comment_status":"closed","ping_status":"closed","template":"gdpr_terms.php","meta":{"inline_featured_image":false,"footnotes":""},"class_list":["post-25035","page","type-page","status-publish","hentry"],"_links":{"self":[{"href":"https:\/\/cy-realty.com\/de\/wp-json\/wp\/v2\/pages\/25035","targetHints":{"allow":["GET"]}}],"collection":[{"href":"https:\/\/cy-realty.com\/de\/wp-json\/wp\/v2\/pages"}],"about":[{"href":"https:\/\/cy-realty.com\/de\/wp-json\/wp\/v2\/types\/page"}],"author":[{"embeddable":true,"href":"https:\/\/cy-realty.com\/de\/wp-json\/wp\/v2\/users\/1"}],"replies":[{"embeddable":true,"href":"https:\/\/cy-realty.com\/de\/wp-json\/wp\/v2\/comments?post=25035"}],"version-history":[{"count":0,"href":"https:\/\/cy-realty.com\/de\/wp-json\/wp\/v2\/pages\/25035\/revisions"}],"wp:attachment":[{"href":"https:\/\/cy-realty.com\/de\/wp-json\/wp\/v2\/media?parent=25035"}],"curies":[{"name":"wp","href":"https:\/\/api.w.org\/{rel}","templated":true}]}}