{"id":24952,"date":"2015-02-19T09:48:19","date_gmt":"2015-02-19T06:48:19","guid":{"rendered":"https:\/\/cy-realty.com\/kontakt\/"},"modified":"2026-03-30T22:08:22","modified_gmt":"2026-03-30T19:08:22","slug":"kontakt","status":"publish","type":"page","link":"https:\/\/cy-realty.com\/de\/kontakt\/","title":{"rendered":"Kontakt"},"content":{"rendered":"\t\t<div data-elementor-type=\"wp-page\" data-elementor-id=\"24952\" class=\"elementor elementor-24952 elementor-5707\">\n\t\t\t\t<div class=\"elementor-element elementor-element-13db5bbb e-flex e-con-boxed e-con e-parent\" data-id=\"13db5bbb\" data-element_type=\"container\">\n\t\t\t\t\t<div class=\"e-con-inner\">\n\t\t\t\t<div class=\"elementor-element elementor-element-402b4edc elementor-widget elementor-widget-text-editor\" data-id=\"402b4edc\" data-element_type=\"widget\" data-widget_type=\"text-editor.default\">\n\t\t\t\t<div class=\"elementor-widget-container\">\n\t\t\t\t\t\t\t<p>\nTeilen Sie uns mit, welche Art von <strong>Immobilien in Zypern<\/strong> Sie suchen. Wir stellen passende Optionen basierend auf Ihrem Budget, bevorzugter Lage und Ihren Immobilienzielen zusammen.\n<\/p>\n\n<ul>\n<li><a href=\"https:\/\/cy-realty.com\/de\/wohnungen-zypern-kaufen\/\"><strong>Wohnungen in Zypern kaufen<\/strong><\/a> \u2013 moderne Apartments nahe am Meer und in Resortanlagen<\/li>\n\n<li><a href=\"https:\/\/cy-realty.com\/de\/villen-zypern-kaufen\/\"><strong>Villen in Zypern kaufen<\/strong><\/a> \u2013 private H\u00e4user mit Garten, Pool und Meerblick<\/li>\n\n<li><a href=\"https:\/\/cy-realty.com\/de\/penthouses-zypern\/\"><strong>Penthouses in Zypern<\/strong><\/a> \u2013 exklusive Dachwohnungen mit gro\u00dfz\u00fcgigen Terrassen<\/li>\n<\/ul>\n\n<p>\nViele internationale K\u00e4ufer interessieren sich f\u00fcr Immobilien in K\u00fcstenregionen wie \n<a href=\"https:\/\/cy-realty.com\/de\/immobilien-iskele-kaufen\/\"><strong>Iskele<\/strong><\/a>, \n<a href=\"https:\/\/cy-realty.com\/de\/immobilien-esentepe-kaufen\/\"><strong>Esentepe<\/strong><\/a> und \n<a href=\"https:\/\/cy-realty.com\/de\/immobilien-kyrenia-kaufen\/\"><strong>Kyrenia<\/strong><\/a>. \n<\/p>\n\n<p>\nKontaktieren Sie uns jetzt oder senden Sie Ihre Anfrage \u2013 wir melden uns schnell mit passenden Immobilienangeboten in Zypern.\n<\/p>\t\t\t\t\t\t<\/div>\n\t\t\t\t<\/div>\n\t\t\t\t\t<\/div>\n\t\t\t\t<\/div>\n\t\t\t\t<\/div>\n\t\t","protected":false},"excerpt":{"rendered":"<p>Teilen Sie uns mit, welche Art von Immobilien in Zypern Sie suchen. Wir stellen passende Optionen basierend auf Ihrem Budget, bevorzugter Lage und Ihren Immobilienzielen zusammen. Wohnungen in Zypern kaufen \u2013 moderne Apartments nahe am Meer und in Resortanlagen Villen in Zypern kaufen \u2013 private H\u00e4user mit Garten, Pool und Meerblick Penthouses in Zypern \u2013 exklusive Dachwohnungen mit gro\u00dfz\u00fcgigen Terrassen Viele internationale K\u00e4ufer interessieren &#8230;<\/p>\n","protected":false},"author":1,"featured_media":0,"parent":0,"menu_order":0,"comment_status":"open","ping_status":"closed","template":"contact_page.php","meta":{"inline_featured_image":false,"footnotes":""},"class_list":["post-24952","page","type-page","status-publish","hentry"],"_links":{"self":[{"href":"https:\/\/cy-realty.com\/de\/wp-json\/wp\/v2\/pages\/24952","targetHints":{"allow":["GET"]}}],"collection":[{"href":"https:\/\/cy-realty.com\/de\/wp-json\/wp\/v2\/pages"}],"about":[{"href":"https:\/\/cy-realty.com\/de\/wp-json\/wp\/v2\/types\/page"}],"author":[{"embeddable":true,"href":"https:\/\/cy-realty.com\/de\/wp-json\/wp\/v2\/users\/1"}],"replies":[{"embeddable":true,"href":"https:\/\/cy-realty.com\/de\/wp-json\/wp\/v2\/comments?post=24952"}],"version-history":[{"count":3,"href":"https:\/\/cy-realty.com\/de\/wp-json\/wp\/v2\/pages\/24952\/revisions"}],"predecessor-version":[{"id":38431,"href":"https:\/\/cy-realty.com\/de\/wp-json\/wp\/v2\/pages\/24952\/revisions\/38431"}],"wp:attachment":[{"href":"https:\/\/cy-realty.com\/de\/wp-json\/wp\/v2\/media?parent=24952"}],"curies":[{"name":"wp","href":"https:\/\/api.w.org\/{rel}","templated":true}]}}