{"id":24923,"date":"2014-05-24T13:51:08","date_gmt":"2014-05-24T10:51:08","guid":{"rendered":"https:\/\/cy-realty.com\/nutzungsbedingungen\/"},"modified":"2023-10-31T08:23:31","modified_gmt":"2023-10-31T05:23:31","slug":"nutzungsbedingungen","status":"publish","type":"page","link":"https:\/\/cy-realty.com\/de\/nutzungsbedingungen\/","title":{"rendered":"Nutzungsbedingungen"},"content":{"rendered":"<p>Diese Datenschutzrichtlinie regelt die Art und Weise, in der Cyprus Real Estate die von den Nutzern (jeweils ein &#8222;Nutzer&#8220;) der Website (<a href=\"https:\/\/cy-realty.com\/de\/\">&#8222;Site<\/a>&#8222;) gesammelten Informationen sammelt, verwendet, pflegt und offenlegt. Diese Datenschutzrichtlinie gilt f\u00fcr die Website und alle von Cyprus Real Estate angebotenen Produkte und Dienstleistungen.<\/p>\n<p><b>Informationen zur pers\u00f6nlichen Identifizierung<\/b><\/p>\n<p>Wir k\u00f6nnen pers\u00f6nliche Identifikationsdaten von Benutzern auf verschiedene Weise in Verbindung mit Aktivit\u00e4ten, Diensten, Funktionen oder Ressourcen, die wir auf unserer Website zur Verf\u00fcgung stellen, sammeln. Die Nutzer k\u00f6nnen unsere Website anonym besuchen. Wir sammeln pers\u00f6nliche Identifikationsdaten von Nutzern nur dann, wenn sie uns diese Informationen freiwillig \u00fcbermitteln. Die Nutzer k\u00f6nnen die Angabe von pers\u00f6nlichen Daten jederzeit verweigern, allerdings kann dies dazu f\u00fchren, dass sie nicht an bestimmten Aktivit\u00e4ten auf der Website teilnehmen k\u00f6nnen.<\/p>\n<p><b>Nicht-personenbezogene Identifikationsdaten<\/b><\/p>\n<p>Wir k\u00f6nnen nicht-personenbezogene Identifizierungsdaten \u00fcber Benutzer sammeln, wenn diese mit unserer Website interagieren. Zu den nicht personenbezogenen Identifizierungsdaten geh\u00f6ren der Name des Browsers, die Art des Computers und technische Informationen \u00fcber die Art der Verbindung des Nutzers mit unserer Website, wie z. B. das Betriebssystem und der genutzte Internetdienstanbieter, sowie andere \u00e4hnliche Informationen.<\/p>\n<p><b>Webbrowser-Cookies<\/b><\/p>\n<p>Unsere Website kann &#8222;Cookies&#8220; verwenden, um die Benutzererfahrung zu verbessern. Der Webbrowser des Nutzers legt Cookies auf seiner Festplatte ab, um Daten zu speichern und manchmal auch, um Informationen \u00fcber den Nutzer zu verfolgen. Die Nutzer k\u00f6nnen ihren Webbrowser so einstellen, dass er Cookies ablehnt oder sie warnt, wenn Cookies gesendet werden. In diesem Fall ist zu beachten, dass einige Teile der Website m\u00f6glicherweise nicht ordnungsgem\u00e4\u00df funktionieren.<\/p>\n<p><b>Wie wir Ihre Informationen sch\u00fctzen<\/b><\/p>\n<p>Wir wenden angemessene Verfahren zur Datenerfassung, -speicherung und -verarbeitung sowie Sicherheitsma\u00dfnahmen an, um Ihre pers\u00f6nlichen Daten, Ihren Benutzernamen, Ihr Passwort, Ihre Transaktionsdaten und die auf unserer Website gespeicherten Daten vor unbefugtem Zugriff, Ver\u00e4nderung, Offenlegung oder Zerst\u00f6rung zu sch\u00fctzen.<\/p>\n<p><b>Weitergabe Ihrer pers\u00f6nlichen Informationen<\/b><\/p>\n<p>Wir verkaufen, tauschen oder vermieten die pers\u00f6nlichen Daten der Benutzer nicht an andere. Wir k\u00f6nnen allgemeine, zusammengefasste demografische Daten, die nicht mit pers\u00f6nlichen Identifikationsdaten \u00fcber Besucher und Nutzer verkn\u00fcpft sind, zu den oben genannten Zwecken an unsere Gesch\u00e4ftspartner, vertrauensw\u00fcrdige Tochtergesellschaften und Werbetreibende weitergeben.<\/p>\n<p><b>\u00c4nderungen an dieser Datenschutzrichtlinie<\/b><\/p>\n<p>Cyprus Real Estate hat die M\u00f6glichkeit, diese Datenschutzrichtlinie jederzeit zu aktualisieren. Wenn dies der Fall ist, werden wir das aktualisierte Datum am Ende dieser Seite \u00e4ndern. Wir ermutigen die Benutzer, diese Seite regelm\u00e4\u00dfig auf \u00c4nderungen zu \u00fcberpr\u00fcfen, um dar\u00fcber informiert zu bleiben, wie wir die von uns erfassten pers\u00f6nlichen Daten sch\u00fctzen. Sie erkennen an und stimmen zu, dass es in Ihrer Verantwortung liegt, diese Datenschutzerkl\u00e4rung regelm\u00e4\u00dfig zu \u00fcberpr\u00fcfen und sich \u00fcber \u00c4nderungen zu informieren.<\/p>\n<p><b>Ihre Zustimmung zu diesen Bedingungen<\/b><\/p>\n<p>Durch die Nutzung dieser Website erkl\u00e4ren Sie Ihr Einverst\u00e4ndnis mit dieser Politik. Wenn Sie mit dieser Politik nicht einverstanden sind, nutzen Sie unsere Website bitte nicht. Ihre fortgesetzte Nutzung der Website nach der Ver\u00f6ffentlichung von \u00c4nderungen an dieser Richtlinie wird als Ihre Zustimmung zu diesen \u00c4nderungen angesehen.<\/p>\n","protected":false},"excerpt":{"rendered":"<p>Diese Datenschutzrichtlinie regelt die Art und Weise, in der Cyprus Real Estate die von den Nutzern (jeweils ein &#8222;Nutzer&#8220;) der Website (&#8222;Site&#8222;) gesammelten Informationen sammelt, verwendet, pflegt und offenlegt. Diese Datenschutzrichtlinie gilt f\u00fcr die Website und alle von Cyprus Real Estate angebotenen Produkte und Dienstleistungen. Informationen zur pers\u00f6nlichen Identifizierung Wir k\u00f6nnen pers\u00f6nliche Identifikationsdaten von Benutzern auf verschiedene Weise in Verbindung mit Aktivit\u00e4ten, Diensten, Funktionen &#8230;<\/p>\n","protected":false},"author":1,"featured_media":0,"parent":0,"menu_order":0,"comment_status":"closed","ping_status":"closed","template":"terms_conditions.php","meta":{"inline_featured_image":false,"footnotes":""},"class_list":["post-24923","page","type-page","status-publish","hentry"],"_links":{"self":[{"href":"https:\/\/cy-realty.com\/de\/wp-json\/wp\/v2\/pages\/24923","targetHints":{"allow":["GET"]}}],"collection":[{"href":"https:\/\/cy-realty.com\/de\/wp-json\/wp\/v2\/pages"}],"about":[{"href":"https:\/\/cy-realty.com\/de\/wp-json\/wp\/v2\/types\/page"}],"author":[{"embeddable":true,"href":"https:\/\/cy-realty.com\/de\/wp-json\/wp\/v2\/users\/1"}],"replies":[{"embeddable":true,"href":"https:\/\/cy-realty.com\/de\/wp-json\/wp\/v2\/comments?post=24923"}],"version-history":[{"count":0,"href":"https:\/\/cy-realty.com\/de\/wp-json\/wp\/v2\/pages\/24923\/revisions"}],"wp:attachment":[{"href":"https:\/\/cy-realty.com\/de\/wp-json\/wp\/v2\/media?parent=24923"}],"curies":[{"name":"wp","href":"https:\/\/api.w.org\/{rel}","templated":true}]}}