{"id":24912,"date":"2023-11-13T21:45:09","date_gmt":"2023-11-13T18:45:09","guid":{"rendered":"https:\/\/cy-realty.com\/agentenliste-seitenleiste-links\/"},"modified":"2023-11-04T09:26:47","modified_gmt":"2023-11-04T06:26:47","slug":"makler","status":"publish","type":"page","link":"https:\/\/cy-realty.com\/de\/makler\/","title":{"rendered":"Treffen Sie Ihren pers\u00f6nlichen Immobilienmakler auf Zypern"},"content":{"rendered":"<p>Wir verstehen uns nicht nur als Immobilienmakler, sondern auch als Ihr pers\u00f6nlicher Navigator durch das vielf\u00e4ltige Angebot an zypriotischen H\u00e4usern und Wohnungen. Arbeiten Sie mit uns zusammen, um die Vorteile zu nutzen, die sich aus dem gro\u00dfen Engagement, dem Wissen und der Erfahrung ergeben, die Sie von einem gro\u00dfen Unternehmen erwarten, gepaart mit der pers\u00f6nlichen Betreuung eines kundenorientierten Boutique-Unternehmens.<\/p>\n<p>M\u00f6chten Sie auf Zypern eine Immobilie kaufen oder mieten? Mit Cyprus Residence ist es einfach und benutzerfreundlich, die perfekte Wohnung zu finden. Nutzen Sie unser exklusives Geolocation-Mapping-Tool, um Ihre ideale Villa, Ihr Stadthaus oder Ihr Apartment zu finden und direkt mit den Eigent\u00fcmern zu kommunizieren. Wir helfen Ihnen dabei, in wenigen Minuten Ihr Traumhaus zu finden.<\/p>\n<p>Verpassen Sie nichts &#8211; kontaktieren Sie uns noch heute per Telefon oder WhatsApp, oder senden Sie uns Ihre Anfrage \u00fcber das Feedback-Formular auf unserer Website. Ihr vertrauensw\u00fcrdiger Makler in der zypriotischen Immobilienwelt wartet darauf, Ihren Traum zu verwirklichen<\/p>\n","protected":false},"excerpt":{"rendered":"<p>Wir verstehen uns nicht nur als Immobilienmakler, sondern auch als Ihr pers\u00f6nlicher Navigator durch das vielf\u00e4ltige Angebot an zypriotischen H\u00e4usern und Wohnungen. Arbeiten Sie mit uns zusammen, um die Vorteile zu nutzen, die sich aus dem gro\u00dfen Engagement, dem Wissen und der Erfahrung ergeben, die Sie von einem gro\u00dfen Unternehmen erwarten, gepaart mit der pers\u00f6nlichen Betreuung eines kundenorientierten Boutique-Unternehmens. M\u00f6chten Sie auf Zypern eine &#8230;<\/p>\n","protected":false},"author":1,"featured_media":0,"parent":0,"menu_order":0,"comment_status":"open","ping_status":"closed","template":"agents_list.php","meta":{"inline_featured_image":false,"footnotes":""},"class_list":["post-24912","page","type-page","status-publish","hentry"],"_links":{"self":[{"href":"https:\/\/cy-realty.com\/de\/wp-json\/wp\/v2\/pages\/24912","targetHints":{"allow":["GET"]}}],"collection":[{"href":"https:\/\/cy-realty.com\/de\/wp-json\/wp\/v2\/pages"}],"about":[{"href":"https:\/\/cy-realty.com\/de\/wp-json\/wp\/v2\/types\/page"}],"author":[{"embeddable":true,"href":"https:\/\/cy-realty.com\/de\/wp-json\/wp\/v2\/users\/1"}],"replies":[{"embeddable":true,"href":"https:\/\/cy-realty.com\/de\/wp-json\/wp\/v2\/comments?post=24912"}],"version-history":[{"count":0,"href":"https:\/\/cy-realty.com\/de\/wp-json\/wp\/v2\/pages\/24912\/revisions"}],"wp:attachment":[{"href":"https:\/\/cy-realty.com\/de\/wp-json\/wp\/v2\/media?parent=24912"}],"curies":[{"name":"wp","href":"https:\/\/api.w.org\/{rel}","templated":true}]}}