{"id":24902,"date":"2023-11-02T14:46:48","date_gmt":"2023-11-02T11:46:48","guid":{"rendered":"https:\/\/cy-realty.com\/eigenschaftenliste-alle-eigenschaften\/"},"modified":"2026-03-30T15:11:40","modified_gmt":"2026-03-30T12:11:40","slug":"immobilien-zypern","status":"publish","type":"page","link":"https:\/\/cy-realty.com\/de\/immobilien-zypern\/","title":{"rendered":"Immobilien in Zypern kaufen"},"content":{"rendered":"\t\t<div data-elementor-type=\"wp-page\" data-elementor-id=\"24902\" class=\"elementor elementor-24902 elementor-93\">\n\t\t\t\t<div class=\"elementor-element elementor-element-44210b86 e-flex e-con-boxed e-con e-parent\" data-id=\"44210b86\" data-element_type=\"container\">\n\t\t\t\t\t<div class=\"e-con-inner\">\n\t\t\t\t<div class=\"elementor-element elementor-element-5b97288 elementor-widget elementor-widget-html\" data-id=\"5b97288\" data-element_type=\"widget\" data-widget_type=\"html.default\">\n\t\t\t\t<div class=\"elementor-widget-container\">\n\t\t\t<section class=\"landing-hero\">\r\n\r\n<h2 class=\"landing-hero-title\">Immobilien in Zypern kaufen \u2013 gepr\u00fcfte Objekte nach Regionen und Immobilientypen<\/h2>\r\n\r\n<p class=\"landing-hero-text\">\r\nEntdecken Sie <strong>Immobilien in Zypern<\/strong> mit Zugang zu gepr\u00fcften Angeboten von <a href=\"\/de\/wohnungen-zypern-kaufen\/\"><strong>Wohnungen in Zypern<\/strong><\/a>, <a href=\"\/de\/villen-zypern-kaufen\/\"><strong>Villen in Zypern<\/strong><\/a> und <a href=\"\/de\/penthouses-zypern\/\"><strong>Penth\u00e4usern in Zypern<\/strong><\/a> in den gefragtesten K\u00fcstenregionen. Statt hunderte Angebote zu durchsuchen, finden Sie gezielt passende Optionen nach Standort, Budget und Nutzung.\r\n<\/p>\r\n\r\n<p class=\"landing-hero-text\">\r\nZu den gefragtesten Regionen z\u00e4hlen <a href=\"\/de\/immobilien-iskele-kaufen\/\"><strong>Iskele<\/strong><\/a>, <a href=\"\/de\/immobilien-kyrenia-kaufen\/\"><strong>Kyrenia<\/strong><\/a> und <a href=\"\/de\/immobilien-esentepe-kaufen\/\"><strong>Esentepe<\/strong><\/a>, die besonders bei internationalen K\u00e4ufern gefragt sind. Erg\u00e4nzend k\u00f6nnen Sie M\u00e4rkte wie <a href=\"\/de\/immobilien-larnaka-kaufen\/\">Larnaka<\/a> und <a href=\"\/de\/immobilien-paphos-kaufen\/\">Paphos<\/a> direkt vergleichen.\r\n<\/p>\r\n\r\n<div class=\"inv-cta\">\r\n<a class=\"inv-btn inv-btn-primary\" href=\"\/de\/immobilien-besichtigungsreise-zypern\/\">Besichtigung planen<\/a>\r\n<a class=\"inv-btn inv-btn-ghost\" href=\"https:\/\/wa.me\/905488556751\" target=\"_blank\" rel=\"noopener\">WhatsApp (Schneller Kontakt)<\/a>\r\n<\/div>\r\n\r\n<div class=\"landing-search-links\">\r\nBeliebte Suchanfragen:\r\n<a href=\"\/de\/regionen-zypern-immobilien-vergleich\/\"><strong>Regionen in Zypern vergleichen<\/strong><\/a>\r\n<a href=\"\/de\/immobilien-kapitalanlage-zypern\/\"><strong>Immobilien als Kapitalanlage<\/strong><\/a>\r\n<a href=\"\/de\/immobilienkauf-zypern-leitfaden\/\">Immobilienkauf in Zypern<\/a>\r\n<a href=\"\/de\/immobilienpreise-zypern-analyse\/\">Immobilienpreise in Zypern<\/a>\r\n<a href=\"\/de\/mietrendite-immobilien-zypern\/\">Mietrendite Immobilien Zypern<\/a>\r\n<\/div>\r\n\r\n<\/section>\t\t<\/div>\n\t\t\t\t<\/div>\n\t\t\t\t\t<\/div>\n\t\t\t\t<\/div>\n\t\t\t\t<\/div>\n\t\t","protected":false},"excerpt":{"rendered":"<p>Immobilien in Zypern kaufen \u2013 gepr\u00fcfte Objekte nach Regionen und Immobilientypen Entdecken Sie Immobilien in Zypern mit Zugang zu gepr\u00fcften Angeboten von Wohnungen in Zypern, Villen in Zypern und Penth\u00e4usern in Zypern in den gefragtesten K\u00fcstenregionen. Statt hunderte Angebote zu durchsuchen, finden Sie gezielt passende Optionen nach Standort, Budget und Nutzung. Zu den gefragtesten Regionen z\u00e4hlen Iskele, Kyrenia und Esentepe, die besonders bei internationalen &#8230;<\/p>\n","protected":false},"author":1,"featured_media":0,"parent":0,"menu_order":0,"comment_status":"open","ping_status":"closed","template":"property_list.php","meta":{"inline_featured_image":false,"footnotes":""},"class_list":["post-24902","page","type-page","status-publish","hentry"],"_links":{"self":[{"href":"https:\/\/cy-realty.com\/de\/wp-json\/wp\/v2\/pages\/24902","targetHints":{"allow":["GET"]}}],"collection":[{"href":"https:\/\/cy-realty.com\/de\/wp-json\/wp\/v2\/pages"}],"about":[{"href":"https:\/\/cy-realty.com\/de\/wp-json\/wp\/v2\/types\/page"}],"author":[{"embeddable":true,"href":"https:\/\/cy-realty.com\/de\/wp-json\/wp\/v2\/users\/1"}],"replies":[{"embeddable":true,"href":"https:\/\/cy-realty.com\/de\/wp-json\/wp\/v2\/comments?post=24902"}],"version-history":[{"count":16,"href":"https:\/\/cy-realty.com\/de\/wp-json\/wp\/v2\/pages\/24902\/revisions"}],"predecessor-version":[{"id":38417,"href":"https:\/\/cy-realty.com\/de\/wp-json\/wp\/v2\/pages\/24902\/revisions\/38417"}],"wp:attachment":[{"href":"https:\/\/cy-realty.com\/de\/wp-json\/wp\/v2\/media?parent=24902"}],"curies":[{"name":"wp","href":"https:\/\/api.w.org\/{rel}","templated":true}]}}