{"id":24753,"date":"2023-09-25T21:10:05","date_gmt":"2023-09-25T18:10:05","guid":{"rendered":"https:\/\/cy-realty.com\/hauptseite\/"},"modified":"2023-10-18T17:47:27","modified_gmt":"2023-10-18T14:47:27","slug":"hauptseite","status":"publish","type":"page","link":"https:\/\/cy-realty.com\/de\/hauptseite\/","title":{"rendered":"Hauptseite"},"content":{"rendered":"\n<p>Entdecken Sie die faszinierende Faszination Zyperns durch unsere umfangreichen Immobilienangebote. Bei North Cyprus Residence verbinden wir die Kunst des zypriotischen Lebens mit der Wissenschaft des Immobilienwesens und stellen sicher, dass Sie ein Haus bekommen, das nicht nur ein Geb\u00e4ude ist, sondern ein Lebensstil.<\/p>\n\n<p><strong>Warum sollten Sie sich f\u00fcr eine Residenz in Nordzypern entscheiden?<\/strong><\/p>\n\n<ol class=\"wp-block-list\">\n<li><strong>Kompetenz, auf die Sie sich verlassen<\/strong> k\u00f6nnen: Mit jahrelanger Erfahrung auf dem zypriotischen Immobilienmarkt kennen unsere qualifizierten Makler die Feinheiten des Kaufs und Verkaufs von Immobilien. Wir verkaufen nicht nur H\u00e4user, wir verkaufen die zypriotische Erfahrung.<\/li>\n\n\n\n<li><strong>Ma\u00dfgeschneiderte Inserate<\/strong>: Unsere umfassende Datenbank wird st\u00e4ndig aktualisiert, damit Sie Zugang zu den besten Immobilien haben, die Ihren individuellen Bed\u00fcrfnissen und Ihrem Budget entsprechen.<\/li>\n\n\n\n<li><strong>Lokale Einblicke<\/strong>: Wir bieten nicht nur Immobilien, sondern auch Einblicke in die \u00f6rtlichen Gemeinden, Schulen, Annehmlichkeiten und den Lebensstil. Informieren Sie sich \u00fcber die Angebote der einzelnen Stadtteile und finden Sie einen Ort, an den Sie wirklich geh\u00f6ren.<\/li>\n\n\n\n<li><strong>Transparente Prozesse<\/strong>: Wir sind stolz auf unseren transparenten und ethischen Ansatz. Keine versteckten Geb\u00fchren, keine \u00dcberraschungen. Einfach ehrlicher, professioneller Service.<\/li>\n\n\n\n<li><strong>Unterst\u00fctzung von Anfang bis Ende<\/strong>: Von den rechtlichen Verfahren bis zum Einzug unterst\u00fctzen wir Sie bei jedem Schritt. Unsere Zusammenarbeit mit lokalen Dienstleistern gew\u00e4hrleistet einen reibungslosen und problemlosen \u00dcbergang.<\/li>\n\n\n\n<li><strong>Erstklassige Unterst\u00fctzung nach dem Kauf<\/strong>: Unsere Beziehung endet nicht mit dem Verkauf. Wir bieten Ihnen kontinuierliche Unterst\u00fctzung, damit Sie sich in Ihrem neuen Zuhause gut einleben und zufrieden sind.<\/li>\n\n\n\n<li><strong>Optimale Investitionsm\u00f6glichkeiten<\/strong>: Zypern bietet einen lukrativen Immobilienmarkt mit Immobilien, die einen hohen Wertzuwachs aufweisen. Unsere Makler sind darin geschult, die besten Investitionsm\u00f6glichkeiten f\u00fcr eine maximale Kapitalrendite zu erkennen.<\/li>\n<\/ol>\n\n<p><strong>Erleben Sie die Sch\u00f6nheit Zyperns<\/strong><\/p>\n\n<p>Goldene Sandstr\u00e4nde, azurblaues Wasser, historische St\u00e4tten und ein reiches kulturelles Angebot &#8211; Zypern ist mehr als ein Reiseziel, es ist eine Entdeckungsreise. Wir von North Cyprus Residence helfen Ihnen, diese Reise anzutreten, und sorgen daf\u00fcr, dass Sie eine Wohnung finden, die mehr ist als ein Haus &#8211; sie ist ein Zuhause.<\/p>\n\n<p>Melden Sie sich noch heute, und lassen Sie uns Ihren zypriotischen Traum verwirklichen.<\/p>\n","protected":false},"excerpt":{"rendered":"<p>Entdecken Sie die faszinierende Faszination Zyperns durch unsere umfangreichen Immobilienangebote. Bei North Cyprus Residence verbinden wir die Kunst des zypriotischen Lebens mit der Wissenschaft des Immobilienwesens und stellen sicher, dass Sie ein Haus bekommen, das nicht nur ein Geb\u00e4ude ist, sondern ein Lebensstil. Warum sollten Sie sich f\u00fcr eine Residenz in Nordzypern entscheiden? Erleben Sie die Sch\u00f6nheit Zyperns Goldene Sandstr\u00e4nde, azurblaues Wasser, historische St\u00e4tten &#8230;<\/p>\n","protected":false},"author":1,"featured_media":0,"parent":0,"menu_order":0,"comment_status":"closed","ping_status":"closed","template":"","meta":{"inline_featured_image":false,"footnotes":""},"class_list":["post-24753","page","type-page","status-publish","hentry"],"_links":{"self":[{"href":"https:\/\/cy-realty.com\/de\/wp-json\/wp\/v2\/pages\/24753","targetHints":{"allow":["GET"]}}],"collection":[{"href":"https:\/\/cy-realty.com\/de\/wp-json\/wp\/v2\/pages"}],"about":[{"href":"https:\/\/cy-realty.com\/de\/wp-json\/wp\/v2\/types\/page"}],"author":[{"embeddable":true,"href":"https:\/\/cy-realty.com\/de\/wp-json\/wp\/v2\/users\/1"}],"replies":[{"embeddable":true,"href":"https:\/\/cy-realty.com\/de\/wp-json\/wp\/v2\/comments?post=24753"}],"version-history":[{"count":0,"href":"https:\/\/cy-realty.com\/de\/wp-json\/wp\/v2\/pages\/24753\/revisions"}],"wp:attachment":[{"href":"https:\/\/cy-realty.com\/de\/wp-json\/wp\/v2\/media?parent=24753"}],"curies":[{"name":"wp","href":"https:\/\/api.w.org\/{rel}","templated":true}]}}